{"id":8467,"date":"2022-02-28T09:44:25","date_gmt":"2022-02-28T08:44:25","guid":{"rendered":"https:\/\/vezelay-compostelle.eu\/geschiedenis\/"},"modified":"2023-11-21T11:53:45","modified_gmt":"2023-11-21T10:53:45","slug":"geschiedenis","status":"publish","type":"page","link":"https:\/\/vezelay-compostelle.eu\/nl\/geschiedenis\/","title":{"rendered":"Geschiedenis"},"content":{"rendered":"\t\t<div data-elementor-type=\"wp-page\" data-elementor-id=\"8467\" class=\"elementor elementor-8467 elementor-2749\" data-elementor-post-type=\"page\">\n\t\t\t\t\t\t<section class=\"elementor-section elementor-top-section elementor-element elementor-element-ad40227 elementor-section-boxed elementor-section-height-default elementor-section-height-default\" data-id=\"ad40227\" data-element_type=\"section\" data-e-type=\"section\">\n\t\t\t\t\t\t<div class=\"elementor-container elementor-column-gap-default\">\n\t\t\t\t\t<div class=\"elementor-column elementor-col-50 elementor-top-column elementor-element elementor-element-436d3d9\" data-id=\"436d3d9\" data-element_type=\"column\" data-e-type=\"column\">\n\t\t\t<div class=\"elementor-widget-wrap elementor-element-populated\">\n\t\t\t\t\t\t<div class=\"elementor-element elementor-element-64fcd31 elementor-widget elementor-widget-image\" data-id=\"64fcd31\" data-element_type=\"widget\" data-e-type=\"widget\" data-widget_type=\"image.default\">\n\t\t\t\t<div class=\"elementor-widget-container\">\n\t\t\t\t\t\t\t\t\t\t\t\t\t\t\t<img fetchpriority=\"high\" decoding=\"async\" width=\"800\" height=\"534\" src=\"https:\/\/vezelay-compostelle.eu\/wp-content\/uploads\/2023\/03\/codex-calixtinus-santiago-compostela-facsimile-edition-01-1024x683.jpg\" class=\"attachment-large size-large wp-image-8362\" alt=\"Codex Calixtinus\" srcset=\"https:\/\/vezelay-compostelle.eu\/wp-content\/uploads\/2023\/03\/codex-calixtinus-santiago-compostela-facsimile-edition-01-1024x683.jpg 1024w, https:\/\/vezelay-compostelle.eu\/wp-content\/uploads\/2023\/03\/codex-calixtinus-santiago-compostela-facsimile-edition-01-300x200.jpg 300w, https:\/\/vezelay-compostelle.eu\/wp-content\/uploads\/2023\/03\/codex-calixtinus-santiago-compostela-facsimile-edition-01-768x512.jpg 768w, https:\/\/vezelay-compostelle.eu\/wp-content\/uploads\/2023\/03\/codex-calixtinus-santiago-compostela-facsimile-edition-01-1536x1024.jpg 1536w, https:\/\/vezelay-compostelle.eu\/wp-content\/uploads\/2023\/03\/codex-calixtinus-santiago-compostela-facsimile-edition-01-2048x1365.jpg 2048w\" sizes=\"(max-width: 800px) 100vw, 800px\" \/>\t\t\t\t\t\t\t\t\t\t\t\t\t\t\t<\/div>\n\t\t\t\t<\/div>\n\t\t\t\t\t<\/div>\n\t\t<\/div>\n\t\t\t\t<div class=\"elementor-column elementor-col-50 elementor-top-column elementor-element elementor-element-3d427a5\" data-id=\"3d427a5\" data-element_type=\"column\" data-e-type=\"column\">\n\t\t\t<div class=\"elementor-widget-wrap elementor-element-populated\">\n\t\t\t\t\t\t<div class=\"elementor-element elementor-element-d2b2cd6 elementor-widget elementor-widget-image\" data-id=\"d2b2cd6\" data-element_type=\"widget\" data-e-type=\"widget\" data-widget_type=\"image.default\">\n\t\t\t\t<div class=\"elementor-widget-container\">\n\t\t\t\t\t\t\t\t\t\t\t\t\t\t\t<img decoding=\"async\" width=\"408\" height=\"481\" src=\"https:\/\/vezelay-compostelle.eu\/wp-content\/uploads\/2023\/03\/histoire-VV-.png\" class=\"attachment-medium_large size-medium_large wp-image-8386\" alt=\"histoire de la Voie de V\u00e9zelay\" srcset=\"https:\/\/vezelay-compostelle.eu\/wp-content\/uploads\/2023\/03\/histoire-VV-.png 408w, https:\/\/vezelay-compostelle.eu\/wp-content\/uploads\/2023\/03\/histoire-VV--254x300.png 254w\" sizes=\"(max-width: 408px) 100vw, 408px\" \/>\t\t\t\t\t\t\t\t\t\t\t\t\t\t\t<\/div>\n\t\t\t\t<\/div>\n\t\t\t\t\t<\/div>\n\t\t<\/div>\n\t\t\t\t\t<\/div>\n\t\t<\/section>\n\t\t\t\t<section class=\"elementor-section elementor-top-section elementor-element elementor-element-5bd8600d elementor-section-boxed elementor-section-height-default elementor-section-height-default\" data-id=\"5bd8600d\" data-element_type=\"section\" data-e-type=\"section\">\n\t\t\t\t\t\t<div class=\"elementor-container elementor-column-gap-default\">\n\t\t\t\t\t<div class=\"elementor-column elementor-col-100 elementor-top-column elementor-element elementor-element-25a579f1\" data-id=\"25a579f1\" data-element_type=\"column\" data-e-type=\"column\">\n\t\t\t<div class=\"elementor-widget-wrap elementor-element-populated\">\n\t\t\t\t\t\t<div class=\"elementor-element elementor-element-50b5aaf title-underline elementor-widget elementor-widget-heading\" data-id=\"50b5aaf\" data-element_type=\"widget\" data-e-type=\"widget\" data-widget_type=\"heading.default\">\n\t\t\t\t<div class=\"elementor-widget-container\">\n\t\t\t\t\t<h1 class=\"elementor-heading-title elementor-size-default\">De geschiedenis van de Weg van V\u00e9zelay<\/h1>\t\t\t\t<\/div>\n\t\t\t\t<\/div>\n\t\t\t\t<div class=\"elementor-element elementor-element-4f71d5f elementor-widget elementor-widget-text-editor\" data-id=\"4f71d5f\" data-element_type=\"widget\" data-e-type=\"widget\" data-widget_type=\"text-editor.default\">\n\t\t\t\t<div class=\"elementor-widget-container\">\n\t\t\t\t\t\t\t\t\t<p><span lang=\"fr-FR\">De route van V\u00e9zelay, die in de <a href=\"https:\/\/vezelay-compostelle.eu\/wp-content\/uploads\/2023\/02\/Codex-Calixtinus.pdf\" target=\"_blank\" rel=\"noopener\">Codex Calixtinus<\/a> wordt genoemd als een van de vier grote pelgrimsroutes naar Santiago de Compostela, verbindt de Basiliek van de Heilige Magdalena in V\u00e9zelay met de Spaanse grens bij Saint-Jean-Pied-de-Port. Hij loopt diagonaal door Frankrijk over bijna 900 kilometer.<\/span> <\/p>\n<p><span lang=\"fr-FR\">De Codex Calixtinus is een werk uit de 12e eeuw. <\/span> <span lang=\"fr-FR\" style=\"font-size: 1rem;\">Het beschrijft de vier Franse routes naar Compostela. De auteur is onbekend! Is het de monnik van Poitevin, Aimery Picaud of Hugues le Poitevin, monnik van V\u00e9zelay? In het algemeen gaat het geschreven woord naar de eerste!<\/span><span style=\"font-size: 1rem;\"> <\/span><\/p>\n<p><span lang=\"fr-FR\">Volgens dit boek moeten op de route drie heiligen worden vereerd:<\/span> <\/p>\n<ul>\n<li>\n<p><span lang=\"fr-FR\">Heilige Maria Magdalena in V\u00e9zelay,<\/span> <\/p>\n<\/li>\n<li>\n<p><span lang=\"fr-FR\">Saint L\u00e9onard in Noblat,<\/span> <\/p>\n<\/li>\n<li>\n<p><span lang=\"fr-FR\">Saint Front in P\u00e9rigueux.<\/span><\/p>\n<\/li>\n<\/ul>\n<p>De Weg van V\u00e9zelay profiteert van een aanzienlijk historisch erfgoed dat afkomstig is van V\u00e9zelay, de eeuwige heuvel waar de eerste kruistochten werden gepredikt, en van de uitzonderlijke invloed in heel Europa van de cultus van Saint-Leonard. <\/p>\n<ul>\n<li>\n<p>In het jaar 2000 werd een pelgrimsroute naar Saint-Jacques op de V\u00e9zelay Historic Way <span style=\"font-family: Liberation Serif, serif;\">\u00ae<\/span> gepubliceerd (<a href=\"https:\/\/vezelay-compostelle.eu\/wp-content\/uploads\/2023\/03\/hommage-a-Monique-Chassain.pdf\" target=\"_blank\" rel=\"noopener\">Chassain-gids bekend als &#8220;gele gids&#8221;<\/a>) <\/p>\n<\/li>\n<\/ul>\n<p><span lang=\"fr-FR\">Vanuit V\u00e9zelay zijn er twee mogelijkheden voor de pelgrim: <\/span><\/p>\n<ul>\n<li><span lang=\"fr-FR\">\u00f3f volg de <strong>noordelijke<\/strong> tak die door <strong>Bourges<\/strong> en zijn kathedraal loopt met zijn talrijke glas-in-loodramen die Sint-Jacques voorstellen<\/span><\/li>\n<li><span lang=\"fr-FR\">of volg de <strong>zuidelijke<\/strong> tak die door <strong>Nevers<\/strong> en zijn kathedraal loopt met de aanwezigheid van een standbeeld van Saint Jacques.<\/span><\/li>\n<\/ul>\n<p><span lang=\"fr-FR\">De twee wegen ontmoeten elkaar in Gargilesse in de Indre, het land van de schilders en George Sand.<\/span> <\/p>\n<p>De landschappen zijn altijd bewonderenswaardig, of het nu de vlakte van Ch\u00e2teauroux is of de heuvels en bossen van Morvan. De architectuur is gevarieerd en sommige gebouwen staan op de werelderfgoedlijst van de <a href=\"https:\/\/whc.unesco.org\/fr\/list\/84\" target=\"_blank\" rel=\"noopener\">UNESCO<\/a>. De Weg van V\u00e9zelay blijft een authentiek en weinig bezocht pad waarop u zich kunt bezinnen, mediteren en herori\u00ebnteren.<\/p>\n\t\t\t\t\t\t\t\t<\/div>\n\t\t\t\t<\/div>\n\t\t\t\t\t<\/div>\n\t\t<\/div>\n\t\t\t\t\t<\/div>\n\t\t<\/section>\n\t\t\t\t<section class=\"elementor-section elementor-top-section elementor-element elementor-element-2cf5c6d elementor-section-boxed elementor-section-height-default elementor-section-height-default\" data-id=\"2cf5c6d\" data-element_type=\"section\" data-e-type=\"section\">\n\t\t\t\t\t\t<div class=\"elementor-container elementor-column-gap-default\">\n\t\t\t\t\t<div class=\"elementor-column elementor-col-100 elementor-top-column elementor-element elementor-element-313badd\" data-id=\"313badd\" data-element_type=\"column\" data-e-type=\"column\">\n\t\t\t<div class=\"elementor-widget-wrap elementor-element-populated\">\n\t\t\t\t\t\t<div class=\"elementor-element elementor-element-4fd9342 elementor-widget elementor-widget-heading\" data-id=\"4fd9342\" data-element_type=\"widget\" data-e-type=\"widget\" data-widget_type=\"heading.default\">\n\t\t\t\t<div class=\"elementor-widget-container\">\n\t\t\t\t\t<h2 class=\"elementor-heading-title elementor-size-default\">De geest van de V\u00e9zelay-weg<\/h2>\t\t\t\t<\/div>\n\t\t\t\t<\/div>\n\t\t\t\t<div class=\"elementor-element elementor-element-ff63077 elementor-widget elementor-widget-text-editor\" data-id=\"ff63077\" data-element_type=\"widget\" data-e-type=\"widget\" data-widget_type=\"text-editor.default\">\n\t\t\t\t<div class=\"elementor-widget-container\">\n\t\t\t\t\t\t\t\t\t<p>Als we de Weg van V\u00e9zelay beter willen onderscheiden van andere Franse wegen, als we willen proberen beter te begrijpen wat haar een bijzondere persoonlijkheid geeft, moeten we, zo lijkt ons, ons bewust worden van haar eigen specifieke kenmerken&#8230;<\/p>\n<p>Het profiteert van een aanzienlijk historisch erfgoed: met de Sainte-Madeleine-basiliek van V\u00e9zelay en de cultus van Saint-L\u00e9onard ten noorden van Limoges. <span style=\"font-size: 1rem;\">Deze uitstraling is te danken aan het graf van Saint-L\u00e9onard de Noblat en aan het religieuze, culturele en artistieke prestige van de abdij Saint-Martial in Limoges.<\/span><\/p>\n<p>En niet te vergeten unieke plaatsen als de kathedralen van Bourges, Nevers en P\u00e9rigueux, en beroemde abdijen als die van La Charit\u00e9-sur-Loire, D\u00e9ols, Chancelade, Saint-Ferme, La R\u00e9ole en Saint-Sever.<\/p>\n\t\t\t\t\t\t\t\t<\/div>\n\t\t\t\t<\/div>\n\t\t\t\t<div class=\"elementor-element elementor-element-1619282 elementor-widget elementor-widget-image\" data-id=\"1619282\" data-element_type=\"widget\" data-e-type=\"widget\" data-widget_type=\"image.default\">\n\t\t\t\t<div class=\"elementor-widget-container\">\n\t\t\t\t\t\t\t\t\t\t\t\t\t\t\t<img decoding=\"async\" width=\"316\" height=\"615\" src=\"https:\/\/vezelay-compostelle.eu\/wp-content\/uploads\/2023\/11\/Coquille-et-basilique.jpg\" class=\"attachment-large size-large wp-image-10417\" alt=\"Coquille et basilique\" srcset=\"https:\/\/vezelay-compostelle.eu\/wp-content\/uploads\/2023\/11\/Coquille-et-basilique.jpg 316w, https:\/\/vezelay-compostelle.eu\/wp-content\/uploads\/2023\/11\/Coquille-et-basilique-154x300.jpg 154w\" sizes=\"(max-width: 316px) 100vw, 316px\" \/>\t\t\t\t\t\t\t\t\t\t\t\t\t\t\t<\/div>\n\t\t\t\t<\/div>\n\t\t\t\t\t<\/div>\n\t\t<\/div>\n\t\t\t\t\t<\/div>\n\t\t<\/section>\n\t\t\t\t<\/div>\n\t\t","protected":false},"excerpt":{"rendered":"<p>De geschiedenis van de Weg van V\u00e9zelay De route van V\u00e9zelay, die in de Codex Calixtinus wordt genoemd als een van de vier grote pelgrimsroutes naar Santiago de Compostela, verbindt de Basiliek van de Heilige Magdalena in V\u00e9zelay met de Spaanse grens bij Saint-Jean-Pied-de-Port. Hij loopt diagonaal door Frankrijk over bijna 900 kilometer. De Codex [&hellip;]<\/p>\n","protected":false},"author":4,"featured_media":0,"parent":0,"menu_order":0,"comment_status":"closed","ping_status":"closed","template":"elementor_header_footer","meta":{"_acf_changed":false,"footnotes":""},"class_list":["post-8467","page","type-page","status-publish","hentry"],"acf":[],"yoast_head":"<!-- This site is optimized with the Yoast SEO plugin v27.3 - https:\/\/yoast.com\/product\/yoast-seo-wordpress\/ -->\n<title>Geschiedenis - V\u00e9zelay Compostelle<\/title>\n<meta name=\"robots\" content=\"index, follow, max-snippet:-1, max-image-preview:large, max-video-preview:-1\" \/>\n<link rel=\"canonical\" href=\"https:\/\/vezelay-compostelle.eu\/nl\/geschiedenis\/\" \/>\n<meta property=\"og:locale\" content=\"nl_NL\" \/>\n<meta property=\"og:type\" content=\"article\" \/>\n<meta property=\"og:title\" content=\"Geschiedenis - V\u00e9zelay Compostelle\" \/>\n<meta property=\"og:description\" content=\"De geschiedenis van de Weg van V\u00e9zelay De route van V\u00e9zelay, die in de Codex Calixtinus wordt genoemd als een van de vier grote pelgrimsroutes naar Santiago de Compostela, verbindt de Basiliek van de Heilige Magdalena in V\u00e9zelay met de Spaanse grens bij Saint-Jean-Pied-de-Port. Hij loopt diagonaal door Frankrijk over bijna 900 kilometer. De Codex [&hellip;]\" \/>\n<meta property=\"og:url\" content=\"https:\/\/vezelay-compostelle.eu\/nl\/geschiedenis\/\" \/>\n<meta property=\"og:site_name\" content=\"V\u00e9zelay Compostelle\" \/>\n<meta property=\"article:modified_time\" content=\"2023-11-21T10:53:45+00:00\" \/>\n<meta property=\"og:image\" content=\"https:\/\/vezelay-compostelle.eu\/wp-content\/uploads\/2023\/03\/codex-calixtinus-santiago-compostela-facsimile-edition-01-1024x683.jpg\" \/>\n<meta name=\"twitter:card\" content=\"summary_large_image\" \/>\n<meta name=\"twitter:label1\" content=\"Geschatte leestijd\" \/>\n\t<meta name=\"twitter:data1\" content=\"2 minuten\" \/>\n<script type=\"application\/ld+json\" class=\"yoast-schema-graph\">{\"@context\":\"https:\\\/\\\/schema.org\",\"@graph\":[{\"@type\":\"WebPage\",\"@id\":\"https:\\\/\\\/vezelay-compostelle.eu\\\/nl\\\/geschiedenis\\\/\",\"url\":\"https:\\\/\\\/vezelay-compostelle.eu\\\/nl\\\/geschiedenis\\\/\",\"name\":\"Geschiedenis - V\u00e9zelay Compostelle\",\"isPartOf\":{\"@id\":\"https:\\\/\\\/vezelay-compostelle.eu\\\/nl\\\/#website\"},\"primaryImageOfPage\":{\"@id\":\"https:\\\/\\\/vezelay-compostelle.eu\\\/nl\\\/geschiedenis\\\/#primaryimage\"},\"image\":{\"@id\":\"https:\\\/\\\/vezelay-compostelle.eu\\\/nl\\\/geschiedenis\\\/#primaryimage\"},\"thumbnailUrl\":\"https:\\\/\\\/vezelay-compostelle.eu\\\/wp-content\\\/uploads\\\/2023\\\/03\\\/codex-calixtinus-santiago-compostela-facsimile-edition-01-1024x683.jpg\",\"datePublished\":\"2022-02-28T08:44:25+00:00\",\"dateModified\":\"2023-11-21T10:53:45+00:00\",\"breadcrumb\":{\"@id\":\"https:\\\/\\\/vezelay-compostelle.eu\\\/nl\\\/geschiedenis\\\/#breadcrumb\"},\"inLanguage\":\"nl-NL\",\"potentialAction\":[{\"@type\":\"ReadAction\",\"target\":[\"https:\\\/\\\/vezelay-compostelle.eu\\\/nl\\\/geschiedenis\\\/\"]}]},{\"@type\":\"ImageObject\",\"inLanguage\":\"nl-NL\",\"@id\":\"https:\\\/\\\/vezelay-compostelle.eu\\\/nl\\\/geschiedenis\\\/#primaryimage\",\"url\":\"https:\\\/\\\/vezelay-compostelle.eu\\\/wp-content\\\/uploads\\\/2023\\\/03\\\/codex-calixtinus-santiago-compostela-facsimile-edition-01-1024x683.jpg\",\"contentUrl\":\"https:\\\/\\\/vezelay-compostelle.eu\\\/wp-content\\\/uploads\\\/2023\\\/03\\\/codex-calixtinus-santiago-compostela-facsimile-edition-01-1024x683.jpg\"},{\"@type\":\"BreadcrumbList\",\"@id\":\"https:\\\/\\\/vezelay-compostelle.eu\\\/nl\\\/geschiedenis\\\/#breadcrumb\",\"itemListElement\":[{\"@type\":\"ListItem\",\"position\":1,\"name\":\"Accueil\",\"item\":\"https:\\\/\\\/vezelay-compostelle.eu\\\/nl\\\/\"},{\"@type\":\"ListItem\",\"position\":2,\"name\":\"Geschiedenis\"}]},{\"@type\":\"WebSite\",\"@id\":\"https:\\\/\\\/vezelay-compostelle.eu\\\/nl\\\/#website\",\"url\":\"https:\\\/\\\/vezelay-compostelle.eu\\\/nl\\\/\",\"name\":\"V\u00e9zelay Compostelle\",\"description\":\"\",\"publisher\":{\"@id\":\"https:\\\/\\\/vezelay-compostelle.eu\\\/nl\\\/#organization\"},\"potentialAction\":[{\"@type\":\"SearchAction\",\"target\":{\"@type\":\"EntryPoint\",\"urlTemplate\":\"https:\\\/\\\/vezelay-compostelle.eu\\\/nl\\\/?s={search_term_string}\"},\"query-input\":{\"@type\":\"PropertyValueSpecification\",\"valueRequired\":true,\"valueName\":\"search_term_string\"}}],\"inLanguage\":\"nl-NL\"},{\"@type\":\"Organization\",\"@id\":\"https:\\\/\\\/vezelay-compostelle.eu\\\/nl\\\/#organization\",\"name\":\"V\u00e9zelay Compostelle\",\"url\":\"https:\\\/\\\/vezelay-compostelle.eu\\\/nl\\\/\",\"logo\":{\"@type\":\"ImageObject\",\"inLanguage\":\"nl-NL\",\"@id\":\"https:\\\/\\\/vezelay-compostelle.eu\\\/nl\\\/#\\\/schema\\\/logo\\\/image\\\/\",\"url\":\"https:\\\/\\\/vezelay-compostelle.eu\\\/wp-content\\\/uploads\\\/2023\\\/08\\\/logo-amis_et_pelerins.png\",\"contentUrl\":\"https:\\\/\\\/vezelay-compostelle.eu\\\/wp-content\\\/uploads\\\/2023\\\/08\\\/logo-amis_et_pelerins.png\",\"width\":269,\"height\":308,\"caption\":\"V\u00e9zelay Compostelle\"},\"image\":{\"@id\":\"https:\\\/\\\/vezelay-compostelle.eu\\\/nl\\\/#\\\/schema\\\/logo\\\/image\\\/\"}}]}<\/script>\n<!-- \/ Yoast SEO plugin. -->","yoast_head_json":{"title":"Geschiedenis - V\u00e9zelay Compostelle","robots":{"index":"index","follow":"follow","max-snippet":"max-snippet:-1","max-image-preview":"max-image-preview:large","max-video-preview":"max-video-preview:-1"},"canonical":"https:\/\/vezelay-compostelle.eu\/nl\/geschiedenis\/","og_locale":"nl_NL","og_type":"article","og_title":"Geschiedenis - V\u00e9zelay Compostelle","og_description":"De geschiedenis van de Weg van V\u00e9zelay De route van V\u00e9zelay, die in de Codex Calixtinus wordt genoemd als een van de vier grote pelgrimsroutes naar Santiago de Compostela, verbindt de Basiliek van de Heilige Magdalena in V\u00e9zelay met de Spaanse grens bij Saint-Jean-Pied-de-Port. Hij loopt diagonaal door Frankrijk over bijna 900 kilometer. De Codex [&hellip;]","og_url":"https:\/\/vezelay-compostelle.eu\/nl\/geschiedenis\/","og_site_name":"V\u00e9zelay Compostelle","article_modified_time":"2023-11-21T10:53:45+00:00","og_image":[{"url":"https:\/\/vezelay-compostelle.eu\/wp-content\/uploads\/2023\/03\/codex-calixtinus-santiago-compostela-facsimile-edition-01-1024x683.jpg","type":"","width":"","height":""}],"twitter_card":"summary_large_image","twitter_misc":{"Geschatte leestijd":"2 minuten"},"schema":{"@context":"https:\/\/schema.org","@graph":[{"@type":"WebPage","@id":"https:\/\/vezelay-compostelle.eu\/nl\/geschiedenis\/","url":"https:\/\/vezelay-compostelle.eu\/nl\/geschiedenis\/","name":"Geschiedenis - V\u00e9zelay Compostelle","isPartOf":{"@id":"https:\/\/vezelay-compostelle.eu\/nl\/#website"},"primaryImageOfPage":{"@id":"https:\/\/vezelay-compostelle.eu\/nl\/geschiedenis\/#primaryimage"},"image":{"@id":"https:\/\/vezelay-compostelle.eu\/nl\/geschiedenis\/#primaryimage"},"thumbnailUrl":"https:\/\/vezelay-compostelle.eu\/wp-content\/uploads\/2023\/03\/codex-calixtinus-santiago-compostela-facsimile-edition-01-1024x683.jpg","datePublished":"2022-02-28T08:44:25+00:00","dateModified":"2023-11-21T10:53:45+00:00","breadcrumb":{"@id":"https:\/\/vezelay-compostelle.eu\/nl\/geschiedenis\/#breadcrumb"},"inLanguage":"nl-NL","potentialAction":[{"@type":"ReadAction","target":["https:\/\/vezelay-compostelle.eu\/nl\/geschiedenis\/"]}]},{"@type":"ImageObject","inLanguage":"nl-NL","@id":"https:\/\/vezelay-compostelle.eu\/nl\/geschiedenis\/#primaryimage","url":"https:\/\/vezelay-compostelle.eu\/wp-content\/uploads\/2023\/03\/codex-calixtinus-santiago-compostela-facsimile-edition-01-1024x683.jpg","contentUrl":"https:\/\/vezelay-compostelle.eu\/wp-content\/uploads\/2023\/03\/codex-calixtinus-santiago-compostela-facsimile-edition-01-1024x683.jpg"},{"@type":"BreadcrumbList","@id":"https:\/\/vezelay-compostelle.eu\/nl\/geschiedenis\/#breadcrumb","itemListElement":[{"@type":"ListItem","position":1,"name":"Accueil","item":"https:\/\/vezelay-compostelle.eu\/nl\/"},{"@type":"ListItem","position":2,"name":"Geschiedenis"}]},{"@type":"WebSite","@id":"https:\/\/vezelay-compostelle.eu\/nl\/#website","url":"https:\/\/vezelay-compostelle.eu\/nl\/","name":"V\u00e9zelay Compostelle","description":"","publisher":{"@id":"https:\/\/vezelay-compostelle.eu\/nl\/#organization"},"potentialAction":[{"@type":"SearchAction","target":{"@type":"EntryPoint","urlTemplate":"https:\/\/vezelay-compostelle.eu\/nl\/?s={search_term_string}"},"query-input":{"@type":"PropertyValueSpecification","valueRequired":true,"valueName":"search_term_string"}}],"inLanguage":"nl-NL"},{"@type":"Organization","@id":"https:\/\/vezelay-compostelle.eu\/nl\/#organization","name":"V\u00e9zelay Compostelle","url":"https:\/\/vezelay-compostelle.eu\/nl\/","logo":{"@type":"ImageObject","inLanguage":"nl-NL","@id":"https:\/\/vezelay-compostelle.eu\/nl\/#\/schema\/logo\/image\/","url":"https:\/\/vezelay-compostelle.eu\/wp-content\/uploads\/2023\/08\/logo-amis_et_pelerins.png","contentUrl":"https:\/\/vezelay-compostelle.eu\/wp-content\/uploads\/2023\/08\/logo-amis_et_pelerins.png","width":269,"height":308,"caption":"V\u00e9zelay Compostelle"},"image":{"@id":"https:\/\/vezelay-compostelle.eu\/nl\/#\/schema\/logo\/image\/"}}]}},"_links":{"self":[{"href":"https:\/\/vezelay-compostelle.eu\/nl\/wp-json\/wp\/v2\/pages\/8467","targetHints":{"allow":["GET"]}}],"collection":[{"href":"https:\/\/vezelay-compostelle.eu\/nl\/wp-json\/wp\/v2\/pages"}],"about":[{"href":"https:\/\/vezelay-compostelle.eu\/nl\/wp-json\/wp\/v2\/types\/page"}],"author":[{"embeddable":true,"href":"https:\/\/vezelay-compostelle.eu\/nl\/wp-json\/wp\/v2\/users\/4"}],"replies":[{"embeddable":true,"href":"https:\/\/vezelay-compostelle.eu\/nl\/wp-json\/wp\/v2\/comments?post=8467"}],"version-history":[{"count":6,"href":"https:\/\/vezelay-compostelle.eu\/nl\/wp-json\/wp\/v2\/pages\/8467\/revisions"}],"predecessor-version":[{"id":11743,"href":"https:\/\/vezelay-compostelle.eu\/nl\/wp-json\/wp\/v2\/pages\/8467\/revisions\/11743"}],"wp:attachment":[{"href":"https:\/\/vezelay-compostelle.eu\/nl\/wp-json\/wp\/v2\/media?parent=8467"}],"curies":[{"name":"wp","href":"https:\/\/api.w.org\/{rel}","templated":true}]}}