{"id":7342,"date":"2022-02-18T16:31:22","date_gmt":"2022-02-18T15:31:22","guid":{"rendered":"https:\/\/vezelay-compostelle.eu\/rutas-y-balizas\/"},"modified":"2023-11-08T13:29:04","modified_gmt":"2023-11-08T12:29:04","slug":"rutas-y-balizas","status":"publish","type":"page","link":"https:\/\/vezelay-compostelle.eu\/es\/rutas-y-balizas\/","title":{"rendered":"Rutas y balizas"},"content":{"rendered":"\t\t<div data-elementor-type=\"wp-page\" data-elementor-id=\"7342\" class=\"elementor elementor-7342 elementor-1859\" data-elementor-post-type=\"page\">\n\t\t\t\t\t\t<section class=\"elementor-section elementor-top-section elementor-element elementor-element-9fbacf0 elementor-section-boxed elementor-section-height-default elementor-section-height-default\" data-id=\"9fbacf0\" data-element_type=\"section\" data-e-type=\"section\">\n\t\t\t\t\t\t<div class=\"elementor-container elementor-column-gap-default\">\n\t\t\t\t\t<div class=\"elementor-column elementor-col-100 elementor-top-column elementor-element elementor-element-090ece4\" data-id=\"090ece4\" data-element_type=\"column\" data-e-type=\"column\">\n\t\t\t<div class=\"elementor-widget-wrap elementor-element-populated\">\n\t\t\t\t\t\t<div class=\"elementor-element elementor-element-9c76781 title-underline elementor-widget elementor-widget-heading\" data-id=\"9c76781\" data-element_type=\"widget\" data-e-type=\"widget\" data-widget_type=\"heading.default\">\n\t\t\t\t<div class=\"elementor-widget-container\">\n\t\t\t\t\t<h1 class=\"elementor-heading-title elementor-size-default\">margen<\/h1>\t\t\t\t<\/div>\n\t\t\t\t<\/div>\n\t\t\t\t<div class=\"elementor-element elementor-element-93fb353 elementor-widget elementor-widget-image\" data-id=\"93fb353\" data-element_type=\"widget\" data-e-type=\"widget\" data-widget_type=\"image.default\">\n\t\t\t\t<div class=\"elementor-widget-container\">\n\t\t\t\t\t\t\t\t\t\t\t\t\t\t\t<img fetchpriority=\"high\" decoding=\"async\" width=\"800\" height=\"450\" src=\"https:\/\/vezelay-compostelle.eu\/wp-content\/uploads\/2023\/10\/a-gauche-ou-a-droite-1024x576.jpg\" class=\"attachment-large size-large wp-image-10290\" alt=\"\" srcset=\"https:\/\/vezelay-compostelle.eu\/wp-content\/uploads\/2023\/10\/a-gauche-ou-a-droite-1024x576.jpg 1024w, https:\/\/vezelay-compostelle.eu\/wp-content\/uploads\/2023\/10\/a-gauche-ou-a-droite-300x169.jpg 300w, https:\/\/vezelay-compostelle.eu\/wp-content\/uploads\/2023\/10\/a-gauche-ou-a-droite-768x432.jpg 768w, https:\/\/vezelay-compostelle.eu\/wp-content\/uploads\/2023\/10\/a-gauche-ou-a-droite.jpg 1087w\" sizes=\"(max-width: 800px) 100vw, 800px\" \/>\t\t\t\t\t\t\t\t\t\t\t\t\t\t\t<\/div>\n\t\t\t\t<\/div>\n\t\t\t\t<div class=\"elementor-element elementor-element-6d7e63e elementor-widget elementor-widget-menu-anchor\" data-id=\"6d7e63e\" data-element_type=\"widget\" data-e-type=\"widget\" data-widget_type=\"menu-anchor.default\">\n\t\t\t\t<div class=\"elementor-widget-container\">\n\t\t\t\t\t\t\t<div class=\"elementor-menu-anchor\" id=\"balisage\"><\/div>\n\t\t\t\t\t\t<\/div>\n\t\t\t\t<\/div>\n\t\t\t\t<div class=\"elementor-element elementor-element-ca4f255 elementor-widget elementor-widget-text-editor\" data-id=\"ca4f255\" data-element_type=\"widget\" data-e-type=\"widget\" data-widget_type=\"text-editor.default\">\n\t\t\t\t<div class=\"elementor-widget-container\">\n\t\t\t\t\t\t\t\t\t<p>Saliendo de V\u00e9zelay, hay que elegir: \u00bfizquierda o derecha? \u00bfSucursal Sur v\u00eda Nevers o Sucursal Norte v\u00eda Bourges? <\/p>\n<p>\u00bfSucursal Sur v\u00eda Nevers o Sucursal Norte v\u00eda Bourges? <\/p>\n<ul>\n<li>Marcado europeo (concha amarilla sobre fondo azul y marcadores amarillos y azules)<\/li>\n<li>se\u00f1alizaci\u00f3n asociativa del Camino Hist\u00f3rico de V\u00e9zelay <a href=\"https:\/\/vezelay-compostelle.eu\/wp-content\/uploads\/2023\/11\/INPI-VHV-1.pdf\" target=\"_blank\" rel=\"noopener\">\u00ae<\/a><\/li>\n<\/ul>\n<ul>\n<li>Algunos tramos de la Voie historique de V\u00e9zelay \u00ae son comunes a los senderos se\u00f1alizados por el FFRP. Para asegurarte de que est\u00e1s en el Camino a Compostela, las balizas van acompa\u00f1adas de la concha europea amarilla sobre fondo azul.<\/li>\n<\/ul>\n\t\t\t\t\t\t\t\t<\/div>\n\t\t\t\t<\/div>\n\t\t\t\t\t<\/div>\n\t\t<\/div>\n\t\t\t\t\t<\/div>\n\t\t<\/section>\n\t\t\t\t<section class=\"elementor-section elementor-top-section elementor-element elementor-element-83368e8 elementor-section-content-middle elementor-section-boxed elementor-section-height-default elementor-section-height-default\" data-id=\"83368e8\" data-element_type=\"section\" data-e-type=\"section\">\n\t\t\t\t\t\t<div class=\"elementor-container elementor-column-gap-default\">\n\t\t\t\t\t<div class=\"elementor-column elementor-col-33 elementor-top-column elementor-element elementor-element-74609b5\" data-id=\"74609b5\" data-element_type=\"column\" data-e-type=\"column\">\n\t\t\t<div class=\"elementor-widget-wrap elementor-element-populated\">\n\t\t\t\t\t\t<div class=\"elementor-element elementor-element-f7d9354 elementor-widget elementor-widget-image\" data-id=\"f7d9354\" data-element_type=\"widget\" data-e-type=\"widget\" data-widget_type=\"image.default\">\n\t\t\t\t<div class=\"elementor-widget-container\">\n\t\t\t\t\t\t\t\t\t\t\t\t\t\t\t<img decoding=\"async\" width=\"300\" height=\"300\" src=\"https:\/\/vezelay-compostelle.eu\/wp-content\/uploads\/2022\/02\/coquille_europeenne_topujours_dans_ce_sens_non_directionnelle-300x300.jpg\" class=\"attachment-medium size-medium wp-image-6514\" alt=\"Coquille europ\u00e9enne\" srcset=\"https:\/\/vezelay-compostelle.eu\/wp-content\/uploads\/2022\/02\/coquille_europeenne_topujours_dans_ce_sens_non_directionnelle-300x300.jpg 300w, https:\/\/vezelay-compostelle.eu\/wp-content\/uploads\/2022\/02\/coquille_europeenne_topujours_dans_ce_sens_non_directionnelle-150x150.jpg 150w, https:\/\/vezelay-compostelle.eu\/wp-content\/uploads\/2022\/02\/coquille_europeenne_topujours_dans_ce_sens_non_directionnelle.jpg 500w\" sizes=\"(max-width: 300px) 100vw, 300px\" \/>\t\t\t\t\t\t\t\t\t\t\t\t\t\t\t<\/div>\n\t\t\t\t<\/div>\n\t\t\t\t\t<\/div>\n\t\t<\/div>\n\t\t\t\t<div class=\"elementor-column elementor-col-33 elementor-top-column elementor-element elementor-element-b97de25\" data-id=\"b97de25\" data-element_type=\"column\" data-e-type=\"column\">\n\t\t\t<div class=\"elementor-widget-wrap elementor-element-populated\">\n\t\t\t\t\t\t<div class=\"elementor-element elementor-element-8522bf2 elementor-widget elementor-widget-image\" data-id=\"8522bf2\" data-element_type=\"widget\" data-e-type=\"widget\" data-widget_type=\"image.default\">\n\t\t\t\t<div class=\"elementor-widget-container\">\n\t\t\t\t\t\t\t\t\t\t\t\t\t\t\t<img decoding=\"async\" width=\"300\" height=\"212\" src=\"https:\/\/vezelay-compostelle.eu\/wp-content\/uploads\/2022\/02\/4_nouvelles_balises-2-300x212.jpg\" class=\"attachment-medium size-medium wp-image-6520\" alt=\"Nouvelles balises\" srcset=\"https:\/\/vezelay-compostelle.eu\/wp-content\/uploads\/2022\/02\/4_nouvelles_balises-2-300x212.jpg 300w, https:\/\/vezelay-compostelle.eu\/wp-content\/uploads\/2022\/02\/4_nouvelles_balises-2.jpg 500w\" sizes=\"(max-width: 300px) 100vw, 300px\" \/>\t\t\t\t\t\t\t\t\t\t\t\t\t\t\t<\/div>\n\t\t\t\t<\/div>\n\t\t\t\t\t<\/div>\n\t\t<\/div>\n\t\t\t\t<div class=\"elementor-column elementor-col-33 elementor-top-column elementor-element elementor-element-c2600f6\" data-id=\"c2600f6\" data-element_type=\"column\" data-e-type=\"column\">\n\t\t\t<div class=\"elementor-widget-wrap elementor-element-populated\">\n\t\t\t\t\t\t<div class=\"elementor-element elementor-element-90f9643 elementor-widget elementor-widget-image\" data-id=\"90f9643\" data-element_type=\"widget\" data-e-type=\"widget\" data-widget_type=\"image.default\">\n\t\t\t\t<div class=\"elementor-widget-container\">\n\t\t\t\t\t\t\t\t\t\t\t\t\t\t\t<img loading=\"lazy\" decoding=\"async\" width=\"1226\" height=\"620\" src=\"https:\/\/vezelay-compostelle.eu\/wp-content\/uploads\/2023\/06\/20230623_102719.jpg\" class=\"attachment-full size-full wp-image-8626\" alt=\"Balises\" srcset=\"https:\/\/vezelay-compostelle.eu\/wp-content\/uploads\/2023\/06\/20230623_102719.jpg 1226w, https:\/\/vezelay-compostelle.eu\/wp-content\/uploads\/2023\/06\/20230623_102719-300x152.jpg 300w, https:\/\/vezelay-compostelle.eu\/wp-content\/uploads\/2023\/06\/20230623_102719-1024x518.jpg 1024w, https:\/\/vezelay-compostelle.eu\/wp-content\/uploads\/2023\/06\/20230623_102719-768x388.jpg 768w\" sizes=\"(max-width: 1226px) 100vw, 1226px\" \/>\t\t\t\t\t\t\t\t\t\t\t\t\t\t\t<\/div>\n\t\t\t\t<\/div>\n\t\t\t\t\t<\/div>\n\t\t<\/div>\n\t\t\t\t\t<\/div>\n\t\t<\/section>\n\t\t\t\t<section class=\"elementor-section elementor-top-section elementor-element elementor-element-14356c9 elementor-section-boxed elementor-section-height-default elementor-section-height-default\" data-id=\"14356c9\" data-element_type=\"section\" data-e-type=\"section\">\n\t\t\t\t\t\t<div class=\"elementor-container elementor-column-gap-default\">\n\t\t\t\t\t<div class=\"elementor-column elementor-col-100 elementor-top-column elementor-element elementor-element-b863fb2\" data-id=\"b863fb2\" data-element_type=\"column\" data-e-type=\"column\">\n\t\t\t<div class=\"elementor-widget-wrap elementor-element-populated\">\n\t\t\t\t\t\t<div class=\"elementor-element elementor-element-0299dfc elementor-widget elementor-widget-image\" data-id=\"0299dfc\" data-element_type=\"widget\" data-e-type=\"widget\" data-widget_type=\"image.default\">\n\t\t\t\t<div class=\"elementor-widget-container\">\n\t\t\t\t\t\t\t\t\t\t\t\t\t\t\t<img loading=\"lazy\" decoding=\"async\" width=\"1195\" height=\"620\" src=\"https:\/\/vezelay-compostelle.eu\/wp-content\/uploads\/2023\/06\/20230623_102426-1-1.jpg\" class=\"attachment-2048x2048 size-2048x2048 wp-image-8631\" alt=\"Balise Chemin de Saint-Jacques Voie de Vezelay\" srcset=\"https:\/\/vezelay-compostelle.eu\/wp-content\/uploads\/2023\/06\/20230623_102426-1-1.jpg 1195w, https:\/\/vezelay-compostelle.eu\/wp-content\/uploads\/2023\/06\/20230623_102426-1-1-300x156.jpg 300w, https:\/\/vezelay-compostelle.eu\/wp-content\/uploads\/2023\/06\/20230623_102426-1-1-1024x531.jpg 1024w, https:\/\/vezelay-compostelle.eu\/wp-content\/uploads\/2023\/06\/20230623_102426-1-1-768x398.jpg 768w\" sizes=\"(max-width: 1195px) 100vw, 1195px\" \/>\t\t\t\t\t\t\t\t\t\t\t\t\t\t\t<\/div>\n\t\t\t\t<\/div>\n\t\t\t\t\t<\/div>\n\t\t<\/div>\n\t\t\t\t\t<\/div>\n\t\t<\/section>\n\t\t\t\t<section class=\"elementor-section elementor-top-section elementor-element elementor-element-a2a021a elementor-section-boxed elementor-section-height-default elementor-section-height-default\" data-id=\"a2a021a\" data-element_type=\"section\" data-e-type=\"section\">\n\t\t\t\t\t\t<div class=\"elementor-container elementor-column-gap-default\">\n\t\t\t\t\t<div class=\"elementor-column elementor-col-100 elementor-top-column elementor-element elementor-element-d407ef2\" data-id=\"d407ef2\" data-element_type=\"column\" data-e-type=\"column\">\n\t\t\t<div class=\"elementor-widget-wrap elementor-element-populated\">\n\t\t\t\t\t\t<div class=\"elementor-element elementor-element-1673508 elementor-widget elementor-widget-image\" data-id=\"1673508\" data-element_type=\"widget\" data-e-type=\"widget\" data-widget_type=\"image.default\">\n\t\t\t\t<div class=\"elementor-widget-container\">\n\t\t\t\t\t\t\t\t\t\t\t\t\t\t\t<img loading=\"lazy\" decoding=\"async\" width=\"501\" height=\"276\" src=\"https:\/\/vezelay-compostelle.eu\/wp-content\/uploads\/2022\/03\/balise-gironde-e1698751362458.png\" class=\"attachment-large size-large wp-image-6724\" alt=\"Balise Gironde\" \/>\t\t\t\t\t\t\t\t\t\t\t\t\t\t\t<\/div>\n\t\t\t\t<\/div>\n\t\t\t\t\t<\/div>\n\t\t<\/div>\n\t\t\t\t\t<\/div>\n\t\t<\/section>\n\t\t\t\t<section class=\"elementor-section elementor-top-section elementor-element elementor-element-a2b0574 elementor-section-boxed elementor-section-height-default elementor-section-height-default\" data-id=\"a2b0574\" data-element_type=\"section\" data-e-type=\"section\">\n\t\t\t\t\t\t<div class=\"elementor-container elementor-column-gap-default\">\n\t\t\t\t\t<div class=\"elementor-column elementor-col-100 elementor-top-column elementor-element elementor-element-4321705\" data-id=\"4321705\" data-element_type=\"column\" data-e-type=\"column\">\n\t\t\t<div class=\"elementor-widget-wrap\">\n\t\t\t\t\t\t\t<\/div>\n\t\t<\/div>\n\t\t\t\t\t<\/div>\n\t\t<\/section>\n\t\t\t\t<section class=\"elementor-section elementor-top-section elementor-element elementor-element-9f28d05 elementor-section-boxed elementor-section-height-default elementor-section-height-default\" data-id=\"9f28d05\" data-element_type=\"section\" data-e-type=\"section\">\n\t\t\t\t\t\t<div class=\"elementor-container elementor-column-gap-default\">\n\t\t\t\t\t<div class=\"elementor-column elementor-col-100 elementor-top-column elementor-element elementor-element-97df7ae\" data-id=\"97df7ae\" data-element_type=\"column\" data-e-type=\"column\">\n\t\t\t<div class=\"elementor-widget-wrap elementor-element-populated\">\n\t\t\t\t\t\t<div class=\"elementor-element elementor-element-905bc7c elementor-widget elementor-widget-text-editor\" data-id=\"905bc7c\" data-element_type=\"widget\" data-e-type=\"widget\" data-widget_type=\"text-editor.default\">\n\t\t\t\t<div class=\"elementor-widget-container\">\n\t\t\t\t\t\t\t\t\t<\/p>\n<p>La se\u00f1alizaci\u00f3n la proporcionan los miembros de nuestra asociaci\u00f3n (en general, los municipios mantienen el camino); tu camino, puedes unirte a nuestro equipo de boyas. P\u00f3ngase en contacto con la oficina: 03 86 32 38 11 o con el responsable de marcado por correo electr\u00f3nico: Michel Guichard <a href=\"mailto:balisage@vezelay-compostelle.eu\">balisage@vezelay-compostelle.eu<\/a><\/p>\n\t\t\t\t\t\t\t\t<\/div>\n\t\t\t\t<\/div>\n\t\t\t\t\t<\/div>\n\t\t<\/div>\n\t\t\t\t\t<\/div>\n\t\t<\/section>\n\t\t\t\t<section class=\"elementor-section elementor-top-section elementor-element elementor-element-ffeddc1 elementor-section-boxed elementor-section-height-default elementor-section-height-default\" data-id=\"ffeddc1\" data-element_type=\"section\" data-e-type=\"section\">\n\t\t\t\t\t\t<div class=\"elementor-container elementor-column-gap-default\">\n\t\t\t\t\t<div class=\"elementor-column elementor-col-100 elementor-top-column elementor-element elementor-element-a171b69\" data-id=\"a171b69\" data-element_type=\"column\" data-e-type=\"column\">\n\t\t\t<div class=\"elementor-widget-wrap elementor-element-populated\">\n\t\t\t\t\t\t<div class=\"elementor-element elementor-element-444c80e elementor-widget elementor-widget-text-editor\" data-id=\"444c80e\" data-element_type=\"widget\" data-e-type=\"widget\" data-widget_type=\"text-editor.default\">\n\t\t\t\t<div class=\"elementor-widget-container\">\n\t\t\t\t\t\t\t\t\t<p>En el suelo o en las paredes, conchas de bronce marcan el Camino y enriquecen el patrimonio de las comunidades atravesadas. <\/p>\n<p>La concha de bronce es el prestigioso emblema unitario de la Via <em>Lemovicensis<\/em><span style=\"font-family: Liberation Serif, serif;\">\u00ae<\/span>; est\u00e1 referenciado en el <a href=\"https:\/\/vezelay-compostelle.eu\/wp-content\/uploads\/2023\/11\/INPI-Coquille-1.pdf\" target=\"_blank\" rel=\"noopener\">INPI<\/a>. Su uso est\u00e1 sujeto a un acuerdo. <\/p>\n<p><a href=\"https:\/\/vezelay-compostelle.eu\/wp-content\/uploads\/2023\/11\/La-coquille-en-bronze-1.pdf\" target=\"_blank\" rel=\"noopener\">Descubre su historia&#8230;<\/a><\/p>\n\t\t\t\t\t\t\t\t<\/div>\n\t\t\t\t<\/div>\n\t\t\t\t<div class=\"elementor-element elementor-element-65b1ae6 elementor-widget elementor-widget-image\" data-id=\"65b1ae6\" data-element_type=\"widget\" data-e-type=\"widget\" data-widget_type=\"image.default\">\n\t\t\t\t<div class=\"elementor-widget-container\">\n\t\t\t\t\t\t\t\t\t\t\t\t\t\t\t<img loading=\"lazy\" decoding=\"async\" width=\"206\" height=\"300\" src=\"https:\/\/vezelay-compostelle.eu\/wp-content\/uploads\/2023\/04\/coquille-sur-paves-206x300.png\" class=\"attachment-medium size-medium wp-image-7018\" alt=\"Coquille sur pav\u00e9s\" srcset=\"https:\/\/vezelay-compostelle.eu\/wp-content\/uploads\/2023\/04\/coquille-sur-paves-206x300.png 206w, https:\/\/vezelay-compostelle.eu\/wp-content\/uploads\/2023\/04\/coquille-sur-paves.png 524w\" sizes=\"(max-width: 206px) 100vw, 206px\" \/>\t\t\t\t\t\t\t\t\t\t\t\t\t\t\t<\/div>\n\t\t\t\t<\/div>\n\t\t\t\t\t<\/div>\n\t\t<\/div>\n\t\t\t\t\t<\/div>\n\t\t<\/section>\n\t\t\t\t<\/div>\n\t\t","protected":false},"excerpt":{"rendered":"<p>margen Saliendo de V\u00e9zelay, hay que elegir: \u00bfizquierda o derecha? \u00bfSucursal Sur v\u00eda Nevers o Sucursal Norte v\u00eda Bourges? \u00bfSucursal Sur v\u00eda Nevers o Sucursal Norte v\u00eda Bourges? Marcado europeo (concha amarilla sobre fondo azul y marcadores amarillos y azules) se\u00f1alizaci\u00f3n asociativa del Camino Hist\u00f3rico de V\u00e9zelay \u00ae Algunos tramos de la Voie historique de [&hellip;]<\/p>\n","protected":false},"author":4,"featured_media":0,"parent":0,"menu_order":0,"comment_status":"closed","ping_status":"closed","template":"elementor_header_footer","meta":{"_acf_changed":false,"footnotes":""},"class_list":["post-7342","page","type-page","status-publish","hentry"],"acf":[],"yoast_head":"<!-- This site is optimized with the Yoast SEO plugin v27.4 - https:\/\/yoast.com\/product\/yoast-seo-wordpress\/ -->\n<title>Rutas y balizas - V\u00e9zelay Compostelle<\/title>\n<meta name=\"robots\" content=\"index, follow, max-snippet:-1, max-image-preview:large, max-video-preview:-1\" \/>\n<link rel=\"canonical\" href=\"https:\/\/vezelay-compostelle.eu\/es\/rutas-y-balizas\/\" \/>\n<meta property=\"og:locale\" content=\"es_ES\" \/>\n<meta property=\"og:type\" content=\"article\" \/>\n<meta property=\"og:title\" content=\"Rutas y balizas - V\u00e9zelay Compostelle\" \/>\n<meta property=\"og:description\" content=\"margen Saliendo de V\u00e9zelay, hay que elegir: \u00bfizquierda o derecha? \u00bfSucursal Sur v\u00eda Nevers o Sucursal Norte v\u00eda Bourges? \u00bfSucursal Sur v\u00eda Nevers o Sucursal Norte v\u00eda Bourges? Marcado europeo (concha amarilla sobre fondo azul y marcadores amarillos y azules) se\u00f1alizaci\u00f3n asociativa del Camino Hist\u00f3rico de V\u00e9zelay \u00ae Algunos tramos de la Voie historique de [&hellip;]\" \/>\n<meta property=\"og:url\" content=\"https:\/\/vezelay-compostelle.eu\/es\/rutas-y-balizas\/\" \/>\n<meta property=\"og:site_name\" content=\"V\u00e9zelay Compostelle\" \/>\n<meta property=\"article:modified_time\" content=\"2023-11-08T12:29:04+00:00\" \/>\n<meta property=\"og:image\" content=\"https:\/\/vezelay-compostelle.eu\/wp-content\/uploads\/2023\/10\/a-gauche-ou-a-droite-1024x576.jpg\" \/>\n<meta name=\"twitter:card\" content=\"summary_large_image\" \/>\n<meta name=\"twitter:label1\" content=\"Tiempo de lectura\" \/>\n\t<meta name=\"twitter:data1\" content=\"4 minutos\" \/>\n<script type=\"application\/ld+json\" class=\"yoast-schema-graph\">{\"@context\":\"https:\\\/\\\/schema.org\",\"@graph\":[{\"@type\":\"WebPage\",\"@id\":\"https:\\\/\\\/vezelay-compostelle.eu\\\/es\\\/rutas-y-balizas\\\/\",\"url\":\"https:\\\/\\\/vezelay-compostelle.eu\\\/es\\\/rutas-y-balizas\\\/\",\"name\":\"Rutas y balizas - V\u00e9zelay Compostelle\",\"isPartOf\":{\"@id\":\"https:\\\/\\\/vezelay-compostelle.eu\\\/es\\\/#website\"},\"primaryImageOfPage\":{\"@id\":\"https:\\\/\\\/vezelay-compostelle.eu\\\/es\\\/rutas-y-balizas\\\/#primaryimage\"},\"image\":{\"@id\":\"https:\\\/\\\/vezelay-compostelle.eu\\\/es\\\/rutas-y-balizas\\\/#primaryimage\"},\"thumbnailUrl\":\"https:\\\/\\\/vezelay-compostelle.eu\\\/wp-content\\\/uploads\\\/2023\\\/10\\\/a-gauche-ou-a-droite-1024x576.jpg\",\"datePublished\":\"2022-02-18T15:31:22+00:00\",\"dateModified\":\"2023-11-08T12:29:04+00:00\",\"breadcrumb\":{\"@id\":\"https:\\\/\\\/vezelay-compostelle.eu\\\/es\\\/rutas-y-balizas\\\/#breadcrumb\"},\"inLanguage\":\"es\",\"potentialAction\":[{\"@type\":\"ReadAction\",\"target\":[\"https:\\\/\\\/vezelay-compostelle.eu\\\/es\\\/rutas-y-balizas\\\/\"]}]},{\"@type\":\"ImageObject\",\"inLanguage\":\"es\",\"@id\":\"https:\\\/\\\/vezelay-compostelle.eu\\\/es\\\/rutas-y-balizas\\\/#primaryimage\",\"url\":\"https:\\\/\\\/vezelay-compostelle.eu\\\/wp-content\\\/uploads\\\/2023\\\/10\\\/a-gauche-ou-a-droite-1024x576.jpg\",\"contentUrl\":\"https:\\\/\\\/vezelay-compostelle.eu\\\/wp-content\\\/uploads\\\/2023\\\/10\\\/a-gauche-ou-a-droite-1024x576.jpg\"},{\"@type\":\"BreadcrumbList\",\"@id\":\"https:\\\/\\\/vezelay-compostelle.eu\\\/es\\\/rutas-y-balizas\\\/#breadcrumb\",\"itemListElement\":[{\"@type\":\"ListItem\",\"position\":1,\"name\":\"Accueil\",\"item\":\"https:\\\/\\\/vezelay-compostelle.eu\\\/es\\\/\"},{\"@type\":\"ListItem\",\"position\":2,\"name\":\"Rutas y balizas\"}]},{\"@type\":\"WebSite\",\"@id\":\"https:\\\/\\\/vezelay-compostelle.eu\\\/es\\\/#website\",\"url\":\"https:\\\/\\\/vezelay-compostelle.eu\\\/es\\\/\",\"name\":\"V\u00e9zelay Compostelle\",\"description\":\"\",\"publisher\":{\"@id\":\"https:\\\/\\\/vezelay-compostelle.eu\\\/es\\\/#organization\"},\"potentialAction\":[{\"@type\":\"SearchAction\",\"target\":{\"@type\":\"EntryPoint\",\"urlTemplate\":\"https:\\\/\\\/vezelay-compostelle.eu\\\/es\\\/?s={search_term_string}\"},\"query-input\":{\"@type\":\"PropertyValueSpecification\",\"valueRequired\":true,\"valueName\":\"search_term_string\"}}],\"inLanguage\":\"es\"},{\"@type\":\"Organization\",\"@id\":\"https:\\\/\\\/vezelay-compostelle.eu\\\/es\\\/#organization\",\"name\":\"V\u00e9zelay Compostelle\",\"url\":\"https:\\\/\\\/vezelay-compostelle.eu\\\/es\\\/\",\"logo\":{\"@type\":\"ImageObject\",\"inLanguage\":\"es\",\"@id\":\"https:\\\/\\\/vezelay-compostelle.eu\\\/es\\\/#\\\/schema\\\/logo\\\/image\\\/\",\"url\":\"https:\\\/\\\/vezelay-compostelle.eu\\\/wp-content\\\/uploads\\\/2023\\\/08\\\/logo-amis_et_pelerins.png\",\"contentUrl\":\"https:\\\/\\\/vezelay-compostelle.eu\\\/wp-content\\\/uploads\\\/2023\\\/08\\\/logo-amis_et_pelerins.png\",\"width\":269,\"height\":308,\"caption\":\"V\u00e9zelay Compostelle\"},\"image\":{\"@id\":\"https:\\\/\\\/vezelay-compostelle.eu\\\/es\\\/#\\\/schema\\\/logo\\\/image\\\/\"}}]}<\/script>\n<!-- \/ Yoast SEO plugin. -->","yoast_head_json":{"title":"Rutas y balizas - V\u00e9zelay Compostelle","robots":{"index":"index","follow":"follow","max-snippet":"max-snippet:-1","max-image-preview":"max-image-preview:large","max-video-preview":"max-video-preview:-1"},"canonical":"https:\/\/vezelay-compostelle.eu\/es\/rutas-y-balizas\/","og_locale":"es_ES","og_type":"article","og_title":"Rutas y balizas - V\u00e9zelay Compostelle","og_description":"margen Saliendo de V\u00e9zelay, hay que elegir: \u00bfizquierda o derecha? \u00bfSucursal Sur v\u00eda Nevers o Sucursal Norte v\u00eda Bourges? \u00bfSucursal Sur v\u00eda Nevers o Sucursal Norte v\u00eda Bourges? Marcado europeo (concha amarilla sobre fondo azul y marcadores amarillos y azules) se\u00f1alizaci\u00f3n asociativa del Camino Hist\u00f3rico de V\u00e9zelay \u00ae Algunos tramos de la Voie historique de [&hellip;]","og_url":"https:\/\/vezelay-compostelle.eu\/es\/rutas-y-balizas\/","og_site_name":"V\u00e9zelay Compostelle","article_modified_time":"2023-11-08T12:29:04+00:00","og_image":[{"url":"https:\/\/vezelay-compostelle.eu\/wp-content\/uploads\/2023\/10\/a-gauche-ou-a-droite-1024x576.jpg","type":"","width":"","height":""}],"twitter_card":"summary_large_image","twitter_misc":{"Tiempo de lectura":"4 minutos"},"schema":{"@context":"https:\/\/schema.org","@graph":[{"@type":"WebPage","@id":"https:\/\/vezelay-compostelle.eu\/es\/rutas-y-balizas\/","url":"https:\/\/vezelay-compostelle.eu\/es\/rutas-y-balizas\/","name":"Rutas y balizas - V\u00e9zelay Compostelle","isPartOf":{"@id":"https:\/\/vezelay-compostelle.eu\/es\/#website"},"primaryImageOfPage":{"@id":"https:\/\/vezelay-compostelle.eu\/es\/rutas-y-balizas\/#primaryimage"},"image":{"@id":"https:\/\/vezelay-compostelle.eu\/es\/rutas-y-balizas\/#primaryimage"},"thumbnailUrl":"https:\/\/vezelay-compostelle.eu\/wp-content\/uploads\/2023\/10\/a-gauche-ou-a-droite-1024x576.jpg","datePublished":"2022-02-18T15:31:22+00:00","dateModified":"2023-11-08T12:29:04+00:00","breadcrumb":{"@id":"https:\/\/vezelay-compostelle.eu\/es\/rutas-y-balizas\/#breadcrumb"},"inLanguage":"es","potentialAction":[{"@type":"ReadAction","target":["https:\/\/vezelay-compostelle.eu\/es\/rutas-y-balizas\/"]}]},{"@type":"ImageObject","inLanguage":"es","@id":"https:\/\/vezelay-compostelle.eu\/es\/rutas-y-balizas\/#primaryimage","url":"https:\/\/vezelay-compostelle.eu\/wp-content\/uploads\/2023\/10\/a-gauche-ou-a-droite-1024x576.jpg","contentUrl":"https:\/\/vezelay-compostelle.eu\/wp-content\/uploads\/2023\/10\/a-gauche-ou-a-droite-1024x576.jpg"},{"@type":"BreadcrumbList","@id":"https:\/\/vezelay-compostelle.eu\/es\/rutas-y-balizas\/#breadcrumb","itemListElement":[{"@type":"ListItem","position":1,"name":"Accueil","item":"https:\/\/vezelay-compostelle.eu\/es\/"},{"@type":"ListItem","position":2,"name":"Rutas y balizas"}]},{"@type":"WebSite","@id":"https:\/\/vezelay-compostelle.eu\/es\/#website","url":"https:\/\/vezelay-compostelle.eu\/es\/","name":"V\u00e9zelay Compostelle","description":"","publisher":{"@id":"https:\/\/vezelay-compostelle.eu\/es\/#organization"},"potentialAction":[{"@type":"SearchAction","target":{"@type":"EntryPoint","urlTemplate":"https:\/\/vezelay-compostelle.eu\/es\/?s={search_term_string}"},"query-input":{"@type":"PropertyValueSpecification","valueRequired":true,"valueName":"search_term_string"}}],"inLanguage":"es"},{"@type":"Organization","@id":"https:\/\/vezelay-compostelle.eu\/es\/#organization","name":"V\u00e9zelay Compostelle","url":"https:\/\/vezelay-compostelle.eu\/es\/","logo":{"@type":"ImageObject","inLanguage":"es","@id":"https:\/\/vezelay-compostelle.eu\/es\/#\/schema\/logo\/image\/","url":"https:\/\/vezelay-compostelle.eu\/wp-content\/uploads\/2023\/08\/logo-amis_et_pelerins.png","contentUrl":"https:\/\/vezelay-compostelle.eu\/wp-content\/uploads\/2023\/08\/logo-amis_et_pelerins.png","width":269,"height":308,"caption":"V\u00e9zelay Compostelle"},"image":{"@id":"https:\/\/vezelay-compostelle.eu\/es\/#\/schema\/logo\/image\/"}}]}},"_links":{"self":[{"href":"https:\/\/vezelay-compostelle.eu\/es\/wp-json\/wp\/v2\/pages\/7342","targetHints":{"allow":["GET"]}}],"collection":[{"href":"https:\/\/vezelay-compostelle.eu\/es\/wp-json\/wp\/v2\/pages"}],"about":[{"href":"https:\/\/vezelay-compostelle.eu\/es\/wp-json\/wp\/v2\/types\/page"}],"author":[{"embeddable":true,"href":"https:\/\/vezelay-compostelle.eu\/es\/wp-json\/wp\/v2\/users\/4"}],"replies":[{"embeddable":true,"href":"https:\/\/vezelay-compostelle.eu\/es\/wp-json\/wp\/v2\/comments?post=7342"}],"version-history":[{"count":23,"href":"https:\/\/vezelay-compostelle.eu\/es\/wp-json\/wp\/v2\/pages\/7342\/revisions"}],"predecessor-version":[{"id":11051,"href":"https:\/\/vezelay-compostelle.eu\/es\/wp-json\/wp\/v2\/pages\/7342\/revisions\/11051"}],"wp:attachment":[{"href":"https:\/\/vezelay-compostelle.eu\/es\/wp-json\/wp\/v2\/media?parent=7342"}],"curies":[{"name":"wp","href":"https:\/\/api.w.org\/{rel}","templated":true}]}}