{"id":7292,"date":"2023-04-06T10:53:07","date_gmt":"2023-04-06T08:53:07","guid":{"rendered":"https:\/\/vezelay-compostelle.eu\/preparacion-para-la-hospitalidad\/"},"modified":"2023-11-08T11:22:05","modified_gmt":"2023-11-08T10:22:05","slug":"preparacion-para-la-hospitalidad","status":"publish","type":"page","link":"https:\/\/vezelay-compostelle.eu\/es\/preparacion-para-la-hospitalidad\/","title":{"rendered":"Preparaci\u00f3n para la hospitalidad"},"content":{"rendered":"\t\t<div data-elementor-type=\"wp-page\" data-elementor-id=\"7292\" class=\"elementor elementor-7292 elementor-5993\" data-elementor-post-type=\"page\">\n\t\t\t\t\t\t<section class=\"elementor-section elementor-top-section elementor-element elementor-element-7ce46a1 elementor-section-boxed elementor-section-height-default elementor-section-height-default\" data-id=\"7ce46a1\" data-element_type=\"section\" data-e-type=\"section\">\n\t\t\t\t\t\t<div class=\"elementor-container elementor-column-gap-default\">\n\t\t\t\t\t<div class=\"elementor-column elementor-col-100 elementor-top-column elementor-element elementor-element-6995d78\" data-id=\"6995d78\" data-element_type=\"column\" data-e-type=\"column\">\n\t\t\t<div class=\"elementor-widget-wrap elementor-element-populated\">\n\t\t\t\t\t\t<div class=\"elementor-element elementor-element-b44c35f elementor-widget elementor-widget-text-editor\" data-id=\"b44c35f\" data-element_type=\"widget\" data-e-type=\"widget\" data-widget_type=\"text-editor.default\">\n\t\t\t\t<div class=\"elementor-widget-container\">\n\t\t\t\t\t\t\t\t\t<p><i><b>Amigos peregrinos, sed hospitalarios.<\/b><br \/><\/i><br \/><i>La pr\u00f3xima sesi\u00f3n de preparaci\u00f3n de la hospitalidad organizada por nuestra asociaci\u00f3n bajo los auspicios de Compostela Francia tendr\u00e1 lugar del martes 5 de marzo de 2024 (recepci\u00f3n a partir de las 18 h) al viernes 8 de marzo de 2024 (final previsto a las 12 h) en el monasterio de Annonciade en Saint -Doulchard.<\/i><\/p>\n<p><i>Por favor complete y devuelva a Gilbert Planchat el formulario de registro que encontrar\u00e1: <a href=\"http:\/\/www.vezelay-compostelle.eu\/pdf\/Permanences_Hospitalite\/20230322192117.pdf\" target=\"_blank\" rel=\"noopener\" aria-label=\"liens\">AQU\u00cd<\/a><br \/><\/i><i><br \/>No dude en ponerse en contacto con Gilbert Planchat al 06.30.12.06.39 y\/o: gilbert.planchat@wanadoo.fr para cualquier informaci\u00f3n \u00fatil.<\/i><\/p>\n\t\t\t\t\t\t\t\t<\/div>\n\t\t\t\t<\/div>\n\t\t\t\t\t<\/div>\n\t\t<\/div>\n\t\t\t\t\t<\/div>\n\t\t<\/section>\n\t\t\t\t<\/div>\n\t\t","protected":false},"excerpt":{"rendered":"<p>Amigos peregrinos, sed hospitalarios.La pr\u00f3xima sesi\u00f3n de preparaci\u00f3n de la hospitalidad organizada por nuestra asociaci\u00f3n bajo los auspicios de Compostela Francia tendr\u00e1 lugar del martes 5 de marzo de 2024 (recepci\u00f3n a partir de las 18 h) al viernes 8 de marzo de 2024 (final previsto a las 12 h) en el monasterio de Annonciade [&hellip;]<\/p>\n","protected":false},"author":4,"featured_media":0,"parent":0,"menu_order":0,"comment_status":"closed","ping_status":"closed","template":"","meta":{"_acf_changed":false,"footnotes":""},"class_list":["post-7292","page","type-page","status-publish","hentry"],"acf":[],"yoast_head":"<!-- This site is optimized with the Yoast SEO plugin v27.4 - https:\/\/yoast.com\/product\/yoast-seo-wordpress\/ -->\n<title>Preparaci\u00f3n para la hospitalidad - V\u00e9zelay Compostelle<\/title>\n<meta name=\"robots\" content=\"index, follow, max-snippet:-1, max-image-preview:large, max-video-preview:-1\" \/>\n<link rel=\"canonical\" href=\"https:\/\/vezelay-compostelle.eu\/es\/preparacion-para-la-hospitalidad\/\" \/>\n<meta property=\"og:locale\" content=\"es_ES\" \/>\n<meta property=\"og:type\" content=\"article\" \/>\n<meta property=\"og:title\" content=\"Preparaci\u00f3n para la hospitalidad - V\u00e9zelay Compostelle\" \/>\n<meta property=\"og:description\" content=\"Amigos peregrinos, sed hospitalarios.La pr\u00f3xima sesi\u00f3n de preparaci\u00f3n de la hospitalidad organizada por nuestra asociaci\u00f3n bajo los auspicios de Compostela Francia tendr\u00e1 lugar del martes 5 de marzo de 2024 (recepci\u00f3n a partir de las 18 h) al viernes 8 de marzo de 2024 (final previsto a las 12 h) en el monasterio de Annonciade [&hellip;]\" \/>\n<meta property=\"og:url\" content=\"https:\/\/vezelay-compostelle.eu\/es\/preparacion-para-la-hospitalidad\/\" \/>\n<meta property=\"og:site_name\" content=\"V\u00e9zelay Compostelle\" \/>\n<meta property=\"article:modified_time\" content=\"2023-11-08T10:22:05+00:00\" \/>\n<meta name=\"twitter:card\" content=\"summary_large_image\" \/>\n<script type=\"application\/ld+json\" class=\"yoast-schema-graph\">{\"@context\":\"https:\\\/\\\/schema.org\",\"@graph\":[{\"@type\":\"WebPage\",\"@id\":\"https:\\\/\\\/vezelay-compostelle.eu\\\/es\\\/preparacion-para-la-hospitalidad\\\/\",\"url\":\"https:\\\/\\\/vezelay-compostelle.eu\\\/es\\\/preparacion-para-la-hospitalidad\\\/\",\"name\":\"Preparaci\u00f3n para la hospitalidad - V\u00e9zelay Compostelle\",\"isPartOf\":{\"@id\":\"https:\\\/\\\/vezelay-compostelle.eu\\\/es\\\/#website\"},\"datePublished\":\"2023-04-06T08:53:07+00:00\",\"dateModified\":\"2023-11-08T10:22:05+00:00\",\"breadcrumb\":{\"@id\":\"https:\\\/\\\/vezelay-compostelle.eu\\\/es\\\/preparacion-para-la-hospitalidad\\\/#breadcrumb\"},\"inLanguage\":\"es\",\"potentialAction\":[{\"@type\":\"ReadAction\",\"target\":[\"https:\\\/\\\/vezelay-compostelle.eu\\\/es\\\/preparacion-para-la-hospitalidad\\\/\"]}]},{\"@type\":\"BreadcrumbList\",\"@id\":\"https:\\\/\\\/vezelay-compostelle.eu\\\/es\\\/preparacion-para-la-hospitalidad\\\/#breadcrumb\",\"itemListElement\":[{\"@type\":\"ListItem\",\"position\":1,\"name\":\"Accueil\",\"item\":\"https:\\\/\\\/vezelay-compostelle.eu\\\/es\\\/\"},{\"@type\":\"ListItem\",\"position\":2,\"name\":\"Preparaci\u00f3n para la hospitalidad\"}]},{\"@type\":\"WebSite\",\"@id\":\"https:\\\/\\\/vezelay-compostelle.eu\\\/es\\\/#website\",\"url\":\"https:\\\/\\\/vezelay-compostelle.eu\\\/es\\\/\",\"name\":\"V\u00e9zelay Compostelle\",\"description\":\"\",\"publisher\":{\"@id\":\"https:\\\/\\\/vezelay-compostelle.eu\\\/es\\\/#organization\"},\"potentialAction\":[{\"@type\":\"SearchAction\",\"target\":{\"@type\":\"EntryPoint\",\"urlTemplate\":\"https:\\\/\\\/vezelay-compostelle.eu\\\/es\\\/?s={search_term_string}\"},\"query-input\":{\"@type\":\"PropertyValueSpecification\",\"valueRequired\":true,\"valueName\":\"search_term_string\"}}],\"inLanguage\":\"es\"},{\"@type\":\"Organization\",\"@id\":\"https:\\\/\\\/vezelay-compostelle.eu\\\/es\\\/#organization\",\"name\":\"V\u00e9zelay Compostelle\",\"url\":\"https:\\\/\\\/vezelay-compostelle.eu\\\/es\\\/\",\"logo\":{\"@type\":\"ImageObject\",\"inLanguage\":\"es\",\"@id\":\"https:\\\/\\\/vezelay-compostelle.eu\\\/es\\\/#\\\/schema\\\/logo\\\/image\\\/\",\"url\":\"https:\\\/\\\/vezelay-compostelle.eu\\\/wp-content\\\/uploads\\\/2023\\\/08\\\/logo-amis_et_pelerins.png\",\"contentUrl\":\"https:\\\/\\\/vezelay-compostelle.eu\\\/wp-content\\\/uploads\\\/2023\\\/08\\\/logo-amis_et_pelerins.png\",\"width\":269,\"height\":308,\"caption\":\"V\u00e9zelay Compostelle\"},\"image\":{\"@id\":\"https:\\\/\\\/vezelay-compostelle.eu\\\/es\\\/#\\\/schema\\\/logo\\\/image\\\/\"}}]}<\/script>\n<!-- \/ Yoast SEO plugin. -->","yoast_head_json":{"title":"Preparaci\u00f3n para la hospitalidad - V\u00e9zelay Compostelle","robots":{"index":"index","follow":"follow","max-snippet":"max-snippet:-1","max-image-preview":"max-image-preview:large","max-video-preview":"max-video-preview:-1"},"canonical":"https:\/\/vezelay-compostelle.eu\/es\/preparacion-para-la-hospitalidad\/","og_locale":"es_ES","og_type":"article","og_title":"Preparaci\u00f3n para la hospitalidad - V\u00e9zelay Compostelle","og_description":"Amigos peregrinos, sed hospitalarios.La pr\u00f3xima sesi\u00f3n de preparaci\u00f3n de la hospitalidad organizada por nuestra asociaci\u00f3n bajo los auspicios de Compostela Francia tendr\u00e1 lugar del martes 5 de marzo de 2024 (recepci\u00f3n a partir de las 18 h) al viernes 8 de marzo de 2024 (final previsto a las 12 h) en el monasterio de Annonciade [&hellip;]","og_url":"https:\/\/vezelay-compostelle.eu\/es\/preparacion-para-la-hospitalidad\/","og_site_name":"V\u00e9zelay Compostelle","article_modified_time":"2023-11-08T10:22:05+00:00","twitter_card":"summary_large_image","schema":{"@context":"https:\/\/schema.org","@graph":[{"@type":"WebPage","@id":"https:\/\/vezelay-compostelle.eu\/es\/preparacion-para-la-hospitalidad\/","url":"https:\/\/vezelay-compostelle.eu\/es\/preparacion-para-la-hospitalidad\/","name":"Preparaci\u00f3n para la hospitalidad - V\u00e9zelay Compostelle","isPartOf":{"@id":"https:\/\/vezelay-compostelle.eu\/es\/#website"},"datePublished":"2023-04-06T08:53:07+00:00","dateModified":"2023-11-08T10:22:05+00:00","breadcrumb":{"@id":"https:\/\/vezelay-compostelle.eu\/es\/preparacion-para-la-hospitalidad\/#breadcrumb"},"inLanguage":"es","potentialAction":[{"@type":"ReadAction","target":["https:\/\/vezelay-compostelle.eu\/es\/preparacion-para-la-hospitalidad\/"]}]},{"@type":"BreadcrumbList","@id":"https:\/\/vezelay-compostelle.eu\/es\/preparacion-para-la-hospitalidad\/#breadcrumb","itemListElement":[{"@type":"ListItem","position":1,"name":"Accueil","item":"https:\/\/vezelay-compostelle.eu\/es\/"},{"@type":"ListItem","position":2,"name":"Preparaci\u00f3n para la hospitalidad"}]},{"@type":"WebSite","@id":"https:\/\/vezelay-compostelle.eu\/es\/#website","url":"https:\/\/vezelay-compostelle.eu\/es\/","name":"V\u00e9zelay Compostelle","description":"","publisher":{"@id":"https:\/\/vezelay-compostelle.eu\/es\/#organization"},"potentialAction":[{"@type":"SearchAction","target":{"@type":"EntryPoint","urlTemplate":"https:\/\/vezelay-compostelle.eu\/es\/?s={search_term_string}"},"query-input":{"@type":"PropertyValueSpecification","valueRequired":true,"valueName":"search_term_string"}}],"inLanguage":"es"},{"@type":"Organization","@id":"https:\/\/vezelay-compostelle.eu\/es\/#organization","name":"V\u00e9zelay Compostelle","url":"https:\/\/vezelay-compostelle.eu\/es\/","logo":{"@type":"ImageObject","inLanguage":"es","@id":"https:\/\/vezelay-compostelle.eu\/es\/#\/schema\/logo\/image\/","url":"https:\/\/vezelay-compostelle.eu\/wp-content\/uploads\/2023\/08\/logo-amis_et_pelerins.png","contentUrl":"https:\/\/vezelay-compostelle.eu\/wp-content\/uploads\/2023\/08\/logo-amis_et_pelerins.png","width":269,"height":308,"caption":"V\u00e9zelay Compostelle"},"image":{"@id":"https:\/\/vezelay-compostelle.eu\/es\/#\/schema\/logo\/image\/"}}]}},"_links":{"self":[{"href":"https:\/\/vezelay-compostelle.eu\/es\/wp-json\/wp\/v2\/pages\/7292","targetHints":{"allow":["GET"]}}],"collection":[{"href":"https:\/\/vezelay-compostelle.eu\/es\/wp-json\/wp\/v2\/pages"}],"about":[{"href":"https:\/\/vezelay-compostelle.eu\/es\/wp-json\/wp\/v2\/types\/page"}],"author":[{"embeddable":true,"href":"https:\/\/vezelay-compostelle.eu\/es\/wp-json\/wp\/v2\/users\/4"}],"replies":[{"embeddable":true,"href":"https:\/\/vezelay-compostelle.eu\/es\/wp-json\/wp\/v2\/comments?post=7292"}],"version-history":[{"count":2,"href":"https:\/\/vezelay-compostelle.eu\/es\/wp-json\/wp\/v2\/pages\/7292\/revisions"}],"predecessor-version":[{"id":11029,"href":"https:\/\/vezelay-compostelle.eu\/es\/wp-json\/wp\/v2\/pages\/7292\/revisions\/11029"}],"wp:attachment":[{"href":"https:\/\/vezelay-compostelle.eu\/es\/wp-json\/wp\/v2\/media?parent=7292"}],"curies":[{"name":"wp","href":"https:\/\/api.w.org\/{rel}","templated":true}]}}