{"id":7263,"date":"2022-02-23T14:22:19","date_gmt":"2022-02-23T13:22:19","guid":{"rendered":"https:\/\/vezelay-compostelle.eu\/las-misiones\/"},"modified":"2023-11-08T10:46:14","modified_gmt":"2023-11-08T09:46:14","slug":"las-misiones","status":"publish","type":"page","link":"https:\/\/vezelay-compostelle.eu\/es\/las-misiones\/","title":{"rendered":"Las misiones"},"content":{"rendered":"\t\t<div data-elementor-type=\"wp-page\" data-elementor-id=\"7263\" class=\"elementor elementor-7263 elementor-2649\" data-elementor-post-type=\"page\">\n\t\t\t\t\t\t<section class=\"elementor-section elementor-top-section elementor-element elementor-element-a054ab9 elementor-section-boxed elementor-section-height-default elementor-section-height-default\" data-id=\"a054ab9\" data-element_type=\"section\" data-e-type=\"section\">\n\t\t\t\t\t\t<div class=\"elementor-container elementor-column-gap-default\">\n\t\t\t\t\t<div class=\"elementor-column elementor-col-100 elementor-top-column elementor-element elementor-element-cb01314\" data-id=\"cb01314\" data-element_type=\"column\" data-e-type=\"column\">\n\t\t\t<div class=\"elementor-widget-wrap elementor-element-populated\">\n\t\t\t\t\t\t<div class=\"elementor-element elementor-element-ce4ddb3 title-underline elementor-widget elementor-widget-heading\" data-id=\"ce4ddb3\" data-element_type=\"widget\" data-e-type=\"widget\" data-widget_type=\"heading.default\">\n\t\t\t\t<div class=\"elementor-widget-container\">\n\t\t\t\t\t<h1 class=\"elementor-heading-title elementor-size-xl\">LAS MISIONES<\/h1>\t\t\t\t<\/div>\n\t\t\t\t<\/div>\n\t\t\t\t<div class=\"elementor-element elementor-element-750dc03 elementor-widget elementor-widget-text-editor\" data-id=\"750dc03\" data-element_type=\"widget\" data-e-type=\"widget\" data-widget_type=\"text-editor.default\">\n\t\t\t\t<div class=\"elementor-widget-container\">\n\t\t\t\t\t\t\t\t\t<p>Desde su creaci\u00f3n, la Asociaci\u00f3n ha perseguido con \u00e9xito sus objetivos, gracias a sus miembros y voluntarios, y ha logrado varios \u00e9xitos:- acoger a los peregrinos y a cualquier persona interesada en el Camino de V\u00e9zelay desde mediados de marzo hasta mediados de octubre, en la oficina de la Asociaci\u00f3n en V\u00e9zelay:<\/p>\n<ul class=\"design-list\">\n<li>asesoramiento, respuestas a preguntas por tel\u00e9fono (contestador autom\u00e1tico cuando la oficina est\u00e1 cerrada),<\/li>\n<li>correspondencia postal y electr\u00f3nica,<\/li>\n<li>un sitio web completamente renovado e informaci\u00f3n actualizada peri\u00f3dicamente,<\/li>\n<li>Difusi\u00f3n de informaci\u00f3n sobre el terreno: presentaciones y conferencias diversas, participaci\u00f3n en actos municipales o de asociaciones, respuestas a solicitudes,<\/li>\n<li>publicaci\u00f3n de un bolet\u00edn, un folleto espiritual y cultural,<\/li>\n<li>la puesta en marcha y el mantenimiento de la se\u00f1alizaci\u00f3n del Camino por equipos de voluntarios que garantizan un seguimiento regular,<\/li>\n<li>desarrollo de la hospitalidad: albergues gestionados por la Asociaci\u00f3n gracias a voluntarios hospitalarios, y hospitalidad a domicilio.<\/li>\n<\/ul>\n\t\t\t\t\t\t\t\t<\/div>\n\t\t\t\t<\/div>\n\t\t\t\t\t<\/div>\n\t\t<\/div>\n\t\t\t\t\t<\/div>\n\t\t<\/section>\n\t\t\t\t<\/div>\n\t\t","protected":false},"excerpt":{"rendered":"<p>LAS MISIONES Desde su creaci\u00f3n, la Asociaci\u00f3n ha perseguido con \u00e9xito sus objetivos, gracias a sus miembros y voluntarios, y ha logrado varios \u00e9xitos:- acoger a los peregrinos y a cualquier persona interesada en el Camino de V\u00e9zelay desde mediados de marzo hasta mediados de octubre, en la oficina de la Asociaci\u00f3n en V\u00e9zelay: asesoramiento, [&hellip;]<\/p>\n","protected":false},"author":4,"featured_media":0,"parent":0,"menu_order":0,"comment_status":"closed","ping_status":"closed","template":"elementor_header_footer","meta":{"_acf_changed":false,"footnotes":""},"class_list":["post-7263","page","type-page","status-publish","hentry"],"acf":[],"yoast_head":"<!-- This site is optimized with the Yoast SEO plugin v27.4 - https:\/\/yoast.com\/product\/yoast-seo-wordpress\/ -->\n<title>Las misiones - V\u00e9zelay Compostelle<\/title>\n<meta name=\"robots\" content=\"index, follow, max-snippet:-1, max-image-preview:large, max-video-preview:-1\" \/>\n<link rel=\"canonical\" href=\"https:\/\/vezelay-compostelle.eu\/es\/las-misiones\/\" \/>\n<meta property=\"og:locale\" content=\"es_ES\" \/>\n<meta property=\"og:type\" content=\"article\" \/>\n<meta property=\"og:title\" content=\"Las misiones - V\u00e9zelay Compostelle\" \/>\n<meta property=\"og:description\" content=\"LAS MISIONES Desde su creaci\u00f3n, la Asociaci\u00f3n ha perseguido con \u00e9xito sus objetivos, gracias a sus miembros y voluntarios, y ha logrado varios \u00e9xitos:- acoger a los peregrinos y a cualquier persona interesada en el Camino de V\u00e9zelay desde mediados de marzo hasta mediados de octubre, en la oficina de la Asociaci\u00f3n en V\u00e9zelay: asesoramiento, [&hellip;]\" \/>\n<meta property=\"og:url\" content=\"https:\/\/vezelay-compostelle.eu\/es\/las-misiones\/\" \/>\n<meta property=\"og:site_name\" content=\"V\u00e9zelay Compostelle\" \/>\n<meta property=\"article:modified_time\" content=\"2023-11-08T09:46:14+00:00\" \/>\n<meta name=\"twitter:card\" content=\"summary_large_image\" \/>\n<meta name=\"twitter:label1\" content=\"Tiempo de lectura\" \/>\n\t<meta name=\"twitter:data1\" content=\"1 minuto\" \/>\n<script type=\"application\/ld+json\" class=\"yoast-schema-graph\">{\"@context\":\"https:\\\/\\\/schema.org\",\"@graph\":[{\"@type\":\"WebPage\",\"@id\":\"https:\\\/\\\/vezelay-compostelle.eu\\\/es\\\/las-misiones\\\/\",\"url\":\"https:\\\/\\\/vezelay-compostelle.eu\\\/es\\\/las-misiones\\\/\",\"name\":\"Las misiones - V\u00e9zelay Compostelle\",\"isPartOf\":{\"@id\":\"https:\\\/\\\/vezelay-compostelle.eu\\\/es\\\/#website\"},\"datePublished\":\"2022-02-23T13:22:19+00:00\",\"dateModified\":\"2023-11-08T09:46:14+00:00\",\"breadcrumb\":{\"@id\":\"https:\\\/\\\/vezelay-compostelle.eu\\\/es\\\/las-misiones\\\/#breadcrumb\"},\"inLanguage\":\"es\",\"potentialAction\":[{\"@type\":\"ReadAction\",\"target\":[\"https:\\\/\\\/vezelay-compostelle.eu\\\/es\\\/las-misiones\\\/\"]}]},{\"@type\":\"BreadcrumbList\",\"@id\":\"https:\\\/\\\/vezelay-compostelle.eu\\\/es\\\/las-misiones\\\/#breadcrumb\",\"itemListElement\":[{\"@type\":\"ListItem\",\"position\":1,\"name\":\"Accueil\",\"item\":\"https:\\\/\\\/vezelay-compostelle.eu\\\/es\\\/\"},{\"@type\":\"ListItem\",\"position\":2,\"name\":\"Las misiones\"}]},{\"@type\":\"WebSite\",\"@id\":\"https:\\\/\\\/vezelay-compostelle.eu\\\/es\\\/#website\",\"url\":\"https:\\\/\\\/vezelay-compostelle.eu\\\/es\\\/\",\"name\":\"V\u00e9zelay Compostelle\",\"description\":\"\",\"publisher\":{\"@id\":\"https:\\\/\\\/vezelay-compostelle.eu\\\/es\\\/#organization\"},\"potentialAction\":[{\"@type\":\"SearchAction\",\"target\":{\"@type\":\"EntryPoint\",\"urlTemplate\":\"https:\\\/\\\/vezelay-compostelle.eu\\\/es\\\/?s={search_term_string}\"},\"query-input\":{\"@type\":\"PropertyValueSpecification\",\"valueRequired\":true,\"valueName\":\"search_term_string\"}}],\"inLanguage\":\"es\"},{\"@type\":\"Organization\",\"@id\":\"https:\\\/\\\/vezelay-compostelle.eu\\\/es\\\/#organization\",\"name\":\"V\u00e9zelay Compostelle\",\"url\":\"https:\\\/\\\/vezelay-compostelle.eu\\\/es\\\/\",\"logo\":{\"@type\":\"ImageObject\",\"inLanguage\":\"es\",\"@id\":\"https:\\\/\\\/vezelay-compostelle.eu\\\/es\\\/#\\\/schema\\\/logo\\\/image\\\/\",\"url\":\"https:\\\/\\\/vezelay-compostelle.eu\\\/wp-content\\\/uploads\\\/2023\\\/08\\\/logo-amis_et_pelerins.png\",\"contentUrl\":\"https:\\\/\\\/vezelay-compostelle.eu\\\/wp-content\\\/uploads\\\/2023\\\/08\\\/logo-amis_et_pelerins.png\",\"width\":269,\"height\":308,\"caption\":\"V\u00e9zelay Compostelle\"},\"image\":{\"@id\":\"https:\\\/\\\/vezelay-compostelle.eu\\\/es\\\/#\\\/schema\\\/logo\\\/image\\\/\"}}]}<\/script>\n<!-- \/ Yoast SEO plugin. -->","yoast_head_json":{"title":"Las misiones - V\u00e9zelay Compostelle","robots":{"index":"index","follow":"follow","max-snippet":"max-snippet:-1","max-image-preview":"max-image-preview:large","max-video-preview":"max-video-preview:-1"},"canonical":"https:\/\/vezelay-compostelle.eu\/es\/las-misiones\/","og_locale":"es_ES","og_type":"article","og_title":"Las misiones - V\u00e9zelay Compostelle","og_description":"LAS MISIONES Desde su creaci\u00f3n, la Asociaci\u00f3n ha perseguido con \u00e9xito sus objetivos, gracias a sus miembros y voluntarios, y ha logrado varios \u00e9xitos:- acoger a los peregrinos y a cualquier persona interesada en el Camino de V\u00e9zelay desde mediados de marzo hasta mediados de octubre, en la oficina de la Asociaci\u00f3n en V\u00e9zelay: asesoramiento, [&hellip;]","og_url":"https:\/\/vezelay-compostelle.eu\/es\/las-misiones\/","og_site_name":"V\u00e9zelay Compostelle","article_modified_time":"2023-11-08T09:46:14+00:00","twitter_card":"summary_large_image","twitter_misc":{"Tiempo de lectura":"1 minuto"},"schema":{"@context":"https:\/\/schema.org","@graph":[{"@type":"WebPage","@id":"https:\/\/vezelay-compostelle.eu\/es\/las-misiones\/","url":"https:\/\/vezelay-compostelle.eu\/es\/las-misiones\/","name":"Las misiones - V\u00e9zelay Compostelle","isPartOf":{"@id":"https:\/\/vezelay-compostelle.eu\/es\/#website"},"datePublished":"2022-02-23T13:22:19+00:00","dateModified":"2023-11-08T09:46:14+00:00","breadcrumb":{"@id":"https:\/\/vezelay-compostelle.eu\/es\/las-misiones\/#breadcrumb"},"inLanguage":"es","potentialAction":[{"@type":"ReadAction","target":["https:\/\/vezelay-compostelle.eu\/es\/las-misiones\/"]}]},{"@type":"BreadcrumbList","@id":"https:\/\/vezelay-compostelle.eu\/es\/las-misiones\/#breadcrumb","itemListElement":[{"@type":"ListItem","position":1,"name":"Accueil","item":"https:\/\/vezelay-compostelle.eu\/es\/"},{"@type":"ListItem","position":2,"name":"Las misiones"}]},{"@type":"WebSite","@id":"https:\/\/vezelay-compostelle.eu\/es\/#website","url":"https:\/\/vezelay-compostelle.eu\/es\/","name":"V\u00e9zelay Compostelle","description":"","publisher":{"@id":"https:\/\/vezelay-compostelle.eu\/es\/#organization"},"potentialAction":[{"@type":"SearchAction","target":{"@type":"EntryPoint","urlTemplate":"https:\/\/vezelay-compostelle.eu\/es\/?s={search_term_string}"},"query-input":{"@type":"PropertyValueSpecification","valueRequired":true,"valueName":"search_term_string"}}],"inLanguage":"es"},{"@type":"Organization","@id":"https:\/\/vezelay-compostelle.eu\/es\/#organization","name":"V\u00e9zelay Compostelle","url":"https:\/\/vezelay-compostelle.eu\/es\/","logo":{"@type":"ImageObject","inLanguage":"es","@id":"https:\/\/vezelay-compostelle.eu\/es\/#\/schema\/logo\/image\/","url":"https:\/\/vezelay-compostelle.eu\/wp-content\/uploads\/2023\/08\/logo-amis_et_pelerins.png","contentUrl":"https:\/\/vezelay-compostelle.eu\/wp-content\/uploads\/2023\/08\/logo-amis_et_pelerins.png","width":269,"height":308,"caption":"V\u00e9zelay Compostelle"},"image":{"@id":"https:\/\/vezelay-compostelle.eu\/es\/#\/schema\/logo\/image\/"}}]}},"_links":{"self":[{"href":"https:\/\/vezelay-compostelle.eu\/es\/wp-json\/wp\/v2\/pages\/7263","targetHints":{"allow":["GET"]}}],"collection":[{"href":"https:\/\/vezelay-compostelle.eu\/es\/wp-json\/wp\/v2\/pages"}],"about":[{"href":"https:\/\/vezelay-compostelle.eu\/es\/wp-json\/wp\/v2\/types\/page"}],"author":[{"embeddable":true,"href":"https:\/\/vezelay-compostelle.eu\/es\/wp-json\/wp\/v2\/users\/4"}],"replies":[{"embeddable":true,"href":"https:\/\/vezelay-compostelle.eu\/es\/wp-json\/wp\/v2\/comments?post=7263"}],"version-history":[{"count":5,"href":"https:\/\/vezelay-compostelle.eu\/es\/wp-json\/wp\/v2\/pages\/7263\/revisions"}],"predecessor-version":[{"id":10994,"href":"https:\/\/vezelay-compostelle.eu\/es\/wp-json\/wp\/v2\/pages\/7263\/revisions\/10994"}],"wp:attachment":[{"href":"https:\/\/vezelay-compostelle.eu\/es\/wp-json\/wp\/v2\/media?parent=7263"}],"curies":[{"name":"wp","href":"https:\/\/api.w.org\/{rel}","templated":true}]}}