{"id":7227,"date":"2022-03-09T16:28:25","date_gmt":"2022-03-09T15:28:25","guid":{"rendered":"https:\/\/vezelay-compostelle.eu\/la-permanencia\/"},"modified":"2023-11-22T13:50:12","modified_gmt":"2023-11-22T12:50:12","slug":"la-permanencia","status":"publish","type":"page","link":"https:\/\/vezelay-compostelle.eu\/es\/la-permanencia\/","title":{"rendered":"La permanencia"},"content":{"rendered":"\t\t<div data-elementor-type=\"wp-page\" data-elementor-id=\"7227\" class=\"elementor elementor-7227 elementor-3462\" data-elementor-post-type=\"page\">\n\t\t\t\t\t\t<section class=\"elementor-section elementor-top-section elementor-element elementor-element-6f6f01bd elementor-section-boxed elementor-section-height-default elementor-section-height-default\" data-id=\"6f6f01bd\" data-element_type=\"section\" data-e-type=\"section\">\n\t\t\t\t\t\t<div class=\"elementor-container elementor-column-gap-default\">\n\t\t\t\t\t<div class=\"elementor-column elementor-col-100 elementor-top-column elementor-element elementor-element-74239ec8\" data-id=\"74239ec8\" data-element_type=\"column\" data-e-type=\"column\">\n\t\t\t<div class=\"elementor-widget-wrap elementor-element-populated\">\n\t\t\t\t\t\t<div class=\"elementor-element elementor-element-11e588f0 title-underline elementor-widget elementor-widget-heading\" data-id=\"11e588f0\" data-element_type=\"widget\" data-e-type=\"widget\" data-widget_type=\"heading.default\">\n\t\t\t\t<div class=\"elementor-widget-container\">\n\t\t\t\t\t<h1 class=\"elementor-heading-title elementor-size-default\">Nuestro despacho en la sede de la asociaci\u00f3n\n<\/h1>\t\t\t\t<\/div>\n\t\t\t\t<\/div>\n\t\t\t\t<div class=\"elementor-element elementor-element-dd3f4d8 elementor-widget elementor-widget-text-editor\" data-id=\"dd3f4d8\" data-element_type=\"widget\" data-e-type=\"widget\" data-widget_type=\"text-editor.default\">\n\t\t\t\t<div class=\"elementor-widget-container\">\n\t\t\t\t\t\t\t\t\t<p>La asociaci\u00f3n tiene una oficina permanente en 24 Rue Saint-Pierre en V\u00e9zelay.<\/p>\n<p>Tel\u00e9fono: <strong>+33 (0)3 86 32 38 11<\/strong><\/p>\n<p>L\u00ednea telef\u00f3nica garantizada en invierno: + 33 (0)3 86 32 38 11<\/p>\n<p>Correo electr\u00f3nico: permanence@vezelay-compostelle.eu<a href=\"mailto:permanence@vezelay-compostelle.eu\"><\/a><\/p>\n\t\t\t\t\t\t\t\t<\/div>\n\t\t\t\t<\/div>\n\t\t\t\t<div class=\"elementor-element elementor-element-00f7f3a elementor-widget elementor-widget-image\" data-id=\"00f7f3a\" data-element_type=\"widget\" data-e-type=\"widget\" data-widget_type=\"image.default\">\n\t\t\t\t<div class=\"elementor-widget-container\">\n\t\t\t\t\t\t\t\t\t\t\t\t\t\t\t<img decoding=\"async\" src=\"https:\/\/vezelay-compostelle.eu\/wp-content\/uploads\/2023\/11\/Horaire_annuel.jpg\" title=\"\" alt=\"\" loading=\"lazy\" \/>\t\t\t\t\t\t\t\t\t\t\t\t\t\t\t<\/div>\n\t\t\t\t<\/div>\n\t\t\t\t<div class=\"elementor-element elementor-element-6ba75c2 elementor-widget elementor-widget-image\" data-id=\"6ba75c2\" data-element_type=\"widget\" data-e-type=\"widget\" data-widget_type=\"image.default\">\n\t\t\t\t<div class=\"elementor-widget-container\">\n\t\t\t\t\t\t\t\t\t\t\t\t\t\t\t<img fetchpriority=\"high\" decoding=\"async\" width=\"255\" height=\"500\" src=\"https:\/\/vezelay-compostelle.eu\/wp-content\/uploads\/2022\/02\/silhouettephoto-asso.png\" class=\"attachment-large size-large wp-image-6538\" alt=\"Amis et P\u00e8lerins de Saint-Jacques de la Voie de V\u00e9zelay\" srcset=\"https:\/\/vezelay-compostelle.eu\/wp-content\/uploads\/2022\/02\/silhouettephoto-asso.png 255w, https:\/\/vezelay-compostelle.eu\/wp-content\/uploads\/2022\/02\/silhouettephoto-asso-153x300.png 153w\" sizes=\"(max-width: 255px) 100vw, 255px\" \/>\t\t\t\t\t\t\t\t\t\t\t\t\t\t\t<\/div>\n\t\t\t\t<\/div>\n\t\t\t\t<div class=\"elementor-element elementor-element-554c445c elementor-widget elementor-widget-text-editor\" data-id=\"554c445c\" data-element_type=\"widget\" data-e-type=\"widget\" data-widget_type=\"text-editor.default\">\n\t\t\t\t<div class=\"elementor-widget-container\">\n\t\t\t\t\t\t\t\t\t<p>Ser\u00e1s recibido por antiguos peregrinos que estar\u00e1n disponibles para brindarte la informaci\u00f3n necesaria para tu peregrinaci\u00f3n.<\/p>\n<p>Podr\u00e1s obtener la credencial, las gu\u00edas, consultar la descripci\u00f3n de la ruta con la lista de alojamientos, tambi\u00e9n obtener informaci\u00f3n sobre la asociaci\u00f3n y la ayuda que presta a los peregrinos y, eventualmente, <a href=\"https:\/\/vezelay-compostelle.eu\/es\/unase-a-la-asociacion\/\">unirte<\/a> y <a href=\"https:\/\/vezelay-compostelle.eu\/es\/hazte-voluntario\/\">convertirte en voluntario<\/a>.<\/p>\n\t\t\t\t\t\t\t\t<\/div>\n\t\t\t\t<\/div>\n\t\t\t\t\t<\/div>\n\t\t<\/div>\n\t\t\t\t\t<\/div>\n\t\t<\/section>\n\t\t\t\t<section class=\"elementor-section elementor-top-section elementor-element elementor-element-68ba571 elementor-section-boxed elementor-section-height-default elementor-section-height-default\" data-id=\"68ba571\" data-element_type=\"section\" data-e-type=\"section\">\n\t\t\t\t\t\t<div class=\"elementor-container elementor-column-gap-default\">\n\t\t\t\t\t<div class=\"elementor-column elementor-col-100 elementor-top-column elementor-element elementor-element-8823ebb\" data-id=\"8823ebb\" data-element_type=\"column\" data-e-type=\"column\">\n\t\t\t<div class=\"elementor-widget-wrap elementor-element-populated\">\n\t\t\t\t\t\t<div class=\"elementor-element elementor-element-de1b77d title-underline elementor-widget elementor-widget-heading\" data-id=\"de1b77d\" data-element_type=\"widget\" data-e-type=\"widget\" data-widget_type=\"heading.default\">\n\t\t\t\t<div class=\"elementor-widget-container\">\n\t\t\t\t\t<h2 class=\"elementor-heading-title elementor-size-default\"><a href=\"https:\/\/vezelay-compostelle.eu\/statistiques\/\" target=\"_blank\">Visitantes recibidos en la oficina de V\u00e9zelay en 2022 <\/a><\/h2>\t\t\t\t<\/div>\n\t\t\t\t<\/div>\n\t\t\t\t\t<\/div>\n\t\t<\/div>\n\t\t\t\t\t<\/div>\n\t\t<\/section>\n\t\t\t\t<\/div>\n\t\t","protected":false},"excerpt":{"rendered":"<p>Nuestro despacho en la sede de la asociaci\u00f3n La asociaci\u00f3n tiene una oficina permanente en 24 Rue Saint-Pierre en V\u00e9zelay. Tel\u00e9fono: +33 (0)3 86 32 38 11 L\u00ednea telef\u00f3nica garantizada en invierno: + 33 (0)3 86 32 38 11 Correo electr\u00f3nico: permanence@vezelay-compostelle.eu Ser\u00e1s recibido por antiguos peregrinos que estar\u00e1n disponibles para brindarte la informaci\u00f3n necesaria [&hellip;]<\/p>\n","protected":false},"author":4,"featured_media":0,"parent":0,"menu_order":0,"comment_status":"closed","ping_status":"closed","template":"elementor_header_footer","meta":{"_acf_changed":false,"footnotes":""},"class_list":["post-7227","page","type-page","status-publish","hentry"],"acf":[],"yoast_head":"<!-- This site is optimized with the Yoast SEO plugin v27.3 - https:\/\/yoast.com\/product\/yoast-seo-wordpress\/ -->\n<title>La permanencia - V\u00e9zelay Compostelle<\/title>\n<meta name=\"robots\" content=\"index, follow, max-snippet:-1, max-image-preview:large, max-video-preview:-1\" \/>\n<link rel=\"canonical\" href=\"https:\/\/vezelay-compostelle.eu\/es\/la-permanencia\/\" \/>\n<meta property=\"og:locale\" content=\"es_ES\" \/>\n<meta property=\"og:type\" content=\"article\" \/>\n<meta property=\"og:title\" content=\"La permanencia - V\u00e9zelay Compostelle\" \/>\n<meta property=\"og:description\" content=\"Nuestro despacho en la sede de la asociaci\u00f3n La asociaci\u00f3n tiene una oficina permanente en 24 Rue Saint-Pierre en V\u00e9zelay. Tel\u00e9fono: +33 (0)3 86 32 38 11 L\u00ednea telef\u00f3nica garantizada en invierno: + 33 (0)3 86 32 38 11 Correo electr\u00f3nico: permanence@vezelay-compostelle.eu Ser\u00e1s recibido por antiguos peregrinos que estar\u00e1n disponibles para brindarte la informaci\u00f3n necesaria [&hellip;]\" \/>\n<meta property=\"og:url\" content=\"https:\/\/vezelay-compostelle.eu\/es\/la-permanencia\/\" \/>\n<meta property=\"og:site_name\" content=\"V\u00e9zelay Compostelle\" \/>\n<meta property=\"article:modified_time\" content=\"2023-11-22T12:50:12+00:00\" \/>\n<meta property=\"og:image\" content=\"https:\/\/vezelay-compostelle.eu\/wp-content\/uploads\/2023\/11\/Horaire_annuel-1024x520.jpg\" \/>\n<meta name=\"twitter:card\" content=\"summary_large_image\" \/>\n<meta name=\"twitter:label1\" content=\"Tiempo de lectura\" \/>\n\t<meta name=\"twitter:data1\" content=\"1 minuto\" \/>\n<script type=\"application\/ld+json\" class=\"yoast-schema-graph\">{\"@context\":\"https:\\\/\\\/schema.org\",\"@graph\":[{\"@type\":\"WebPage\",\"@id\":\"https:\\\/\\\/vezelay-compostelle.eu\\\/es\\\/la-permanencia\\\/\",\"url\":\"https:\\\/\\\/vezelay-compostelle.eu\\\/es\\\/la-permanencia\\\/\",\"name\":\"La permanencia - V\u00e9zelay Compostelle\",\"isPartOf\":{\"@id\":\"https:\\\/\\\/vezelay-compostelle.eu\\\/es\\\/#website\"},\"primaryImageOfPage\":{\"@id\":\"https:\\\/\\\/vezelay-compostelle.eu\\\/es\\\/la-permanencia\\\/#primaryimage\"},\"image\":{\"@id\":\"https:\\\/\\\/vezelay-compostelle.eu\\\/es\\\/la-permanencia\\\/#primaryimage\"},\"thumbnailUrl\":\"https:\\\/\\\/vezelay-compostelle.eu\\\/wp-content\\\/uploads\\\/2023\\\/11\\\/Horaire_annuel-1024x520.jpg\",\"datePublished\":\"2022-03-09T15:28:25+00:00\",\"dateModified\":\"2023-11-22T12:50:12+00:00\",\"breadcrumb\":{\"@id\":\"https:\\\/\\\/vezelay-compostelle.eu\\\/es\\\/la-permanencia\\\/#breadcrumb\"},\"inLanguage\":\"es\",\"potentialAction\":[{\"@type\":\"ReadAction\",\"target\":[\"https:\\\/\\\/vezelay-compostelle.eu\\\/es\\\/la-permanencia\\\/\"]}]},{\"@type\":\"ImageObject\",\"inLanguage\":\"es\",\"@id\":\"https:\\\/\\\/vezelay-compostelle.eu\\\/es\\\/la-permanencia\\\/#primaryimage\",\"url\":\"https:\\\/\\\/vezelay-compostelle.eu\\\/wp-content\\\/uploads\\\/2023\\\/11\\\/Horaire_annuel-1024x520.jpg\",\"contentUrl\":\"https:\\\/\\\/vezelay-compostelle.eu\\\/wp-content\\\/uploads\\\/2023\\\/11\\\/Horaire_annuel-1024x520.jpg\"},{\"@type\":\"BreadcrumbList\",\"@id\":\"https:\\\/\\\/vezelay-compostelle.eu\\\/es\\\/la-permanencia\\\/#breadcrumb\",\"itemListElement\":[{\"@type\":\"ListItem\",\"position\":1,\"name\":\"Accueil\",\"item\":\"https:\\\/\\\/vezelay-compostelle.eu\\\/es\\\/\"},{\"@type\":\"ListItem\",\"position\":2,\"name\":\"La permanencia\"}]},{\"@type\":\"WebSite\",\"@id\":\"https:\\\/\\\/vezelay-compostelle.eu\\\/es\\\/#website\",\"url\":\"https:\\\/\\\/vezelay-compostelle.eu\\\/es\\\/\",\"name\":\"V\u00e9zelay Compostelle\",\"description\":\"\",\"publisher\":{\"@id\":\"https:\\\/\\\/vezelay-compostelle.eu\\\/es\\\/#organization\"},\"potentialAction\":[{\"@type\":\"SearchAction\",\"target\":{\"@type\":\"EntryPoint\",\"urlTemplate\":\"https:\\\/\\\/vezelay-compostelle.eu\\\/es\\\/?s={search_term_string}\"},\"query-input\":{\"@type\":\"PropertyValueSpecification\",\"valueRequired\":true,\"valueName\":\"search_term_string\"}}],\"inLanguage\":\"es\"},{\"@type\":\"Organization\",\"@id\":\"https:\\\/\\\/vezelay-compostelle.eu\\\/es\\\/#organization\",\"name\":\"V\u00e9zelay Compostelle\",\"url\":\"https:\\\/\\\/vezelay-compostelle.eu\\\/es\\\/\",\"logo\":{\"@type\":\"ImageObject\",\"inLanguage\":\"es\",\"@id\":\"https:\\\/\\\/vezelay-compostelle.eu\\\/es\\\/#\\\/schema\\\/logo\\\/image\\\/\",\"url\":\"https:\\\/\\\/vezelay-compostelle.eu\\\/wp-content\\\/uploads\\\/2023\\\/08\\\/logo-amis_et_pelerins.png\",\"contentUrl\":\"https:\\\/\\\/vezelay-compostelle.eu\\\/wp-content\\\/uploads\\\/2023\\\/08\\\/logo-amis_et_pelerins.png\",\"width\":269,\"height\":308,\"caption\":\"V\u00e9zelay Compostelle\"},\"image\":{\"@id\":\"https:\\\/\\\/vezelay-compostelle.eu\\\/es\\\/#\\\/schema\\\/logo\\\/image\\\/\"}}]}<\/script>\n<!-- \/ Yoast SEO plugin. -->","yoast_head_json":{"title":"La permanencia - V\u00e9zelay Compostelle","robots":{"index":"index","follow":"follow","max-snippet":"max-snippet:-1","max-image-preview":"max-image-preview:large","max-video-preview":"max-video-preview:-1"},"canonical":"https:\/\/vezelay-compostelle.eu\/es\/la-permanencia\/","og_locale":"es_ES","og_type":"article","og_title":"La permanencia - V\u00e9zelay Compostelle","og_description":"Nuestro despacho en la sede de la asociaci\u00f3n La asociaci\u00f3n tiene una oficina permanente en 24 Rue Saint-Pierre en V\u00e9zelay. Tel\u00e9fono: +33 (0)3 86 32 38 11 L\u00ednea telef\u00f3nica garantizada en invierno: + 33 (0)3 86 32 38 11 Correo electr\u00f3nico: permanence@vezelay-compostelle.eu Ser\u00e1s recibido por antiguos peregrinos que estar\u00e1n disponibles para brindarte la informaci\u00f3n necesaria [&hellip;]","og_url":"https:\/\/vezelay-compostelle.eu\/es\/la-permanencia\/","og_site_name":"V\u00e9zelay Compostelle","article_modified_time":"2023-11-22T12:50:12+00:00","og_image":[{"url":"https:\/\/vezelay-compostelle.eu\/wp-content\/uploads\/2023\/11\/Horaire_annuel-1024x520.jpg","type":"","width":"","height":""}],"twitter_card":"summary_large_image","twitter_misc":{"Tiempo de lectura":"1 minuto"},"schema":{"@context":"https:\/\/schema.org","@graph":[{"@type":"WebPage","@id":"https:\/\/vezelay-compostelle.eu\/es\/la-permanencia\/","url":"https:\/\/vezelay-compostelle.eu\/es\/la-permanencia\/","name":"La permanencia - V\u00e9zelay Compostelle","isPartOf":{"@id":"https:\/\/vezelay-compostelle.eu\/es\/#website"},"primaryImageOfPage":{"@id":"https:\/\/vezelay-compostelle.eu\/es\/la-permanencia\/#primaryimage"},"image":{"@id":"https:\/\/vezelay-compostelle.eu\/es\/la-permanencia\/#primaryimage"},"thumbnailUrl":"https:\/\/vezelay-compostelle.eu\/wp-content\/uploads\/2023\/11\/Horaire_annuel-1024x520.jpg","datePublished":"2022-03-09T15:28:25+00:00","dateModified":"2023-11-22T12:50:12+00:00","breadcrumb":{"@id":"https:\/\/vezelay-compostelle.eu\/es\/la-permanencia\/#breadcrumb"},"inLanguage":"es","potentialAction":[{"@type":"ReadAction","target":["https:\/\/vezelay-compostelle.eu\/es\/la-permanencia\/"]}]},{"@type":"ImageObject","inLanguage":"es","@id":"https:\/\/vezelay-compostelle.eu\/es\/la-permanencia\/#primaryimage","url":"https:\/\/vezelay-compostelle.eu\/wp-content\/uploads\/2023\/11\/Horaire_annuel-1024x520.jpg","contentUrl":"https:\/\/vezelay-compostelle.eu\/wp-content\/uploads\/2023\/11\/Horaire_annuel-1024x520.jpg"},{"@type":"BreadcrumbList","@id":"https:\/\/vezelay-compostelle.eu\/es\/la-permanencia\/#breadcrumb","itemListElement":[{"@type":"ListItem","position":1,"name":"Accueil","item":"https:\/\/vezelay-compostelle.eu\/es\/"},{"@type":"ListItem","position":2,"name":"La permanencia"}]},{"@type":"WebSite","@id":"https:\/\/vezelay-compostelle.eu\/es\/#website","url":"https:\/\/vezelay-compostelle.eu\/es\/","name":"V\u00e9zelay Compostelle","description":"","publisher":{"@id":"https:\/\/vezelay-compostelle.eu\/es\/#organization"},"potentialAction":[{"@type":"SearchAction","target":{"@type":"EntryPoint","urlTemplate":"https:\/\/vezelay-compostelle.eu\/es\/?s={search_term_string}"},"query-input":{"@type":"PropertyValueSpecification","valueRequired":true,"valueName":"search_term_string"}}],"inLanguage":"es"},{"@type":"Organization","@id":"https:\/\/vezelay-compostelle.eu\/es\/#organization","name":"V\u00e9zelay Compostelle","url":"https:\/\/vezelay-compostelle.eu\/es\/","logo":{"@type":"ImageObject","inLanguage":"es","@id":"https:\/\/vezelay-compostelle.eu\/es\/#\/schema\/logo\/image\/","url":"https:\/\/vezelay-compostelle.eu\/wp-content\/uploads\/2023\/08\/logo-amis_et_pelerins.png","contentUrl":"https:\/\/vezelay-compostelle.eu\/wp-content\/uploads\/2023\/08\/logo-amis_et_pelerins.png","width":269,"height":308,"caption":"V\u00e9zelay Compostelle"},"image":{"@id":"https:\/\/vezelay-compostelle.eu\/es\/#\/schema\/logo\/image\/"}}]}},"_links":{"self":[{"href":"https:\/\/vezelay-compostelle.eu\/es\/wp-json\/wp\/v2\/pages\/7227","targetHints":{"allow":["GET"]}}],"collection":[{"href":"https:\/\/vezelay-compostelle.eu\/es\/wp-json\/wp\/v2\/pages"}],"about":[{"href":"https:\/\/vezelay-compostelle.eu\/es\/wp-json\/wp\/v2\/types\/page"}],"author":[{"embeddable":true,"href":"https:\/\/vezelay-compostelle.eu\/es\/wp-json\/wp\/v2\/users\/4"}],"replies":[{"embeddable":true,"href":"https:\/\/vezelay-compostelle.eu\/es\/wp-json\/wp\/v2\/comments?post=7227"}],"version-history":[{"count":9,"href":"https:\/\/vezelay-compostelle.eu\/es\/wp-json\/wp\/v2\/pages\/7227\/revisions"}],"predecessor-version":[{"id":11940,"href":"https:\/\/vezelay-compostelle.eu\/es\/wp-json\/wp\/v2\/pages\/7227\/revisions\/11940"}],"wp:attachment":[{"href":"https:\/\/vezelay-compostelle.eu\/es\/wp-json\/wp\/v2\/media?parent=7227"}],"curies":[{"name":"wp","href":"https:\/\/api.w.org\/{rel}","templated":true}]}}