{"id":7225,"date":"2022-02-28T09:44:25","date_gmt":"2022-02-28T08:44:25","guid":{"rendered":"https:\/\/vezelay-compostelle.eu\/historia\/"},"modified":"2023-11-21T11:53:45","modified_gmt":"2023-11-21T10:53:45","slug":"historia","status":"publish","type":"page","link":"https:\/\/vezelay-compostelle.eu\/es\/historia\/","title":{"rendered":"Historia"},"content":{"rendered":"\t\t<div data-elementor-type=\"wp-page\" data-elementor-id=\"7225\" class=\"elementor elementor-7225 elementor-2749\" data-elementor-post-type=\"page\">\n\t\t\t\t\t\t<section class=\"elementor-section elementor-top-section elementor-element elementor-element-ad40227 elementor-section-boxed elementor-section-height-default elementor-section-height-default\" data-id=\"ad40227\" data-element_type=\"section\" data-e-type=\"section\">\n\t\t\t\t\t\t<div class=\"elementor-container elementor-column-gap-default\">\n\t\t\t\t\t<div class=\"elementor-column elementor-col-50 elementor-top-column elementor-element elementor-element-436d3d9\" data-id=\"436d3d9\" data-element_type=\"column\" data-e-type=\"column\">\n\t\t\t<div class=\"elementor-widget-wrap elementor-element-populated\">\n\t\t\t\t\t\t<div class=\"elementor-element elementor-element-64fcd31 elementor-widget elementor-widget-image\" data-id=\"64fcd31\" data-element_type=\"widget\" data-e-type=\"widget\" data-widget_type=\"image.default\">\n\t\t\t\t<div class=\"elementor-widget-container\">\n\t\t\t\t\t\t\t\t\t\t\t\t\t\t\t<img fetchpriority=\"high\" decoding=\"async\" width=\"800\" height=\"534\" src=\"https:\/\/vezelay-compostelle.eu\/wp-content\/uploads\/2023\/03\/codex-calixtinus-santiago-compostela-facsimile-edition-01-1024x683.jpg\" class=\"attachment-large size-large wp-image-6919\" alt=\"Codex Calixtinus\" srcset=\"https:\/\/vezelay-compostelle.eu\/wp-content\/uploads\/2023\/03\/codex-calixtinus-santiago-compostela-facsimile-edition-01-1024x683.jpg 1024w, https:\/\/vezelay-compostelle.eu\/wp-content\/uploads\/2023\/03\/codex-calixtinus-santiago-compostela-facsimile-edition-01-300x200.jpg 300w, https:\/\/vezelay-compostelle.eu\/wp-content\/uploads\/2023\/03\/codex-calixtinus-santiago-compostela-facsimile-edition-01-768x512.jpg 768w, https:\/\/vezelay-compostelle.eu\/wp-content\/uploads\/2023\/03\/codex-calixtinus-santiago-compostela-facsimile-edition-01-1536x1024.jpg 1536w, https:\/\/vezelay-compostelle.eu\/wp-content\/uploads\/2023\/03\/codex-calixtinus-santiago-compostela-facsimile-edition-01-2048x1365.jpg 2048w\" sizes=\"(max-width: 800px) 100vw, 800px\" \/>\t\t\t\t\t\t\t\t\t\t\t\t\t\t\t<\/div>\n\t\t\t\t<\/div>\n\t\t\t\t\t<\/div>\n\t\t<\/div>\n\t\t\t\t<div class=\"elementor-column elementor-col-50 elementor-top-column elementor-element elementor-element-3d427a5\" data-id=\"3d427a5\" data-element_type=\"column\" data-e-type=\"column\">\n\t\t\t<div class=\"elementor-widget-wrap elementor-element-populated\">\n\t\t\t\t\t\t<div class=\"elementor-element elementor-element-d2b2cd6 elementor-widget elementor-widget-image\" data-id=\"d2b2cd6\" data-element_type=\"widget\" data-e-type=\"widget\" data-widget_type=\"image.default\">\n\t\t\t\t<div class=\"elementor-widget-container\">\n\t\t\t\t\t\t\t\t\t\t\t\t\t\t\t<img decoding=\"async\" width=\"408\" height=\"481\" src=\"https:\/\/vezelay-compostelle.eu\/wp-content\/uploads\/2023\/03\/histoire-VV-.png\" class=\"attachment-medium_large size-medium_large wp-image-6991\" alt=\"histoire de la Voie de V\u00e9zelay\" srcset=\"https:\/\/vezelay-compostelle.eu\/wp-content\/uploads\/2023\/03\/histoire-VV-.png 408w, https:\/\/vezelay-compostelle.eu\/wp-content\/uploads\/2023\/03\/histoire-VV--254x300.png 254w\" sizes=\"(max-width: 408px) 100vw, 408px\" \/>\t\t\t\t\t\t\t\t\t\t\t\t\t\t\t<\/div>\n\t\t\t\t<\/div>\n\t\t\t\t\t<\/div>\n\t\t<\/div>\n\t\t\t\t\t<\/div>\n\t\t<\/section>\n\t\t\t\t<section class=\"elementor-section elementor-top-section elementor-element elementor-element-5bd8600d elementor-section-boxed elementor-section-height-default elementor-section-height-default\" data-id=\"5bd8600d\" data-element_type=\"section\" data-e-type=\"section\">\n\t\t\t\t\t\t<div class=\"elementor-container elementor-column-gap-default\">\n\t\t\t\t\t<div class=\"elementor-column elementor-col-100 elementor-top-column elementor-element elementor-element-25a579f1\" data-id=\"25a579f1\" data-element_type=\"column\" data-e-type=\"column\">\n\t\t\t<div class=\"elementor-widget-wrap elementor-element-populated\">\n\t\t\t\t\t\t<div class=\"elementor-element elementor-element-50b5aaf title-underline elementor-widget elementor-widget-heading\" data-id=\"50b5aaf\" data-element_type=\"widget\" data-e-type=\"widget\" data-widget_type=\"heading.default\">\n\t\t\t\t<div class=\"elementor-widget-container\">\n\t\t\t\t\t<h1 class=\"elementor-heading-title elementor-size-default\">La historia del Camino de V\u00e9zelay<\/h1>\t\t\t\t<\/div>\n\t\t\t\t<\/div>\n\t\t\t\t<div class=\"elementor-element elementor-element-4f71d5f elementor-widget elementor-widget-text-editor\" data-id=\"4f71d5f\" data-element_type=\"widget\" data-e-type=\"widget\" data-widget_type=\"text-editor.default\">\n\t\t\t\t<div class=\"elementor-widget-container\">\n\t\t\t\t\t\t\t\t\t<p><span lang=\"fr-FR\">Citada en el <a href=\"https:\/\/vezelay-compostelle.eu\/wp-content\/uploads\/2023\/02\/Codex-Calixtinus.pdf\" target=\"_blank\" rel=\"noopener\">C\u00f3dice Calixtino<\/a> como una de las cuatro grandes rutas de peregrinaci\u00f3n a Santiago de Compostela, la ruta de V\u00e9zelay une la Bas\u00edlica de Santa Magdalena en V\u00e9zelay con la frontera espa\u00f1ola en Saint-Jean-Pied-de-Port. Atraviesa Francia en diagonal a lo largo de casi 900 kil\u00f3metros.<\/span> <\/p>\n<p><span lang=\"fr-FR\">El C\u00f3dice Calixtino es una obra del siglo XII. <\/span> <span lang=\"fr-FR\" style=\"font-size: 1rem;\">Describe los cuatro caminos franceses hacia Compostela. Its author is unknown! Is it the Poitevin monk, Aimery Picaud or Hugues le Poitevin, monk of V\u00e9zelay? En general, \u00a1la palabra escrita va a la primera!<\/span><span style=\"font-size: 1rem;\"> <\/span><\/p>\n<p><span lang=\"fr-FR\">Seg\u00fan este libro, en la ruta deben venerarse tres santos:<\/span> <\/p>\n<ul>\n<li>\n<p><span lang=\"fr-FR\">Santa Mar\u00eda Magdalena en V\u00e9zelay,<\/span> <\/p>\n<\/li>\n<li>\n<p><span lang=\"fr-FR\">Saint L\u00e9onard en Noblat,<\/span> <\/p>\n<\/li>\n<li>\n<p><span lang=\"fr-FR\">Saint Front en P\u00e9rigueux.<\/span><\/p>\n<\/li>\n<\/ul>\n<p>The Way of V\u00e9zelay benefits from a considerable historical heritage which comes from V\u00e9zelay, the eternal hill where the first crusades were preached, and from the exceptional influence throughout Europe of the cult of Saint-Leonard. <\/p>\n<ul>\n<li>\n<p>The year 2000 saw the publication of a pilgrim&#8217;s itinerary for Saint-Jacques on the V\u00e9zelay Historic Way <span style=\"font-family: Liberation Serif, serif;\">\u00ae<\/span> <a href=\"https:\/\/vezelay-compostelle.eu\/wp-content\/uploads\/2023\/03\/hommage-a-Monique-Chassain.pdf\" target=\"_blank\" rel=\"noopener\">(Chassain guide known as \u00abyellow guide\u00bb)<\/a> <\/p>\n<\/li>\n<\/ul>\n<p><span lang=\"fr-FR\">Desde V\u00e9zelay, hay dos posibilidades para el peregrino: <\/span><\/p>\n<ul>\n<li><span lang=\"fr-FR\">either follow the <strong>northern branch<\/strong> passing through <strong>Bourges<\/strong> and its cathedral with its numerous stained glass windows representing Saint Jacques<\/span><\/li>\n<li><span lang=\"fr-FR\">or follow the <strong>southern branch<\/strong> passing through <strong>Nevers<\/strong> and its cathedral with the presence of a statue of Saint Jacques.<\/span><\/li>\n<\/ul>\n<p><span lang=\"fr-FR\">Los dos caminos se encuentran en Gargilesse, en el Indre, tierra de pintores y de George Sand.<\/span> <\/p>\n<p>Los paisajes son siempre admirables, ya se trate de la llanura de Ch\u00e2teauroux o de las colinas y bosques de Morvan. La arquitectura es variada y algunos edificios est\u00e1n declarados Patrimonio de la Humanidad por la <a href=\"https:\/\/whc.unesco.org\/fr\/list\/84\" target=\"_blank\" rel=\"noopener\">UNESCO<\/a>. El Camino de V\u00e9zelay sigue siendo un sendero aut\u00e9ntico y poco frecuentado en el que podr\u00e1 reflexionar, meditar y volver a centrarse<\/p>\n\t\t\t\t\t\t\t\t<\/div>\n\t\t\t\t<\/div>\n\t\t\t\t\t<\/div>\n\t\t<\/div>\n\t\t\t\t\t<\/div>\n\t\t<\/section>\n\t\t\t\t<section class=\"elementor-section elementor-top-section elementor-element elementor-element-2cf5c6d elementor-section-boxed elementor-section-height-default elementor-section-height-default\" data-id=\"2cf5c6d\" data-element_type=\"section\" data-e-type=\"section\">\n\t\t\t\t\t\t<div class=\"elementor-container elementor-column-gap-default\">\n\t\t\t\t\t<div class=\"elementor-column elementor-col-100 elementor-top-column elementor-element elementor-element-313badd\" data-id=\"313badd\" data-element_type=\"column\" data-e-type=\"column\">\n\t\t\t<div class=\"elementor-widget-wrap elementor-element-populated\">\n\t\t\t\t\t\t<div class=\"elementor-element elementor-element-4fd9342 elementor-widget elementor-widget-heading\" data-id=\"4fd9342\" data-element_type=\"widget\" data-e-type=\"widget\" data-widget_type=\"heading.default\">\n\t\t\t\t<div class=\"elementor-widget-container\">\n\t\t\t\t\t<h2 class=\"elementor-heading-title elementor-size-default\">The Spirit of the V\u00e9zelay Way<\/h2>\t\t\t\t<\/div>\n\t\t\t\t<\/div>\n\t\t\t\t<div class=\"elementor-element elementor-element-ff63077 elementor-widget elementor-widget-text-editor\" data-id=\"ff63077\" data-element_type=\"widget\" data-e-type=\"widget\" data-widget_type=\"text-editor.default\">\n\t\t\t\t<div class=\"elementor-widget-container\">\n\t\t\t\t\t\t\t\t\t<p>Si queremos identificar mejor la V\u00eda de V\u00e9zelay en relaci\u00f3n con otras rutas francesas, si queremos intentar comprender mejor qu\u00e9 es lo que le da una personalidad particular, debemos, nos parece, tomar conciencia de sus especificidades limpias\u2026<\/p>\n<p>It benefits from a considerable historical heritage: with the Sainte-Madeleine basilica of V\u00e9zelay and the cult of Saint-L\u00e9onard to the north of Limoges. <span style=\"font-size: 1rem;\">This aura is due to the tomb of Saint-L\u00e9onard de Noblat, and to the religious, cultural and artistic prestige of the Saint-Martial abbey in Limoges.<\/span><\/p>\n<p>Sin olvidar sitios \u00fanicos como las catedrales de Bourges, Nevers y P\u00e9rigueux, abad\u00edas tan famosas como las de La Charit\u00e9-sur-Loire, D\u00e9ols, Chancelade, Saint-Ferme, La R\u00e9ole, Saint-Sever.<\/p>\n\t\t\t\t\t\t\t\t<\/div>\n\t\t\t\t<\/div>\n\t\t\t\t<div class=\"elementor-element elementor-element-1619282 elementor-widget elementor-widget-image\" data-id=\"1619282\" data-element_type=\"widget\" data-e-type=\"widget\" data-widget_type=\"image.default\">\n\t\t\t\t<div class=\"elementor-widget-container\">\n\t\t\t\t\t\t\t\t\t\t\t\t\t\t\t<img decoding=\"async\" width=\"316\" height=\"615\" src=\"https:\/\/vezelay-compostelle.eu\/wp-content\/uploads\/2023\/11\/Coquille-et-basilique.jpg\" class=\"attachment-large size-large wp-image-10420\" alt=\"Coquille et basilique\" srcset=\"https:\/\/vezelay-compostelle.eu\/wp-content\/uploads\/2023\/11\/Coquille-et-basilique.jpg 316w, https:\/\/vezelay-compostelle.eu\/wp-content\/uploads\/2023\/11\/Coquille-et-basilique-154x300.jpg 154w\" sizes=\"(max-width: 316px) 100vw, 316px\" \/>\t\t\t\t\t\t\t\t\t\t\t\t\t\t\t<\/div>\n\t\t\t\t<\/div>\n\t\t\t\t\t<\/div>\n\t\t<\/div>\n\t\t\t\t\t<\/div>\n\t\t<\/section>\n\t\t\t\t<\/div>\n\t\t","protected":false},"excerpt":{"rendered":"<p>La historia del Camino de V\u00e9zelay Citada en el C\u00f3dice Calixtino como una de las cuatro grandes rutas de peregrinaci\u00f3n a Santiago de Compostela, la ruta de V\u00e9zelay une la Bas\u00edlica de Santa Magdalena en V\u00e9zelay con la frontera espa\u00f1ola en Saint-Jean-Pied-de-Port. Atraviesa Francia en diagonal a lo largo de casi 900 kil\u00f3metros. El C\u00f3dice [&hellip;]<\/p>\n","protected":false},"author":4,"featured_media":0,"parent":0,"menu_order":0,"comment_status":"closed","ping_status":"closed","template":"elementor_header_footer","meta":{"_acf_changed":false,"footnotes":""},"class_list":["post-7225","page","type-page","status-publish","hentry"],"acf":[],"yoast_head":"<!-- This site is optimized with the Yoast SEO plugin v27.4 - https:\/\/yoast.com\/product\/yoast-seo-wordpress\/ -->\n<title>Historia - V\u00e9zelay Compostelle<\/title>\n<meta name=\"robots\" content=\"index, follow, max-snippet:-1, max-image-preview:large, max-video-preview:-1\" \/>\n<link rel=\"canonical\" href=\"https:\/\/vezelay-compostelle.eu\/es\/historia\/\" \/>\n<meta property=\"og:locale\" content=\"es_ES\" \/>\n<meta property=\"og:type\" content=\"article\" \/>\n<meta property=\"og:title\" content=\"Historia - V\u00e9zelay Compostelle\" \/>\n<meta property=\"og:description\" content=\"La historia del Camino de V\u00e9zelay Citada en el C\u00f3dice Calixtino como una de las cuatro grandes rutas de peregrinaci\u00f3n a Santiago de Compostela, la ruta de V\u00e9zelay une la Bas\u00edlica de Santa Magdalena en V\u00e9zelay con la frontera espa\u00f1ola en Saint-Jean-Pied-de-Port. Atraviesa Francia en diagonal a lo largo de casi 900 kil\u00f3metros. El C\u00f3dice [&hellip;]\" \/>\n<meta property=\"og:url\" content=\"https:\/\/vezelay-compostelle.eu\/es\/historia\/\" \/>\n<meta property=\"og:site_name\" content=\"V\u00e9zelay Compostelle\" \/>\n<meta property=\"article:modified_time\" content=\"2023-11-21T10:53:45+00:00\" \/>\n<meta property=\"og:image\" content=\"https:\/\/vezelay-compostelle.eu\/wp-content\/uploads\/2023\/03\/codex-calixtinus-santiago-compostela-facsimile-edition-01-1024x683.jpg\" \/>\n<meta name=\"twitter:card\" content=\"summary_large_image\" \/>\n<meta name=\"twitter:label1\" content=\"Tiempo de lectura\" \/>\n\t<meta name=\"twitter:data1\" content=\"2 minutos\" \/>\n<script type=\"application\/ld+json\" class=\"yoast-schema-graph\">{\"@context\":\"https:\\\/\\\/schema.org\",\"@graph\":[{\"@type\":\"WebPage\",\"@id\":\"https:\\\/\\\/vezelay-compostelle.eu\\\/es\\\/historia\\\/\",\"url\":\"https:\\\/\\\/vezelay-compostelle.eu\\\/es\\\/historia\\\/\",\"name\":\"Historia - V\u00e9zelay Compostelle\",\"isPartOf\":{\"@id\":\"https:\\\/\\\/vezelay-compostelle.eu\\\/es\\\/#website\"},\"primaryImageOfPage\":{\"@id\":\"https:\\\/\\\/vezelay-compostelle.eu\\\/es\\\/historia\\\/#primaryimage\"},\"image\":{\"@id\":\"https:\\\/\\\/vezelay-compostelle.eu\\\/es\\\/historia\\\/#primaryimage\"},\"thumbnailUrl\":\"https:\\\/\\\/vezelay-compostelle.eu\\\/wp-content\\\/uploads\\\/2023\\\/03\\\/codex-calixtinus-santiago-compostela-facsimile-edition-01-1024x683.jpg\",\"datePublished\":\"2022-02-28T08:44:25+00:00\",\"dateModified\":\"2023-11-21T10:53:45+00:00\",\"breadcrumb\":{\"@id\":\"https:\\\/\\\/vezelay-compostelle.eu\\\/es\\\/historia\\\/#breadcrumb\"},\"inLanguage\":\"es\",\"potentialAction\":[{\"@type\":\"ReadAction\",\"target\":[\"https:\\\/\\\/vezelay-compostelle.eu\\\/es\\\/historia\\\/\"]}]},{\"@type\":\"ImageObject\",\"inLanguage\":\"es\",\"@id\":\"https:\\\/\\\/vezelay-compostelle.eu\\\/es\\\/historia\\\/#primaryimage\",\"url\":\"https:\\\/\\\/vezelay-compostelle.eu\\\/wp-content\\\/uploads\\\/2023\\\/03\\\/codex-calixtinus-santiago-compostela-facsimile-edition-01-1024x683.jpg\",\"contentUrl\":\"https:\\\/\\\/vezelay-compostelle.eu\\\/wp-content\\\/uploads\\\/2023\\\/03\\\/codex-calixtinus-santiago-compostela-facsimile-edition-01-1024x683.jpg\"},{\"@type\":\"BreadcrumbList\",\"@id\":\"https:\\\/\\\/vezelay-compostelle.eu\\\/es\\\/historia\\\/#breadcrumb\",\"itemListElement\":[{\"@type\":\"ListItem\",\"position\":1,\"name\":\"Accueil\",\"item\":\"https:\\\/\\\/vezelay-compostelle.eu\\\/es\\\/\"},{\"@type\":\"ListItem\",\"position\":2,\"name\":\"Historia\"}]},{\"@type\":\"WebSite\",\"@id\":\"https:\\\/\\\/vezelay-compostelle.eu\\\/es\\\/#website\",\"url\":\"https:\\\/\\\/vezelay-compostelle.eu\\\/es\\\/\",\"name\":\"V\u00e9zelay Compostelle\",\"description\":\"\",\"publisher\":{\"@id\":\"https:\\\/\\\/vezelay-compostelle.eu\\\/es\\\/#organization\"},\"potentialAction\":[{\"@type\":\"SearchAction\",\"target\":{\"@type\":\"EntryPoint\",\"urlTemplate\":\"https:\\\/\\\/vezelay-compostelle.eu\\\/es\\\/?s={search_term_string}\"},\"query-input\":{\"@type\":\"PropertyValueSpecification\",\"valueRequired\":true,\"valueName\":\"search_term_string\"}}],\"inLanguage\":\"es\"},{\"@type\":\"Organization\",\"@id\":\"https:\\\/\\\/vezelay-compostelle.eu\\\/es\\\/#organization\",\"name\":\"V\u00e9zelay Compostelle\",\"url\":\"https:\\\/\\\/vezelay-compostelle.eu\\\/es\\\/\",\"logo\":{\"@type\":\"ImageObject\",\"inLanguage\":\"es\",\"@id\":\"https:\\\/\\\/vezelay-compostelle.eu\\\/es\\\/#\\\/schema\\\/logo\\\/image\\\/\",\"url\":\"https:\\\/\\\/vezelay-compostelle.eu\\\/wp-content\\\/uploads\\\/2023\\\/08\\\/logo-amis_et_pelerins.png\",\"contentUrl\":\"https:\\\/\\\/vezelay-compostelle.eu\\\/wp-content\\\/uploads\\\/2023\\\/08\\\/logo-amis_et_pelerins.png\",\"width\":269,\"height\":308,\"caption\":\"V\u00e9zelay Compostelle\"},\"image\":{\"@id\":\"https:\\\/\\\/vezelay-compostelle.eu\\\/es\\\/#\\\/schema\\\/logo\\\/image\\\/\"}}]}<\/script>\n<!-- \/ Yoast SEO plugin. -->","yoast_head_json":{"title":"Historia - V\u00e9zelay Compostelle","robots":{"index":"index","follow":"follow","max-snippet":"max-snippet:-1","max-image-preview":"max-image-preview:large","max-video-preview":"max-video-preview:-1"},"canonical":"https:\/\/vezelay-compostelle.eu\/es\/historia\/","og_locale":"es_ES","og_type":"article","og_title":"Historia - V\u00e9zelay Compostelle","og_description":"La historia del Camino de V\u00e9zelay Citada en el C\u00f3dice Calixtino como una de las cuatro grandes rutas de peregrinaci\u00f3n a Santiago de Compostela, la ruta de V\u00e9zelay une la Bas\u00edlica de Santa Magdalena en V\u00e9zelay con la frontera espa\u00f1ola en Saint-Jean-Pied-de-Port. Atraviesa Francia en diagonal a lo largo de casi 900 kil\u00f3metros. El C\u00f3dice [&hellip;]","og_url":"https:\/\/vezelay-compostelle.eu\/es\/historia\/","og_site_name":"V\u00e9zelay Compostelle","article_modified_time":"2023-11-21T10:53:45+00:00","og_image":[{"url":"https:\/\/vezelay-compostelle.eu\/wp-content\/uploads\/2023\/03\/codex-calixtinus-santiago-compostela-facsimile-edition-01-1024x683.jpg","type":"","width":"","height":""}],"twitter_card":"summary_large_image","twitter_misc":{"Tiempo de lectura":"2 minutos"},"schema":{"@context":"https:\/\/schema.org","@graph":[{"@type":"WebPage","@id":"https:\/\/vezelay-compostelle.eu\/es\/historia\/","url":"https:\/\/vezelay-compostelle.eu\/es\/historia\/","name":"Historia - V\u00e9zelay Compostelle","isPartOf":{"@id":"https:\/\/vezelay-compostelle.eu\/es\/#website"},"primaryImageOfPage":{"@id":"https:\/\/vezelay-compostelle.eu\/es\/historia\/#primaryimage"},"image":{"@id":"https:\/\/vezelay-compostelle.eu\/es\/historia\/#primaryimage"},"thumbnailUrl":"https:\/\/vezelay-compostelle.eu\/wp-content\/uploads\/2023\/03\/codex-calixtinus-santiago-compostela-facsimile-edition-01-1024x683.jpg","datePublished":"2022-02-28T08:44:25+00:00","dateModified":"2023-11-21T10:53:45+00:00","breadcrumb":{"@id":"https:\/\/vezelay-compostelle.eu\/es\/historia\/#breadcrumb"},"inLanguage":"es","potentialAction":[{"@type":"ReadAction","target":["https:\/\/vezelay-compostelle.eu\/es\/historia\/"]}]},{"@type":"ImageObject","inLanguage":"es","@id":"https:\/\/vezelay-compostelle.eu\/es\/historia\/#primaryimage","url":"https:\/\/vezelay-compostelle.eu\/wp-content\/uploads\/2023\/03\/codex-calixtinus-santiago-compostela-facsimile-edition-01-1024x683.jpg","contentUrl":"https:\/\/vezelay-compostelle.eu\/wp-content\/uploads\/2023\/03\/codex-calixtinus-santiago-compostela-facsimile-edition-01-1024x683.jpg"},{"@type":"BreadcrumbList","@id":"https:\/\/vezelay-compostelle.eu\/es\/historia\/#breadcrumb","itemListElement":[{"@type":"ListItem","position":1,"name":"Accueil","item":"https:\/\/vezelay-compostelle.eu\/es\/"},{"@type":"ListItem","position":2,"name":"Historia"}]},{"@type":"WebSite","@id":"https:\/\/vezelay-compostelle.eu\/es\/#website","url":"https:\/\/vezelay-compostelle.eu\/es\/","name":"V\u00e9zelay Compostelle","description":"","publisher":{"@id":"https:\/\/vezelay-compostelle.eu\/es\/#organization"},"potentialAction":[{"@type":"SearchAction","target":{"@type":"EntryPoint","urlTemplate":"https:\/\/vezelay-compostelle.eu\/es\/?s={search_term_string}"},"query-input":{"@type":"PropertyValueSpecification","valueRequired":true,"valueName":"search_term_string"}}],"inLanguage":"es"},{"@type":"Organization","@id":"https:\/\/vezelay-compostelle.eu\/es\/#organization","name":"V\u00e9zelay Compostelle","url":"https:\/\/vezelay-compostelle.eu\/es\/","logo":{"@type":"ImageObject","inLanguage":"es","@id":"https:\/\/vezelay-compostelle.eu\/es\/#\/schema\/logo\/image\/","url":"https:\/\/vezelay-compostelle.eu\/wp-content\/uploads\/2023\/08\/logo-amis_et_pelerins.png","contentUrl":"https:\/\/vezelay-compostelle.eu\/wp-content\/uploads\/2023\/08\/logo-amis_et_pelerins.png","width":269,"height":308,"caption":"V\u00e9zelay Compostelle"},"image":{"@id":"https:\/\/vezelay-compostelle.eu\/es\/#\/schema\/logo\/image\/"}}]}},"_links":{"self":[{"href":"https:\/\/vezelay-compostelle.eu\/es\/wp-json\/wp\/v2\/pages\/7225","targetHints":{"allow":["GET"]}}],"collection":[{"href":"https:\/\/vezelay-compostelle.eu\/es\/wp-json\/wp\/v2\/pages"}],"about":[{"href":"https:\/\/vezelay-compostelle.eu\/es\/wp-json\/wp\/v2\/types\/page"}],"author":[{"embeddable":true,"href":"https:\/\/vezelay-compostelle.eu\/es\/wp-json\/wp\/v2\/users\/4"}],"replies":[{"embeddable":true,"href":"https:\/\/vezelay-compostelle.eu\/es\/wp-json\/wp\/v2\/comments?post=7225"}],"version-history":[{"count":6,"href":"https:\/\/vezelay-compostelle.eu\/es\/wp-json\/wp\/v2\/pages\/7225\/revisions"}],"predecessor-version":[{"id":11742,"href":"https:\/\/vezelay-compostelle.eu\/es\/wp-json\/wp\/v2\/pages\/7225\/revisions\/11742"}],"wp:attachment":[{"href":"https:\/\/vezelay-compostelle.eu\/es\/wp-json\/wp\/v2\/media?parent=7225"}],"curies":[{"name":"wp","href":"https:\/\/api.w.org\/{rel}","templated":true}]}}