{"id":7198,"date":"2022-02-09T13:38:52","date_gmt":"2022-02-09T12:38:52","guid":{"rendered":"https:\/\/vezelay-compostelle.eu\/camino-de-vezelay\/"},"modified":"2023-11-08T13:41:17","modified_gmt":"2023-11-08T12:41:17","slug":"camino-de-vezelay","status":"publish","type":"page","link":"https:\/\/vezelay-compostelle.eu\/es\/camino-de-vezelay\/","title":{"rendered":"Camino de V\u00e9zelay"},"content":{"rendered":"\t\t<div data-elementor-type=\"wp-page\" data-elementor-id=\"7198\" class=\"elementor elementor-7198 elementor-361\" data-elementor-post-type=\"page\">\n\t\t\t\t\t\t<section class=\"elementor-section elementor-top-section elementor-element elementor-element-ecfd376 elementor-section-boxed elementor-section-height-default elementor-section-height-default\" data-id=\"ecfd376\" data-element_type=\"section\" data-e-type=\"section\">\n\t\t\t\t\t\t<div class=\"elementor-container elementor-column-gap-default\">\n\t\t\t\t\t<div class=\"elementor-column elementor-col-100 elementor-top-column elementor-element elementor-element-e25321b\" data-id=\"e25321b\" data-element_type=\"column\" data-e-type=\"column\">\n\t\t\t<div class=\"elementor-widget-wrap elementor-element-populated\">\n\t\t\t\t\t\t<div class=\"elementor-element elementor-element-141af9b title-underline elementor-widget elementor-widget-heading\" data-id=\"141af9b\" data-element_type=\"widget\" data-e-type=\"widget\" data-widget_type=\"heading.default\">\n\t\t\t\t<div class=\"elementor-widget-container\">\n\t\t\t\t\t<h1 class=\"elementor-heading-title elementor-size-xl\">El esp\u00edritu del Camino V\u00e9zelay<\/h1>\t\t\t\t<\/div>\n\t\t\t\t<\/div>\n\t\t\t\t<div class=\"elementor-element elementor-element-c1fbf21 elementor-widget elementor-widget-text-editor\" data-id=\"c1fbf21\" data-element_type=\"widget\" data-e-type=\"widget\" data-widget_type=\"text-editor.default\">\n\t\t\t\t<div class=\"elementor-widget-container\">\n\t\t\t\t\t\t\t\t\t<p>Si queremos identificar mejor la V\u00eda de V\u00e9zelay en relaci\u00f3n con otras rutas francesas, si queremos intentar comprender mejor qu\u00e9 es lo que le da una personalidad particular, debemos, nos parece, tomar conciencia de sus especificidades limpias\u2026<\/p>\n<p>Se beneficia de un importante patrimonio hist\u00f3rico.<\/p>\n<p>Viene de V\u00e9zelay, una colina eterna, con una reputaci\u00f3n excepcional en toda Europa por el culto de San Leonardo. Este aura se mantiene gracias a su ermita, luego a su tumba de Saint-L\u00e9onard de Noblat, y al prestigio religioso, cultural y art\u00edstico de la abad\u00eda de Saint-Martial de Limoges.<\/p>\n<p>Sin olvidar sitios \u00fanicos como las catedrales de Bourges, Nevers y P\u00e9rigueux, abad\u00edas tan famosas como las de La Charit\u00e9-sur-Loire, D\u00e9ols, Chancelade, Saint-Ferme, La R\u00e9ole, Saint-Sever.<\/p>\n\t\t\t\t\t\t\t\t<\/div>\n\t\t\t\t<\/div>\n\t\t\t\t<div class=\"elementor-element elementor-element-c60be98 elementor-widget elementor-widget-spacer\" data-id=\"c60be98\" data-element_type=\"widget\" data-e-type=\"widget\" data-widget_type=\"spacer.default\">\n\t\t\t\t<div class=\"elementor-widget-container\">\n\t\t\t\t\t\t\t<div class=\"elementor-spacer\">\n\t\t\t<div class=\"elementor-spacer-inner\"><\/div>\n\t\t<\/div>\n\t\t\t\t\t\t<\/div>\n\t\t\t\t<\/div>\n\t\t\t\t<div class=\"elementor-element elementor-element-8294dcb elementor-widget elementor-widget-image\" data-id=\"8294dcb\" data-element_type=\"widget\" data-e-type=\"widget\" data-widget_type=\"image.default\">\n\t\t\t\t<div class=\"elementor-widget-container\">\n\t\t\t\t\t\t\t\t\t\t\t\t\t\t\t<img fetchpriority=\"high\" decoding=\"async\" width=\"500\" height=\"375\" src=\"https:\/\/vezelay-compostelle.eu\/wp-content\/uploads\/2022\/02\/chapelle-sj_st-bonnetphoto_md.jpg\" class=\"attachment-large size-large wp-image-6466\" alt=\"\" srcset=\"https:\/\/vezelay-compostelle.eu\/wp-content\/uploads\/2022\/02\/chapelle-sj_st-bonnetphoto_md.jpg 500w, https:\/\/vezelay-compostelle.eu\/wp-content\/uploads\/2022\/02\/chapelle-sj_st-bonnetphoto_md-300x225.jpg 300w\" sizes=\"(max-width: 500px) 100vw, 500px\" \/>\t\t\t\t\t\t\t\t\t\t\t\t\t\t\t<\/div>\n\t\t\t\t<\/div>\n\t\t\t\t\t<\/div>\n\t\t<\/div>\n\t\t\t\t\t<\/div>\n\t\t<\/section>\n\t\t\t\t<section class=\"elementor-section elementor-top-section elementor-element elementor-element-5bb2f4d elementor-section-boxed elementor-section-height-default elementor-section-height-default\" data-id=\"5bb2f4d\" data-element_type=\"section\" data-e-type=\"section\">\n\t\t\t\t\t\t<div class=\"elementor-container elementor-column-gap-no\">\n\t\t\t\t\t<div class=\"elementor-column elementor-col-100 elementor-top-column elementor-element elementor-element-2508218\" data-id=\"2508218\" data-element_type=\"column\" data-e-type=\"column\">\n\t\t\t<div class=\"elementor-widget-wrap elementor-element-populated\">\n\t\t\t\t\t\t<section class=\"elementor-section elementor-inner-section elementor-element elementor-element-f104b2c elementor-section-boxed elementor-section-height-default elementor-section-height-default\" data-id=\"f104b2c\" data-element_type=\"section\" data-e-type=\"section\">\n\t\t\t\t\t\t<div class=\"elementor-container elementor-column-gap-default\">\n\t\t\t\t\t<div class=\"elementor-column elementor-col-50 elementor-inner-column elementor-element elementor-element-8d4d2d7\" data-id=\"8d4d2d7\" data-element_type=\"column\" data-e-type=\"column\">\n\t\t\t<div class=\"elementor-widget-wrap elementor-element-populated\">\n\t\t\t\t\t\t<div class=\"elementor-element elementor-element-af0e58e title-underline elementor-widget elementor-widget-heading\" data-id=\"af0e58e\" data-element_type=\"widget\" data-e-type=\"widget\" data-widget_type=\"heading.default\">\n\t\t\t\t<div class=\"elementor-widget-container\">\n\t\t\t\t\t<h2 class=\"elementor-heading-title elementor-size-xl\">ruta clasificada<\/h2>\t\t\t\t<\/div>\n\t\t\t\t<\/div>\n\t\t\t\t<div class=\"elementor-element elementor-element-05be8e1 elementor-widget elementor-widget-text-editor\" data-id=\"05be8e1\" data-element_type=\"widget\" data-e-type=\"widget\" data-widget_type=\"text-editor.default\">\n\t\t\t\t<div class=\"elementor-widget-container\">\n\t\t\t\t\t\t\t\t\t<p>En diciembre de 1998, el Camino de V\u00e9zelay obtuvo la clasificaci\u00f3n en el Patrimonio Mundial de la Unesco, dentro de los Caminos de Santiago de Compostela en Francia.<\/p>\n<p><i>En las regiones, en la ruta principal de la ruta V\u00e9zelay:<\/i><\/p>\n<p><b>borgo\u00f1a<\/b><\/p>\n<ul class=\"design-list\">\n<li>Asquins: iglesia de Saint-Jacques<\/li>\n<li>V\u00e9zelay: antigua abad\u00eda de Sainte-Madeleine<\/li>\n<li>La Charit\u00e9-sur-Loire: iglesia prioral de Sainte-Croix-Notre-Dame<\/li>\n<\/ul>\n<p><b>baya<\/b><\/p>\n<ul class=\"design-list\">\n<li>Bourges: centro, catedral de Saint-Etienne<\/li>\n<li>Neuvy-Saint-S\u00e9pulcher: colegiata de Saint-Etienne, antigua colegiata de Saint-Jacques<\/li>\n<\/ul>\n<p><b>Lemos\u00edn<\/b><\/p>\n<ul class=\"design-list\">\n<li>Saint-L\u00e9onard-de-Noblat: Iglesia de Saint-L\u00e9onard<\/li>\n<\/ul>\n<p><b>Aquitania<\/b><\/p>\n<ul class=\"design-list\">\n<li>P\u00e9rigueux: Catedral de Saint-Front<\/li>\n<li>Bazas: antigua catedral de San Juan Bautista<\/li>\n<li>Saint-Sever: abad\u00eda<\/li>\n<li>Saint-Jean-Pied-de-Port: puerta de Saint-Jacques<\/li>\n<\/ul>\n<p><i>En una antigua carretera secundaria (clasificaci\u00f3n adicional en 1999):<\/i><\/p>\n<p><b>Aquitania<\/b><\/p>\n<ul class=\"design-list\">\n<li>Cadouin (municipio de Buisson-de-Cadouin): iglesia abacial<\/li>\n<li>Saint-Avit-S\u00e9nieur: iglesia<\/li>\n<\/ul>\n\t\t\t\t\t\t\t\t<\/div>\n\t\t\t\t<\/div>\n\t\t\t\t\t<\/div>\n\t\t<\/div>\n\t\t\t\t<div class=\"elementor-column elementor-col-50 elementor-inner-column elementor-element elementor-element-957e879\" data-id=\"957e879\" data-element_type=\"column\" data-e-type=\"column\">\n\t\t\t<div class=\"elementor-widget-wrap elementor-element-populated\">\n\t\t\t\t\t\t<div class=\"elementor-element elementor-element-834f2d7 elementor-widget elementor-widget-image\" data-id=\"834f2d7\" data-element_type=\"widget\" data-e-type=\"widget\" data-widget_type=\"image.default\">\n\t\t\t\t<div class=\"elementor-widget-container\">\n\t\t\t\t\t\t\t\t\t\t\t\t\t\t\t<img decoding=\"async\" width=\"375\" height=\"500\" src=\"https:\/\/vezelay-compostelle.eu\/wp-content\/uploads\/2022\/02\/chapelle-sj-perigueuxphoto_md.jpg\" class=\"attachment-2048x2048 size-2048x2048 wp-image-6469\" alt=\"\" srcset=\"https:\/\/vezelay-compostelle.eu\/wp-content\/uploads\/2022\/02\/chapelle-sj-perigueuxphoto_md.jpg 375w, https:\/\/vezelay-compostelle.eu\/wp-content\/uploads\/2022\/02\/chapelle-sj-perigueuxphoto_md-225x300.jpg 225w\" sizes=\"(max-width: 375px) 100vw, 375px\" \/>\t\t\t\t\t\t\t\t\t\t\t\t\t\t\t<\/div>\n\t\t\t\t<\/div>\n\t\t\t\t\t<\/div>\n\t\t<\/div>\n\t\t\t\t\t<\/div>\n\t\t<\/section>\n\t\t\t\t\t<\/div>\n\t\t<\/div>\n\t\t\t\t\t<\/div>\n\t\t<\/section>\n\t\t\t\t<section class=\"elementor-section elementor-top-section elementor-element elementor-element-65d5e2d elementor-section-boxed elementor-section-height-default elementor-section-height-default\" data-id=\"65d5e2d\" data-element_type=\"section\" data-e-type=\"section\">\n\t\t\t\t\t\t<div class=\"elementor-container elementor-column-gap-default\">\n\t\t\t\t\t<div class=\"elementor-column elementor-col-100 elementor-top-column elementor-element elementor-element-bbad2aa\" data-id=\"bbad2aa\" data-element_type=\"column\" data-e-type=\"column\">\n\t\t\t<div class=\"elementor-widget-wrap elementor-element-populated\">\n\t\t\t\t\t\t<div class=\"elementor-element elementor-element-255ffa9 title-underline elementor-widget elementor-widget-heading\" data-id=\"255ffa9\" data-element_type=\"widget\" data-e-type=\"widget\" data-widget_type=\"heading.default\">\n\t\t\t\t<div class=\"elementor-widget-container\">\n\t\t\t\t\t<h2 class=\"elementor-heading-title elementor-size-xl\">Patrimonio y lugares por descubrir<\/h2>\t\t\t\t<\/div>\n\t\t\t\t<\/div>\n\t\t\t\t<div class=\"elementor-element elementor-element-29aed0b elementor-widget elementor-widget-text-editor\" data-id=\"29aed0b\" data-element_type=\"widget\" data-e-type=\"widget\" data-widget_type=\"text-editor.default\">\n\t\t\t\t<div class=\"elementor-widget-container\">\n\t\t\t\t\t\t\t\t\t<p>Unas palabras sobre los edificios m\u00e1s notables a lo largo de la ruta. Aparte de los edificios, otros lugares merecen tu parada, por una u otra raz\u00f3n&#8230;<\/p>\n<p><b>Abad\u00eda de Sainte-Madeleine de V\u00e9zelay<\/b><\/p>\n<p><b>Iglesia de Sainte-Croix-Notre-Dame de La-Charit\u00e9-sur-Loire<\/b><\/p>\n<p>Algunos documentos sobre el patrimonio de la Voie de V\u00e9zelay son visibles en la secci\u00f3n \u00abPatrimonio\u00bb de este sitio o haciendo clic <a href=\"https:\/\/www.vezelay-compostelle.eu\/pdf\/m5b\/20201218164229.pdf\" target=\"_blank\" rel=\"noopener\" aria-label=\"liens\">AQU\u00cd<\/a><\/p>\n\t\t\t\t\t\t\t\t<\/div>\n\t\t\t\t<\/div>\n\t\t\t\t<section class=\"elementor-section elementor-inner-section elementor-element elementor-element-e9c8f6b elementor-section-boxed elementor-section-height-default elementor-section-height-default\" data-id=\"e9c8f6b\" data-element_type=\"section\" data-e-type=\"section\">\n\t\t\t\t\t\t<div class=\"elementor-container elementor-column-gap-default\">\n\t\t\t\t\t<div class=\"elementor-column elementor-col-50 elementor-inner-column elementor-element elementor-element-98382ae\" data-id=\"98382ae\" data-element_type=\"column\" data-e-type=\"column\">\n\t\t\t<div class=\"elementor-widget-wrap elementor-element-populated\">\n\t\t\t\t\t\t<div class=\"elementor-element elementor-element-1b16f1c elementor-widget elementor-widget-image\" data-id=\"1b16f1c\" data-element_type=\"widget\" data-e-type=\"widget\" data-widget_type=\"image.default\">\n\t\t\t\t<div class=\"elementor-widget-container\">\n\t\t\t\t\t\t\t\t\t\t\t\t\t\t\t<img decoding=\"async\" width=\"300\" height=\"225\" src=\"https:\/\/vezelay-compostelle.eu\/wp-content\/uploads\/2022\/02\/basilique-brumephoto_md-300x225.jpg\" class=\"attachment-medium size-medium wp-image-6463\" alt=\"\" srcset=\"https:\/\/vezelay-compostelle.eu\/wp-content\/uploads\/2022\/02\/basilique-brumephoto_md-300x225.jpg 300w, https:\/\/vezelay-compostelle.eu\/wp-content\/uploads\/2022\/02\/basilique-brumephoto_md.jpg 500w\" sizes=\"(max-width: 300px) 100vw, 300px\" \/>\t\t\t\t\t\t\t\t\t\t\t\t\t\t\t<\/div>\n\t\t\t\t<\/div>\n\t\t\t\t\t<\/div>\n\t\t<\/div>\n\t\t\t\t<div class=\"elementor-column elementor-col-50 elementor-inner-column elementor-element elementor-element-c186d16\" data-id=\"c186d16\" data-element_type=\"column\" data-e-type=\"column\">\n\t\t\t<div class=\"elementor-widget-wrap elementor-element-populated\">\n\t\t\t\t\t\t<div class=\"elementor-element elementor-element-ac5840a elementor-widget elementor-widget-image\" data-id=\"ac5840a\" data-element_type=\"widget\" data-e-type=\"widget\" data-widget_type=\"image.default\">\n\t\t\t\t<div class=\"elementor-widget-container\">\n\t\t\t\t\t\t\t\t\t\t\t\t\t\t\t<img loading=\"lazy\" decoding=\"async\" width=\"300\" height=\"225\" src=\"https:\/\/vezelay-compostelle.eu\/wp-content\/uploads\/2022\/02\/sainte-madeleine_21-juinphoto_md-300x225.jpg\" class=\"attachment-medium size-medium wp-image-6472\" alt=\"\" srcset=\"https:\/\/vezelay-compostelle.eu\/wp-content\/uploads\/2022\/02\/sainte-madeleine_21-juinphoto_md-300x225.jpg 300w, https:\/\/vezelay-compostelle.eu\/wp-content\/uploads\/2022\/02\/sainte-madeleine_21-juinphoto_md.jpg 500w\" sizes=\"(max-width: 300px) 100vw, 300px\" \/>\t\t\t\t\t\t\t\t\t\t\t\t\t\t\t<\/div>\n\t\t\t\t<\/div>\n\t\t\t\t\t<\/div>\n\t\t<\/div>\n\t\t\t\t\t<\/div>\n\t\t<\/section>\n\t\t\t\t\t<\/div>\n\t\t<\/div>\n\t\t\t\t\t<\/div>\n\t\t<\/section>\n\t\t\t\t<\/div>\n\t\t","protected":false},"excerpt":{"rendered":"<p>El esp\u00edritu del Camino V\u00e9zelay Si queremos identificar mejor la V\u00eda de V\u00e9zelay en relaci\u00f3n con otras rutas francesas, si queremos intentar comprender mejor qu\u00e9 es lo que le da una personalidad particular, debemos, nos parece, tomar conciencia de sus especificidades limpias\u2026 Se beneficia de un importante patrimonio hist\u00f3rico. Viene de V\u00e9zelay, una colina eterna, [&hellip;]<\/p>\n","protected":false},"author":4,"featured_media":0,"parent":0,"menu_order":0,"comment_status":"closed","ping_status":"closed","template":"elementor_header_footer","meta":{"_acf_changed":false,"footnotes":""},"class_list":["post-7198","page","type-page","status-publish","hentry"],"acf":[],"yoast_head":"<!-- This site is optimized with the Yoast SEO plugin v27.4 - https:\/\/yoast.com\/product\/yoast-seo-wordpress\/ -->\n<title>Camino de V\u00e9zelay - V\u00e9zelay Compostelle<\/title>\n<meta name=\"robots\" content=\"index, follow, max-snippet:-1, max-image-preview:large, max-video-preview:-1\" \/>\n<link rel=\"canonical\" href=\"https:\/\/vezelay-compostelle.eu\/es\/camino-de-vezelay\/\" \/>\n<meta property=\"og:locale\" content=\"es_ES\" \/>\n<meta property=\"og:type\" content=\"article\" \/>\n<meta property=\"og:title\" content=\"Camino de V\u00e9zelay - V\u00e9zelay Compostelle\" \/>\n<meta property=\"og:description\" content=\"El esp\u00edritu del Camino V\u00e9zelay Si queremos identificar mejor la V\u00eda de V\u00e9zelay en relaci\u00f3n con otras rutas francesas, si queremos intentar comprender mejor qu\u00e9 es lo que le da una personalidad particular, debemos, nos parece, tomar conciencia de sus especificidades limpias\u2026 Se beneficia de un importante patrimonio hist\u00f3rico. Viene de V\u00e9zelay, una colina eterna, [&hellip;]\" \/>\n<meta property=\"og:url\" content=\"https:\/\/vezelay-compostelle.eu\/es\/camino-de-vezelay\/\" \/>\n<meta property=\"og:site_name\" content=\"V\u00e9zelay Compostelle\" \/>\n<meta property=\"article:modified_time\" content=\"2023-11-08T12:41:17+00:00\" \/>\n<meta property=\"og:image\" content=\"https:\/\/vezelay-compostelle.eu\/wp-content\/uploads\/2022\/02\/chapelle-sj_st-bonnetphoto_md.jpg\" \/>\n<meta name=\"twitter:card\" content=\"summary_large_image\" \/>\n<meta name=\"twitter:label1\" content=\"Tiempo de lectura\" \/>\n\t<meta name=\"twitter:data1\" content=\"2 minutos\" \/>\n<script type=\"application\/ld+json\" class=\"yoast-schema-graph\">{\"@context\":\"https:\\\/\\\/schema.org\",\"@graph\":[{\"@type\":\"WebPage\",\"@id\":\"https:\\\/\\\/vezelay-compostelle.eu\\\/es\\\/camino-de-vezelay\\\/\",\"url\":\"https:\\\/\\\/vezelay-compostelle.eu\\\/es\\\/camino-de-vezelay\\\/\",\"name\":\"Camino de V\u00e9zelay - V\u00e9zelay Compostelle\",\"isPartOf\":{\"@id\":\"https:\\\/\\\/vezelay-compostelle.eu\\\/es\\\/#website\"},\"primaryImageOfPage\":{\"@id\":\"https:\\\/\\\/vezelay-compostelle.eu\\\/es\\\/camino-de-vezelay\\\/#primaryimage\"},\"image\":{\"@id\":\"https:\\\/\\\/vezelay-compostelle.eu\\\/es\\\/camino-de-vezelay\\\/#primaryimage\"},\"thumbnailUrl\":\"https:\\\/\\\/vezelay-compostelle.eu\\\/wp-content\\\/uploads\\\/2022\\\/02\\\/chapelle-sj_st-bonnetphoto_md.jpg\",\"datePublished\":\"2022-02-09T12:38:52+00:00\",\"dateModified\":\"2023-11-08T12:41:17+00:00\",\"breadcrumb\":{\"@id\":\"https:\\\/\\\/vezelay-compostelle.eu\\\/es\\\/camino-de-vezelay\\\/#breadcrumb\"},\"inLanguage\":\"es\",\"potentialAction\":[{\"@type\":\"ReadAction\",\"target\":[\"https:\\\/\\\/vezelay-compostelle.eu\\\/es\\\/camino-de-vezelay\\\/\"]}]},{\"@type\":\"ImageObject\",\"inLanguage\":\"es\",\"@id\":\"https:\\\/\\\/vezelay-compostelle.eu\\\/es\\\/camino-de-vezelay\\\/#primaryimage\",\"url\":\"https:\\\/\\\/vezelay-compostelle.eu\\\/wp-content\\\/uploads\\\/2022\\\/02\\\/chapelle-sj_st-bonnetphoto_md.jpg\",\"contentUrl\":\"https:\\\/\\\/vezelay-compostelle.eu\\\/wp-content\\\/uploads\\\/2022\\\/02\\\/chapelle-sj_st-bonnetphoto_md.jpg\"},{\"@type\":\"BreadcrumbList\",\"@id\":\"https:\\\/\\\/vezelay-compostelle.eu\\\/es\\\/camino-de-vezelay\\\/#breadcrumb\",\"itemListElement\":[{\"@type\":\"ListItem\",\"position\":1,\"name\":\"Accueil\",\"item\":\"https:\\\/\\\/vezelay-compostelle.eu\\\/es\\\/\"},{\"@type\":\"ListItem\",\"position\":2,\"name\":\"Camino de V\u00e9zelay\"}]},{\"@type\":\"WebSite\",\"@id\":\"https:\\\/\\\/vezelay-compostelle.eu\\\/es\\\/#website\",\"url\":\"https:\\\/\\\/vezelay-compostelle.eu\\\/es\\\/\",\"name\":\"V\u00e9zelay Compostelle\",\"description\":\"\",\"publisher\":{\"@id\":\"https:\\\/\\\/vezelay-compostelle.eu\\\/es\\\/#organization\"},\"potentialAction\":[{\"@type\":\"SearchAction\",\"target\":{\"@type\":\"EntryPoint\",\"urlTemplate\":\"https:\\\/\\\/vezelay-compostelle.eu\\\/es\\\/?s={search_term_string}\"},\"query-input\":{\"@type\":\"PropertyValueSpecification\",\"valueRequired\":true,\"valueName\":\"search_term_string\"}}],\"inLanguage\":\"es\"},{\"@type\":\"Organization\",\"@id\":\"https:\\\/\\\/vezelay-compostelle.eu\\\/es\\\/#organization\",\"name\":\"V\u00e9zelay Compostelle\",\"url\":\"https:\\\/\\\/vezelay-compostelle.eu\\\/es\\\/\",\"logo\":{\"@type\":\"ImageObject\",\"inLanguage\":\"es\",\"@id\":\"https:\\\/\\\/vezelay-compostelle.eu\\\/es\\\/#\\\/schema\\\/logo\\\/image\\\/\",\"url\":\"https:\\\/\\\/vezelay-compostelle.eu\\\/wp-content\\\/uploads\\\/2023\\\/08\\\/logo-amis_et_pelerins.png\",\"contentUrl\":\"https:\\\/\\\/vezelay-compostelle.eu\\\/wp-content\\\/uploads\\\/2023\\\/08\\\/logo-amis_et_pelerins.png\",\"width\":269,\"height\":308,\"caption\":\"V\u00e9zelay Compostelle\"},\"image\":{\"@id\":\"https:\\\/\\\/vezelay-compostelle.eu\\\/es\\\/#\\\/schema\\\/logo\\\/image\\\/\"}}]}<\/script>\n<!-- \/ Yoast SEO plugin. -->","yoast_head_json":{"title":"Camino de V\u00e9zelay - V\u00e9zelay Compostelle","robots":{"index":"index","follow":"follow","max-snippet":"max-snippet:-1","max-image-preview":"max-image-preview:large","max-video-preview":"max-video-preview:-1"},"canonical":"https:\/\/vezelay-compostelle.eu\/es\/camino-de-vezelay\/","og_locale":"es_ES","og_type":"article","og_title":"Camino de V\u00e9zelay - V\u00e9zelay Compostelle","og_description":"El esp\u00edritu del Camino V\u00e9zelay Si queremos identificar mejor la V\u00eda de V\u00e9zelay en relaci\u00f3n con otras rutas francesas, si queremos intentar comprender mejor qu\u00e9 es lo que le da una personalidad particular, debemos, nos parece, tomar conciencia de sus especificidades limpias\u2026 Se beneficia de un importante patrimonio hist\u00f3rico. Viene de V\u00e9zelay, una colina eterna, [&hellip;]","og_url":"https:\/\/vezelay-compostelle.eu\/es\/camino-de-vezelay\/","og_site_name":"V\u00e9zelay Compostelle","article_modified_time":"2023-11-08T12:41:17+00:00","og_image":[{"url":"https:\/\/vezelay-compostelle.eu\/wp-content\/uploads\/2022\/02\/chapelle-sj_st-bonnetphoto_md.jpg","type":"","width":"","height":""}],"twitter_card":"summary_large_image","twitter_misc":{"Tiempo de lectura":"2 minutos"},"schema":{"@context":"https:\/\/schema.org","@graph":[{"@type":"WebPage","@id":"https:\/\/vezelay-compostelle.eu\/es\/camino-de-vezelay\/","url":"https:\/\/vezelay-compostelle.eu\/es\/camino-de-vezelay\/","name":"Camino de V\u00e9zelay - V\u00e9zelay Compostelle","isPartOf":{"@id":"https:\/\/vezelay-compostelle.eu\/es\/#website"},"primaryImageOfPage":{"@id":"https:\/\/vezelay-compostelle.eu\/es\/camino-de-vezelay\/#primaryimage"},"image":{"@id":"https:\/\/vezelay-compostelle.eu\/es\/camino-de-vezelay\/#primaryimage"},"thumbnailUrl":"https:\/\/vezelay-compostelle.eu\/wp-content\/uploads\/2022\/02\/chapelle-sj_st-bonnetphoto_md.jpg","datePublished":"2022-02-09T12:38:52+00:00","dateModified":"2023-11-08T12:41:17+00:00","breadcrumb":{"@id":"https:\/\/vezelay-compostelle.eu\/es\/camino-de-vezelay\/#breadcrumb"},"inLanguage":"es","potentialAction":[{"@type":"ReadAction","target":["https:\/\/vezelay-compostelle.eu\/es\/camino-de-vezelay\/"]}]},{"@type":"ImageObject","inLanguage":"es","@id":"https:\/\/vezelay-compostelle.eu\/es\/camino-de-vezelay\/#primaryimage","url":"https:\/\/vezelay-compostelle.eu\/wp-content\/uploads\/2022\/02\/chapelle-sj_st-bonnetphoto_md.jpg","contentUrl":"https:\/\/vezelay-compostelle.eu\/wp-content\/uploads\/2022\/02\/chapelle-sj_st-bonnetphoto_md.jpg"},{"@type":"BreadcrumbList","@id":"https:\/\/vezelay-compostelle.eu\/es\/camino-de-vezelay\/#breadcrumb","itemListElement":[{"@type":"ListItem","position":1,"name":"Accueil","item":"https:\/\/vezelay-compostelle.eu\/es\/"},{"@type":"ListItem","position":2,"name":"Camino de V\u00e9zelay"}]},{"@type":"WebSite","@id":"https:\/\/vezelay-compostelle.eu\/es\/#website","url":"https:\/\/vezelay-compostelle.eu\/es\/","name":"V\u00e9zelay Compostelle","description":"","publisher":{"@id":"https:\/\/vezelay-compostelle.eu\/es\/#organization"},"potentialAction":[{"@type":"SearchAction","target":{"@type":"EntryPoint","urlTemplate":"https:\/\/vezelay-compostelle.eu\/es\/?s={search_term_string}"},"query-input":{"@type":"PropertyValueSpecification","valueRequired":true,"valueName":"search_term_string"}}],"inLanguage":"es"},{"@type":"Organization","@id":"https:\/\/vezelay-compostelle.eu\/es\/#organization","name":"V\u00e9zelay Compostelle","url":"https:\/\/vezelay-compostelle.eu\/es\/","logo":{"@type":"ImageObject","inLanguage":"es","@id":"https:\/\/vezelay-compostelle.eu\/es\/#\/schema\/logo\/image\/","url":"https:\/\/vezelay-compostelle.eu\/wp-content\/uploads\/2023\/08\/logo-amis_et_pelerins.png","contentUrl":"https:\/\/vezelay-compostelle.eu\/wp-content\/uploads\/2023\/08\/logo-amis_et_pelerins.png","width":269,"height":308,"caption":"V\u00e9zelay Compostelle"},"image":{"@id":"https:\/\/vezelay-compostelle.eu\/es\/#\/schema\/logo\/image\/"}}]}},"_links":{"self":[{"href":"https:\/\/vezelay-compostelle.eu\/es\/wp-json\/wp\/v2\/pages\/7198","targetHints":{"allow":["GET"]}}],"collection":[{"href":"https:\/\/vezelay-compostelle.eu\/es\/wp-json\/wp\/v2\/pages"}],"about":[{"href":"https:\/\/vezelay-compostelle.eu\/es\/wp-json\/wp\/v2\/types\/page"}],"author":[{"embeddable":true,"href":"https:\/\/vezelay-compostelle.eu\/es\/wp-json\/wp\/v2\/users\/4"}],"replies":[{"embeddable":true,"href":"https:\/\/vezelay-compostelle.eu\/es\/wp-json\/wp\/v2\/comments?post=7198"}],"version-history":[{"count":9,"href":"https:\/\/vezelay-compostelle.eu\/es\/wp-json\/wp\/v2\/pages\/7198\/revisions"}],"predecessor-version":[{"id":11063,"href":"https:\/\/vezelay-compostelle.eu\/es\/wp-json\/wp\/v2\/pages\/7198\/revisions\/11063"}],"wp:attachment":[{"href":"https:\/\/vezelay-compostelle.eu\/es\/wp-json\/wp\/v2\/media?parent=7198"}],"curies":[{"name":"wp","href":"https:\/\/api.w.org\/{rel}","templated":true}]}}