{"id":7130,"date":"2022-03-10T10:43:39","date_gmt":"2022-03-10T09:43:39","guid":{"rendered":"https:\/\/vezelay-compostelle.eu\/unase-a-la-asociacion\/"},"modified":"2024-03-25T14:32:30","modified_gmt":"2024-03-25T13:32:30","slug":"unase-a-la-asociacion","status":"publish","type":"page","link":"https:\/\/vezelay-compostelle.eu\/es\/unase-a-la-asociacion\/","title":{"rendered":"\u00danase a la asociaci\u00f3n"},"content":{"rendered":"\t\t<div data-elementor-type=\"wp-page\" data-elementor-id=\"7130\" class=\"elementor elementor-7130 elementor-3651\" data-elementor-post-type=\"page\">\n\t\t\t\t\t\t<section class=\"elementor-section elementor-top-section elementor-element elementor-element-cbc4d40 elementor-section-boxed elementor-section-height-default elementor-section-height-default\" data-id=\"cbc4d40\" data-element_type=\"section\" data-e-type=\"section\">\n\t\t\t\t\t\t<div class=\"elementor-container elementor-column-gap-default\">\n\t\t\t\t\t<div class=\"elementor-column elementor-col-100 elementor-top-column elementor-element elementor-element-e5f7f01\" data-id=\"e5f7f01\" data-element_type=\"column\" data-e-type=\"column\">\n\t\t\t<div class=\"elementor-widget-wrap elementor-element-populated\">\n\t\t\t\t\t\t<div class=\"elementor-element elementor-element-5328333 elementor-widget elementor-widget-text-editor\" data-id=\"5328333\" data-element_type=\"widget\" data-e-type=\"widget\" data-widget_type=\"text-editor.default\">\n\t\t\t\t<div class=\"elementor-widget-container\">\n\t\t\t\t\t\t\t\t\t<p>Nuestra asociaci\u00f3n est\u00e1 formada por voluntarios que trabajan para que los peregrinos encuentren lo que necesitan antes, durante y despu\u00e9s de su viaje. Todos estos voluntarios forman un equipo din\u00e1mico al servicio de los peregrinos.<\/p>\n<p>Est\u00e1n a disposici\u00f3n de los peregrinos para informarles a su salida de V\u00e9zelay. Revisan la se\u00f1alizaci\u00f3n cada a\u00f1o, o dos veces al a\u00f1o, para asegurarse de que los peregrinos mantienen el rumbo hacia Compostela.<\/p>\n<p>Cuidan de nuestros 5 refugios, \u00a1formando nada menos que 72 equipos de personal hospitalario!<\/p>\n<p>Muchas buenas razones para unirse a uno de nuestros equipos. Para inscribirse: consulte la <a href=\"https:\/\/vezelay-compostelle.eu\/es\/tienda\/\">tienda<\/a>.<\/p>\n<p align=\"justify\">Desglose geogr\u00e1fico de nuestros miembros para 2023 : <a href=\"https:\/\/vezelay-compostelle.eu\/wp-content\/uploads\/2024\/02\/Repartition-geographique-des-adherents-en-2023.pdf\" target=\"_blank\" rel=\"noopener\">ver el mapa<\/a><\/p>\n<p align=\"justify\"><\/p>\n\t\t\t\t\t\t\t\t<\/div>\n\t\t\t\t<\/div>\n\t\t\t\t<div class=\"elementor-element elementor-element-79100717 elementor-widget elementor-widget-menu-anchor\" data-id=\"79100717\" data-element_type=\"widget\" data-e-type=\"widget\" data-widget_type=\"menu-anchor.default\">\n\t\t\t\t<div class=\"elementor-widget-container\">\n\t\t\t\t\t\t\t<div class=\"elementor-menu-anchor\" id=\"unirse\"><\/div>\n\t\t\t\t\t\t<\/div>\n\t\t\t\t<\/div>\n\t\t\t\t\t<\/div>\n\t\t<\/div>\n\t\t\t\t\t<\/div>\n\t\t<\/section>\n\t\t\t\t<section class=\"elementor-section elementor-top-section elementor-element elementor-element-160fad61 elementor-section-full_width elementor-section-height-default elementor-section-height-default\" data-id=\"160fad61\" data-element_type=\"section\" data-e-type=\"section\" data-settings=\"{&quot;background_background&quot;:&quot;classic&quot;}\">\n\t\t\t\t\t\t<div class=\"elementor-container elementor-column-gap-default\">\n\t\t\t\t\t<div class=\"elementor-column elementor-col-100 elementor-top-column elementor-element elementor-element-76c46db0\" data-id=\"76c46db0\" data-element_type=\"column\" data-e-type=\"column\">\n\t\t\t<div class=\"elementor-widget-wrap elementor-element-populated\">\n\t\t\t\t\t\t<section class=\"elementor-section elementor-inner-section elementor-element elementor-element-5c03573f elementor-section-content-middle elementor-section-boxed elementor-section-height-default elementor-section-height-default\" data-id=\"5c03573f\" data-element_type=\"section\" data-e-type=\"section\">\n\t\t\t\t\t\t<div class=\"elementor-container elementor-column-gap-default\">\n\t\t\t\t\t<div class=\"elementor-column elementor-col-50 elementor-inner-column elementor-element elementor-element-5f97fc33\" data-id=\"5f97fc33\" data-element_type=\"column\" data-e-type=\"column\">\n\t\t\t<div class=\"elementor-widget-wrap elementor-element-populated\">\n\t\t\t\t\t\t<div class=\"elementor-element elementor-element-1c239e37 elementor-widget elementor-widget-text-editor\" data-id=\"1c239e37\" data-element_type=\"widget\" data-e-type=\"widget\" data-widget_type=\"text-editor.default\">\n\t\t\t\t<div class=\"elementor-widget-container\">\n\t\t\t\t\t\t\t\t\t<p>Importe de las cuotas activas :<\/p>\n<ul class=\"design-list\">\n<li>Menores de 18 a\u00f1os: 5<\/li>\n<li>individual de 18 a 25 a\u00f1os: 14 \u20ac.<\/li>\n<li>persona mayor de 25 a\u00f1os: 28<\/li>\n<li>pareja: 38<\/li>\n<li>cuota de asistencia: gratuita<i><\/i><\/li>\n<li>cuota de afiliaci\u00f3n para personas jur\u00eddicas: 28<\/li>\n<\/ul>\n\t\t\t\t\t\t\t\t<\/div>\n\t\t\t\t<\/div>\n\t\t\t\t\t<\/div>\n\t\t<\/div>\n\t\t\t\t<div class=\"elementor-column elementor-col-50 elementor-inner-column elementor-element elementor-element-1cd53248\" data-id=\"1cd53248\" data-element_type=\"column\" data-e-type=\"column\" id=\"la-voie-de-vezelay\" data-settings=\"{&quot;background_background&quot;:&quot;classic&quot;}\">\n\t\t\t<div class=\"elementor-widget-wrap elementor-element-populated\">\n\t\t\t\t\t\t<div class=\"elementor-element elementor-element-79de2e90 elementor-widget elementor-widget-heading\" data-id=\"79de2e90\" data-element_type=\"widget\" data-e-type=\"widget\" data-widget_type=\"heading.default\">\n\t\t\t\t<div class=\"elementor-widget-container\">\n\t\t\t\t\t<h1 class=\"elementor-heading-title elementor-size-default\">\u00danase a la asociaci\u00f3n<\/h1>\t\t\t\t<\/div>\n\t\t\t\t<\/div>\n\t\t\t\t<div class=\"elementor-element elementor-element-3f338738 elementor-widget-divider--view-line elementor-widget elementor-widget-divider\" data-id=\"3f338738\" data-element_type=\"widget\" data-e-type=\"widget\" data-widget_type=\"divider.default\">\n\t\t\t\t<div class=\"elementor-widget-container\">\n\t\t\t\t\t\t\t<div class=\"elementor-divider\">\n\t\t\t<span class=\"elementor-divider-separator\">\n\t\t\t\t\t\t<\/span>\n\t\t<\/div>\n\t\t\t\t\t\t<\/div>\n\t\t\t\t<\/div>\n\t\t\t\t<div class=\"elementor-element elementor-element-22a69053 elementor-hidden-mobile elementor-widget elementor-widget-spacer\" data-id=\"22a69053\" data-element_type=\"widget\" data-e-type=\"widget\" data-widget_type=\"spacer.default\">\n\t\t\t\t<div class=\"elementor-widget-container\">\n\t\t\t\t\t\t\t<div class=\"elementor-spacer\">\n\t\t\t<div class=\"elementor-spacer-inner\"><\/div>\n\t\t<\/div>\n\t\t\t\t\t\t<\/div>\n\t\t\t\t<\/div>\n\t\t\t\t<div class=\"elementor-element elementor-element-6e272c51 elementor-widget elementor-widget-text-editor\" data-id=\"6e272c51\" data-element_type=\"widget\" data-e-type=\"widget\" data-widget_type=\"text-editor.default\">\n\t\t\t\t<div class=\"elementor-widget-container\">\n\t\t\t\t\t\t\t\t\t<p>Su afiliaci\u00f3n permite a la asociaci\u00f3n continuar con la creaci\u00f3n, el equipamiento y el mantenimiento de los refugios, as\u00ed como garantizar el mantenimiento de la se\u00f1alizaci\u00f3n del sendero, los gastos de funcionamiento y disponer de una oficina permanente en V\u00e9zelay.<\/p>\n<p>Para su pr\u00f3xima peregrinaci\u00f3n, la asociaci\u00f3n expedir\u00e1 su credencial gratuitamente.<\/p>\n\t\t\t\t\t\t\t\t<\/div>\n\t\t\t\t<\/div>\n\t\t\t\t<div class=\"elementor-element elementor-element-f5bc91e elementor-align-center elementor-widget elementor-widget-button\" data-id=\"f5bc91e\" data-element_type=\"widget\" data-e-type=\"widget\" data-widget_type=\"button.default\">\n\t\t\t\t<div class=\"elementor-widget-container\">\n\t\t\t\t\t\t\t\t\t<div class=\"elementor-button-wrapper\">\n\t\t\t\t\t<a class=\"elementor-button elementor-button-link elementor-size-sm\" href=\"https:\/\/vezelay-compostelle.eu\/es\/tienda\/\">\n\t\t\t\t\t\t<span class=\"elementor-button-content-wrapper\">\n\t\t\t\t\t\t\t\t\t<span class=\"elementor-button-text\">Unirse<\/span>\n\t\t\t\t\t<\/span>\n\t\t\t\t\t<\/a>\n\t\t\t\t<\/div>\n\t\t\t\t\t\t\t\t<\/div>\n\t\t\t\t<\/div>\n\t\t\t\t\t<\/div>\n\t\t<\/div>\n\t\t\t\t\t<\/div>\n\t\t<\/section>\n\t\t\t\t\t<\/div>\n\t\t<\/div>\n\t\t\t\t\t<\/div>\n\t\t<\/section>\n\t\t\t\t<\/div>\n\t\t","protected":false},"excerpt":{"rendered":"<p>Nuestra asociaci\u00f3n est\u00e1 formada por voluntarios que trabajan para que los peregrinos encuentren lo que necesitan antes, durante y despu\u00e9s de su viaje. Todos estos voluntarios forman un equipo din\u00e1mico al servicio de los peregrinos. Est\u00e1n a disposici\u00f3n de los peregrinos para informarles a su salida de V\u00e9zelay. Revisan la se\u00f1alizaci\u00f3n cada a\u00f1o, o dos [&hellip;]<\/p>\n","protected":false},"author":4,"featured_media":0,"parent":0,"menu_order":0,"comment_status":"closed","ping_status":"closed","template":"elementor_header_footer","meta":{"_acf_changed":false,"footnotes":""},"class_list":["post-7130","page","type-page","status-publish","hentry"],"acf":[],"yoast_head":"<!-- This site is optimized with the Yoast SEO plugin v27.4 - https:\/\/yoast.com\/product\/yoast-seo-wordpress\/ -->\n<title>\u00danase a la asociaci\u00f3n - V\u00e9zelay Compostelle<\/title>\n<meta name=\"robots\" content=\"index, follow, max-snippet:-1, max-image-preview:large, max-video-preview:-1\" \/>\n<link rel=\"canonical\" href=\"https:\/\/vezelay-compostelle.eu\/es\/unase-a-la-asociacion\/\" \/>\n<meta property=\"og:locale\" content=\"es_ES\" \/>\n<meta property=\"og:type\" content=\"article\" \/>\n<meta property=\"og:title\" content=\"\u00danase a la asociaci\u00f3n - V\u00e9zelay Compostelle\" \/>\n<meta property=\"og:description\" content=\"Nuestra asociaci\u00f3n est\u00e1 formada por voluntarios que trabajan para que los peregrinos encuentren lo que necesitan antes, durante y despu\u00e9s de su viaje. Todos estos voluntarios forman un equipo din\u00e1mico al servicio de los peregrinos. Est\u00e1n a disposici\u00f3n de los peregrinos para informarles a su salida de V\u00e9zelay. Revisan la se\u00f1alizaci\u00f3n cada a\u00f1o, o dos [&hellip;]\" \/>\n<meta property=\"og:url\" content=\"https:\/\/vezelay-compostelle.eu\/es\/unase-a-la-asociacion\/\" \/>\n<meta property=\"og:site_name\" content=\"V\u00e9zelay Compostelle\" \/>\n<meta property=\"article:modified_time\" content=\"2024-03-25T13:32:30+00:00\" \/>\n<meta name=\"twitter:card\" content=\"summary_large_image\" \/>\n<meta name=\"twitter:label1\" content=\"Tiempo de lectura\" \/>\n\t<meta name=\"twitter:data1\" content=\"1 minuto\" \/>\n<script type=\"application\/ld+json\" class=\"yoast-schema-graph\">{\"@context\":\"https:\\\/\\\/schema.org\",\"@graph\":[{\"@type\":\"WebPage\",\"@id\":\"https:\\\/\\\/vezelay-compostelle.eu\\\/es\\\/unase-a-la-asociacion\\\/\",\"url\":\"https:\\\/\\\/vezelay-compostelle.eu\\\/es\\\/unase-a-la-asociacion\\\/\",\"name\":\"\u00danase a la asociaci\u00f3n - V\u00e9zelay Compostelle\",\"isPartOf\":{\"@id\":\"https:\\\/\\\/vezelay-compostelle.eu\\\/es\\\/#website\"},\"datePublished\":\"2022-03-10T09:43:39+00:00\",\"dateModified\":\"2024-03-25T13:32:30+00:00\",\"breadcrumb\":{\"@id\":\"https:\\\/\\\/vezelay-compostelle.eu\\\/es\\\/unase-a-la-asociacion\\\/#breadcrumb\"},\"inLanguage\":\"es\",\"potentialAction\":[{\"@type\":\"ReadAction\",\"target\":[\"https:\\\/\\\/vezelay-compostelle.eu\\\/es\\\/unase-a-la-asociacion\\\/\"]}]},{\"@type\":\"BreadcrumbList\",\"@id\":\"https:\\\/\\\/vezelay-compostelle.eu\\\/es\\\/unase-a-la-asociacion\\\/#breadcrumb\",\"itemListElement\":[{\"@type\":\"ListItem\",\"position\":1,\"name\":\"Accueil\",\"item\":\"https:\\\/\\\/vezelay-compostelle.eu\\\/es\\\/\"},{\"@type\":\"ListItem\",\"position\":2,\"name\":\"\u00danase a la asociaci\u00f3n\"}]},{\"@type\":\"WebSite\",\"@id\":\"https:\\\/\\\/vezelay-compostelle.eu\\\/es\\\/#website\",\"url\":\"https:\\\/\\\/vezelay-compostelle.eu\\\/es\\\/\",\"name\":\"V\u00e9zelay Compostelle\",\"description\":\"\",\"publisher\":{\"@id\":\"https:\\\/\\\/vezelay-compostelle.eu\\\/es\\\/#organization\"},\"potentialAction\":[{\"@type\":\"SearchAction\",\"target\":{\"@type\":\"EntryPoint\",\"urlTemplate\":\"https:\\\/\\\/vezelay-compostelle.eu\\\/es\\\/?s={search_term_string}\"},\"query-input\":{\"@type\":\"PropertyValueSpecification\",\"valueRequired\":true,\"valueName\":\"search_term_string\"}}],\"inLanguage\":\"es\"},{\"@type\":\"Organization\",\"@id\":\"https:\\\/\\\/vezelay-compostelle.eu\\\/es\\\/#organization\",\"name\":\"V\u00e9zelay Compostelle\",\"url\":\"https:\\\/\\\/vezelay-compostelle.eu\\\/es\\\/\",\"logo\":{\"@type\":\"ImageObject\",\"inLanguage\":\"es\",\"@id\":\"https:\\\/\\\/vezelay-compostelle.eu\\\/es\\\/#\\\/schema\\\/logo\\\/image\\\/\",\"url\":\"https:\\\/\\\/vezelay-compostelle.eu\\\/wp-content\\\/uploads\\\/2023\\\/08\\\/logo-amis_et_pelerins.png\",\"contentUrl\":\"https:\\\/\\\/vezelay-compostelle.eu\\\/wp-content\\\/uploads\\\/2023\\\/08\\\/logo-amis_et_pelerins.png\",\"width\":269,\"height\":308,\"caption\":\"V\u00e9zelay Compostelle\"},\"image\":{\"@id\":\"https:\\\/\\\/vezelay-compostelle.eu\\\/es\\\/#\\\/schema\\\/logo\\\/image\\\/\"}}]}<\/script>\n<!-- \/ Yoast SEO plugin. -->","yoast_head_json":{"title":"\u00danase a la asociaci\u00f3n - V\u00e9zelay Compostelle","robots":{"index":"index","follow":"follow","max-snippet":"max-snippet:-1","max-image-preview":"max-image-preview:large","max-video-preview":"max-video-preview:-1"},"canonical":"https:\/\/vezelay-compostelle.eu\/es\/unase-a-la-asociacion\/","og_locale":"es_ES","og_type":"article","og_title":"\u00danase a la asociaci\u00f3n - V\u00e9zelay Compostelle","og_description":"Nuestra asociaci\u00f3n est\u00e1 formada por voluntarios que trabajan para que los peregrinos encuentren lo que necesitan antes, durante y despu\u00e9s de su viaje. Todos estos voluntarios forman un equipo din\u00e1mico al servicio de los peregrinos. Est\u00e1n a disposici\u00f3n de los peregrinos para informarles a su salida de V\u00e9zelay. Revisan la se\u00f1alizaci\u00f3n cada a\u00f1o, o dos [&hellip;]","og_url":"https:\/\/vezelay-compostelle.eu\/es\/unase-a-la-asociacion\/","og_site_name":"V\u00e9zelay Compostelle","article_modified_time":"2024-03-25T13:32:30+00:00","twitter_card":"summary_large_image","twitter_misc":{"Tiempo de lectura":"1 minuto"},"schema":{"@context":"https:\/\/schema.org","@graph":[{"@type":"WebPage","@id":"https:\/\/vezelay-compostelle.eu\/es\/unase-a-la-asociacion\/","url":"https:\/\/vezelay-compostelle.eu\/es\/unase-a-la-asociacion\/","name":"\u00danase a la asociaci\u00f3n - V\u00e9zelay Compostelle","isPartOf":{"@id":"https:\/\/vezelay-compostelle.eu\/es\/#website"},"datePublished":"2022-03-10T09:43:39+00:00","dateModified":"2024-03-25T13:32:30+00:00","breadcrumb":{"@id":"https:\/\/vezelay-compostelle.eu\/es\/unase-a-la-asociacion\/#breadcrumb"},"inLanguage":"es","potentialAction":[{"@type":"ReadAction","target":["https:\/\/vezelay-compostelle.eu\/es\/unase-a-la-asociacion\/"]}]},{"@type":"BreadcrumbList","@id":"https:\/\/vezelay-compostelle.eu\/es\/unase-a-la-asociacion\/#breadcrumb","itemListElement":[{"@type":"ListItem","position":1,"name":"Accueil","item":"https:\/\/vezelay-compostelle.eu\/es\/"},{"@type":"ListItem","position":2,"name":"\u00danase a la asociaci\u00f3n"}]},{"@type":"WebSite","@id":"https:\/\/vezelay-compostelle.eu\/es\/#website","url":"https:\/\/vezelay-compostelle.eu\/es\/","name":"V\u00e9zelay Compostelle","description":"","publisher":{"@id":"https:\/\/vezelay-compostelle.eu\/es\/#organization"},"potentialAction":[{"@type":"SearchAction","target":{"@type":"EntryPoint","urlTemplate":"https:\/\/vezelay-compostelle.eu\/es\/?s={search_term_string}"},"query-input":{"@type":"PropertyValueSpecification","valueRequired":true,"valueName":"search_term_string"}}],"inLanguage":"es"},{"@type":"Organization","@id":"https:\/\/vezelay-compostelle.eu\/es\/#organization","name":"V\u00e9zelay Compostelle","url":"https:\/\/vezelay-compostelle.eu\/es\/","logo":{"@type":"ImageObject","inLanguage":"es","@id":"https:\/\/vezelay-compostelle.eu\/es\/#\/schema\/logo\/image\/","url":"https:\/\/vezelay-compostelle.eu\/wp-content\/uploads\/2023\/08\/logo-amis_et_pelerins.png","contentUrl":"https:\/\/vezelay-compostelle.eu\/wp-content\/uploads\/2023\/08\/logo-amis_et_pelerins.png","width":269,"height":308,"caption":"V\u00e9zelay Compostelle"},"image":{"@id":"https:\/\/vezelay-compostelle.eu\/es\/#\/schema\/logo\/image\/"}}]}},"_links":{"self":[{"href":"https:\/\/vezelay-compostelle.eu\/es\/wp-json\/wp\/v2\/pages\/7130","targetHints":{"allow":["GET"]}}],"collection":[{"href":"https:\/\/vezelay-compostelle.eu\/es\/wp-json\/wp\/v2\/pages"}],"about":[{"href":"https:\/\/vezelay-compostelle.eu\/es\/wp-json\/wp\/v2\/types\/page"}],"author":[{"embeddable":true,"href":"https:\/\/vezelay-compostelle.eu\/es\/wp-json\/wp\/v2\/users\/4"}],"replies":[{"embeddable":true,"href":"https:\/\/vezelay-compostelle.eu\/es\/wp-json\/wp\/v2\/comments?post=7130"}],"version-history":[{"count":14,"href":"https:\/\/vezelay-compostelle.eu\/es\/wp-json\/wp\/v2\/pages\/7130\/revisions"}],"predecessor-version":[{"id":13697,"href":"https:\/\/vezelay-compostelle.eu\/es\/wp-json\/wp\/v2\/pages\/7130\/revisions\/13697"}],"wp:attachment":[{"href":"https:\/\/vezelay-compostelle.eu\/es\/wp-json\/wp\/v2\/media?parent=7130"}],"curies":[{"name":"wp","href":"https:\/\/api.w.org\/{rel}","templated":true}]}}