{"id":11876,"date":"2023-09-25T10:29:01","date_gmt":"2023-09-25T08:29:01","guid":{"rendered":"https:\/\/vezelay-compostelle.eu\/en-el-cruce-de-caminos\/"},"modified":"2024-06-20T11:27:26","modified_gmt":"2024-06-20T09:27:26","slug":"en-el-cruce-de-caminos","status":"publish","type":"page","link":"https:\/\/vezelay-compostelle.eu\/es\/en-el-cruce-de-caminos\/","title":{"rendered":"En el cruce de caminos"},"content":{"rendered":"\t\t<div data-elementor-type=\"wp-page\" data-elementor-id=\"11876\" class=\"elementor elementor-11876 elementor-9763\" data-elementor-post-type=\"page\">\n\t\t\t\t\t\t<section class=\"elementor-section elementor-top-section elementor-element elementor-element-51785f1 elementor-section-boxed elementor-section-height-default elementor-section-height-default\" data-id=\"51785f1\" data-element_type=\"section\" data-e-type=\"section\">\n\t\t\t\t\t\t<div class=\"elementor-container elementor-column-gap-default\">\n\t\t\t\t\t<div class=\"elementor-column elementor-col-50 elementor-top-column elementor-element elementor-element-4df1abe\" data-id=\"4df1abe\" data-element_type=\"column\" data-e-type=\"column\">\n\t\t\t<div class=\"elementor-widget-wrap\">\n\t\t\t\t\t\t\t<\/div>\n\t\t<\/div>\n\t\t\t\t<div class=\"elementor-column elementor-col-50 elementor-top-column elementor-element elementor-element-44863eb\" data-id=\"44863eb\" data-element_type=\"column\" data-e-type=\"column\">\n\t\t\t<div class=\"elementor-widget-wrap elementor-element-populated\">\n\t\t\t\t\t\t<div class=\"elementor-element elementor-element-a63be64 elementor-widget elementor-widget-image\" data-id=\"a63be64\" data-element_type=\"widget\" data-e-type=\"widget\" data-widget_type=\"image.default\">\n\t\t\t\t<div class=\"elementor-widget-container\">\n\t\t\t\t\t\t\t\t\t\t\t\t\t\t\t<img fetchpriority=\"high\" decoding=\"async\" width=\"548\" height=\"497\" src=\"https:\/\/vezelay-compostelle.eu\/wp-content\/uploads\/2023\/11\/rose-des-vents.jpg\" class=\"attachment-large size-large wp-image-10444\" alt=\"Rose des vents\" srcset=\"https:\/\/vezelay-compostelle.eu\/wp-content\/uploads\/2023\/11\/rose-des-vents.jpg 548w, https:\/\/vezelay-compostelle.eu\/wp-content\/uploads\/2023\/11\/rose-des-vents-300x272.jpg 300w\" sizes=\"(max-width: 548px) 100vw, 548px\" \/>\t\t\t\t\t\t\t\t\t\t\t\t\t\t\t<\/div>\n\t\t\t\t<\/div>\n\t\t\t\t<div class=\"elementor-element elementor-element-75661a6 elementor-widget elementor-widget-text-editor\" data-id=\"75661a6\" data-element_type=\"widget\" data-e-type=\"widget\" data-widget_type=\"text-editor.default\">\n\t\t\t\t<div class=\"elementor-widget-container\">\n\t\t\t\t\t\t\t\t\t<p><a href=\"http:\/\/www.randonneurs-pelerins.com\/joomla1.7\/\" target=\"_blank\" rel=\"noopener\">RP51 desde la frontera belga hasta V\u00e9zelay<\/a><\/p>\n<p><a href=\"https:\/\/compostelle-paris-sens-vezelay.com\/\" target=\"_blank\" rel=\"noopener\">Par\u00eds &#8211; Sens &#8211; V\u00e9zelay de Par\u00eds a V\u00e9zelay <\/a><\/p>\n<p><a href=\"https:\/\/www.yonne-compostelle.fr\/\">Yonne Compostelle de M\u00e9lisey \u00e0 V\u00e9zelay et de Flogny la Chapelle \u00e0 V\u00e9zelay<\/a><\/p>\n<p><a href=\"https:\/\/st-jacques-bourgogne.org\/\" target=\"_blank\" rel=\"noopener\">Cofrad\u00eda de peregrinos de Saint Jacques en Borgo\u00f1a<\/a><\/p>\n<p><a href=\"https:\/\/accr-bfc.fr\/\" target=\"_blank\" rel=\"noopener\">Asociaci\u00f3n de los Caminos de Compostela y Roma en Borgo\u00f1a-Franco Condado<\/a><\/p>\n<p><a href=\"https:\/\/www.af-ccc.fr\/\" target=\"_blank\" rel=\"noopener\">Asociaci\u00f3n Franco-Comtoise del Camino de Santiago<\/a><\/p>\n<p><a href=\"https:\/\/www.compostelle71.fr\/\" target=\"_blank\" rel=\"noopener\">Compostelle 71<\/a><\/p>\n<p>GR654.1 &amp; .2<\/p>\n<p><a href=\"https:\/\/chemindassise.org\/fr\/accueil\/\" target=\"_blank\" rel=\"noopener\">El Camino de As\u00eds desde V\u00e9zelay (Francia) hasta As\u00eds (Italia)<\/a><\/p>\n<p><a href=\"https:\/\/haltespelerines44.fr\/\" target=\"_blank\" rel=\"noopener\">La Via Ligeria de Nantes \u00e0 Bucey les Gy<\/a><\/p>\n<p><a href=\"https:\/\/www.celineanayagautier.com\/viamagdalena\" target=\"_blank\" rel=\"noopener\">La Via Magdalena<\/a> Meudon &#8211;&gt; V\u00e9zelay &#8211;&gt; Magdala <\/p>\n<p>Le chemin de p\u00e8lerinage de V\u00e9zelay \u00e0 la Sainte-Baume <a href=\"https:\/\/www.lazare-capucine.com\/produit\/lasaintebaume\/\" target=\"_blank\" rel=\"noopener\">La Sainte Baume \u2013 Chemin de p\u00e8lerinage \u2013 Lazare Capucine (lazare-capucine.com)<\/a><\/p>\n\t\t\t\t\t\t\t\t<\/div>\n\t\t\t\t<\/div>\n\t\t\t\t\t<\/div>\n\t\t<\/div>\n\t\t\t\t\t<\/div>\n\t\t<\/section>\n\t\t\t\t<\/div>\n\t\t","protected":false},"excerpt":{"rendered":"<p>RP51 desde la frontera belga hasta V\u00e9zelay Par\u00eds &#8211; Sens &#8211; V\u00e9zelay de Par\u00eds a V\u00e9zelay Yonne Compostelle de M\u00e9lisey \u00e0 V\u00e9zelay et de Flogny la Chapelle \u00e0 V\u00e9zelay Cofrad\u00eda de peregrinos de Saint Jacques en Borgo\u00f1a Asociaci\u00f3n de los Caminos de Compostela y Roma en Borgo\u00f1a-Franco Condado Asociaci\u00f3n Franco-Comtoise del Camino de Santiago Compostelle [&hellip;]<\/p>\n","protected":false},"author":4,"featured_media":0,"parent":0,"menu_order":0,"comment_status":"closed","ping_status":"closed","template":"elementor_header_footer","meta":{"_acf_changed":false,"footnotes":""},"class_list":["post-11876","page","type-page","status-publish","hentry"],"acf":[],"yoast_head":"<!-- This site is optimized with the Yoast SEO plugin v27.4 - https:\/\/yoast.com\/product\/yoast-seo-wordpress\/ -->\n<title>En el cruce de caminos - V\u00e9zelay Compostelle<\/title>\n<meta name=\"robots\" content=\"index, follow, max-snippet:-1, max-image-preview:large, max-video-preview:-1\" \/>\n<link rel=\"canonical\" href=\"https:\/\/vezelay-compostelle.eu\/es\/en-el-cruce-de-caminos\/\" \/>\n<meta property=\"og:locale\" content=\"es_ES\" \/>\n<meta property=\"og:type\" content=\"article\" \/>\n<meta property=\"og:title\" content=\"En el cruce de caminos - V\u00e9zelay Compostelle\" \/>\n<meta property=\"og:description\" content=\"RP51 desde la frontera belga hasta V\u00e9zelay Par\u00eds &#8211; Sens &#8211; V\u00e9zelay de Par\u00eds a V\u00e9zelay Yonne Compostelle de M\u00e9lisey \u00e0 V\u00e9zelay et de Flogny la Chapelle \u00e0 V\u00e9zelay Cofrad\u00eda de peregrinos de Saint Jacques en Borgo\u00f1a Asociaci\u00f3n de los Caminos de Compostela y Roma en Borgo\u00f1a-Franco Condado Asociaci\u00f3n Franco-Comtoise del Camino de Santiago Compostelle [&hellip;]\" \/>\n<meta property=\"og:url\" content=\"https:\/\/vezelay-compostelle.eu\/es\/en-el-cruce-de-caminos\/\" \/>\n<meta property=\"og:site_name\" content=\"V\u00e9zelay Compostelle\" \/>\n<meta property=\"article:modified_time\" content=\"2024-06-20T09:27:26+00:00\" \/>\n<meta property=\"og:image\" content=\"https:\/\/vezelay-compostelle.eu\/wp-content\/uploads\/2023\/11\/rose-des-vents.jpg\" \/>\n<meta name=\"twitter:card\" content=\"summary_large_image\" \/>\n<meta name=\"twitter:label1\" content=\"Tiempo de lectura\" \/>\n\t<meta name=\"twitter:data1\" content=\"1 minuto\" \/>\n<script type=\"application\/ld+json\" class=\"yoast-schema-graph\">{\"@context\":\"https:\\\/\\\/schema.org\",\"@graph\":[{\"@type\":\"WebPage\",\"@id\":\"https:\\\/\\\/vezelay-compostelle.eu\\\/es\\\/en-el-cruce-de-caminos\\\/\",\"url\":\"https:\\\/\\\/vezelay-compostelle.eu\\\/es\\\/en-el-cruce-de-caminos\\\/\",\"name\":\"En el cruce de caminos - V\u00e9zelay Compostelle\",\"isPartOf\":{\"@id\":\"https:\\\/\\\/vezelay-compostelle.eu\\\/es\\\/#website\"},\"primaryImageOfPage\":{\"@id\":\"https:\\\/\\\/vezelay-compostelle.eu\\\/es\\\/en-el-cruce-de-caminos\\\/#primaryimage\"},\"image\":{\"@id\":\"https:\\\/\\\/vezelay-compostelle.eu\\\/es\\\/en-el-cruce-de-caminos\\\/#primaryimage\"},\"thumbnailUrl\":\"https:\\\/\\\/vezelay-compostelle.eu\\\/wp-content\\\/uploads\\\/2023\\\/11\\\/rose-des-vents.jpg\",\"datePublished\":\"2023-09-25T08:29:01+00:00\",\"dateModified\":\"2024-06-20T09:27:26+00:00\",\"breadcrumb\":{\"@id\":\"https:\\\/\\\/vezelay-compostelle.eu\\\/es\\\/en-el-cruce-de-caminos\\\/#breadcrumb\"},\"inLanguage\":\"es\",\"potentialAction\":[{\"@type\":\"ReadAction\",\"target\":[\"https:\\\/\\\/vezelay-compostelle.eu\\\/es\\\/en-el-cruce-de-caminos\\\/\"]}]},{\"@type\":\"ImageObject\",\"inLanguage\":\"es\",\"@id\":\"https:\\\/\\\/vezelay-compostelle.eu\\\/es\\\/en-el-cruce-de-caminos\\\/#primaryimage\",\"url\":\"https:\\\/\\\/vezelay-compostelle.eu\\\/wp-content\\\/uploads\\\/2023\\\/11\\\/rose-des-vents.jpg\",\"contentUrl\":\"https:\\\/\\\/vezelay-compostelle.eu\\\/wp-content\\\/uploads\\\/2023\\\/11\\\/rose-des-vents.jpg\"},{\"@type\":\"BreadcrumbList\",\"@id\":\"https:\\\/\\\/vezelay-compostelle.eu\\\/es\\\/en-el-cruce-de-caminos\\\/#breadcrumb\",\"itemListElement\":[{\"@type\":\"ListItem\",\"position\":1,\"name\":\"Accueil\",\"item\":\"https:\\\/\\\/vezelay-compostelle.eu\\\/es\\\/\"},{\"@type\":\"ListItem\",\"position\":2,\"name\":\"En el cruce de caminos\"}]},{\"@type\":\"WebSite\",\"@id\":\"https:\\\/\\\/vezelay-compostelle.eu\\\/es\\\/#website\",\"url\":\"https:\\\/\\\/vezelay-compostelle.eu\\\/es\\\/\",\"name\":\"V\u00e9zelay Compostelle\",\"description\":\"\",\"publisher\":{\"@id\":\"https:\\\/\\\/vezelay-compostelle.eu\\\/es\\\/#organization\"},\"potentialAction\":[{\"@type\":\"SearchAction\",\"target\":{\"@type\":\"EntryPoint\",\"urlTemplate\":\"https:\\\/\\\/vezelay-compostelle.eu\\\/es\\\/?s={search_term_string}\"},\"query-input\":{\"@type\":\"PropertyValueSpecification\",\"valueRequired\":true,\"valueName\":\"search_term_string\"}}],\"inLanguage\":\"es\"},{\"@type\":\"Organization\",\"@id\":\"https:\\\/\\\/vezelay-compostelle.eu\\\/es\\\/#organization\",\"name\":\"V\u00e9zelay Compostelle\",\"url\":\"https:\\\/\\\/vezelay-compostelle.eu\\\/es\\\/\",\"logo\":{\"@type\":\"ImageObject\",\"inLanguage\":\"es\",\"@id\":\"https:\\\/\\\/vezelay-compostelle.eu\\\/es\\\/#\\\/schema\\\/logo\\\/image\\\/\",\"url\":\"https:\\\/\\\/vezelay-compostelle.eu\\\/wp-content\\\/uploads\\\/2023\\\/08\\\/logo-amis_et_pelerins.png\",\"contentUrl\":\"https:\\\/\\\/vezelay-compostelle.eu\\\/wp-content\\\/uploads\\\/2023\\\/08\\\/logo-amis_et_pelerins.png\",\"width\":269,\"height\":308,\"caption\":\"V\u00e9zelay Compostelle\"},\"image\":{\"@id\":\"https:\\\/\\\/vezelay-compostelle.eu\\\/es\\\/#\\\/schema\\\/logo\\\/image\\\/\"}}]}<\/script>\n<!-- \/ Yoast SEO plugin. -->","yoast_head_json":{"title":"En el cruce de caminos - V\u00e9zelay Compostelle","robots":{"index":"index","follow":"follow","max-snippet":"max-snippet:-1","max-image-preview":"max-image-preview:large","max-video-preview":"max-video-preview:-1"},"canonical":"https:\/\/vezelay-compostelle.eu\/es\/en-el-cruce-de-caminos\/","og_locale":"es_ES","og_type":"article","og_title":"En el cruce de caminos - V\u00e9zelay Compostelle","og_description":"RP51 desde la frontera belga hasta V\u00e9zelay Par\u00eds &#8211; Sens &#8211; V\u00e9zelay de Par\u00eds a V\u00e9zelay Yonne Compostelle de M\u00e9lisey \u00e0 V\u00e9zelay et de Flogny la Chapelle \u00e0 V\u00e9zelay Cofrad\u00eda de peregrinos de Saint Jacques en Borgo\u00f1a Asociaci\u00f3n de los Caminos de Compostela y Roma en Borgo\u00f1a-Franco Condado Asociaci\u00f3n Franco-Comtoise del Camino de Santiago Compostelle [&hellip;]","og_url":"https:\/\/vezelay-compostelle.eu\/es\/en-el-cruce-de-caminos\/","og_site_name":"V\u00e9zelay Compostelle","article_modified_time":"2024-06-20T09:27:26+00:00","og_image":[{"url":"https:\/\/vezelay-compostelle.eu\/wp-content\/uploads\/2023\/11\/rose-des-vents.jpg","type":"","width":"","height":""}],"twitter_card":"summary_large_image","twitter_misc":{"Tiempo de lectura":"1 minuto"},"schema":{"@context":"https:\/\/schema.org","@graph":[{"@type":"WebPage","@id":"https:\/\/vezelay-compostelle.eu\/es\/en-el-cruce-de-caminos\/","url":"https:\/\/vezelay-compostelle.eu\/es\/en-el-cruce-de-caminos\/","name":"En el cruce de caminos - V\u00e9zelay Compostelle","isPartOf":{"@id":"https:\/\/vezelay-compostelle.eu\/es\/#website"},"primaryImageOfPage":{"@id":"https:\/\/vezelay-compostelle.eu\/es\/en-el-cruce-de-caminos\/#primaryimage"},"image":{"@id":"https:\/\/vezelay-compostelle.eu\/es\/en-el-cruce-de-caminos\/#primaryimage"},"thumbnailUrl":"https:\/\/vezelay-compostelle.eu\/wp-content\/uploads\/2023\/11\/rose-des-vents.jpg","datePublished":"2023-09-25T08:29:01+00:00","dateModified":"2024-06-20T09:27:26+00:00","breadcrumb":{"@id":"https:\/\/vezelay-compostelle.eu\/es\/en-el-cruce-de-caminos\/#breadcrumb"},"inLanguage":"es","potentialAction":[{"@type":"ReadAction","target":["https:\/\/vezelay-compostelle.eu\/es\/en-el-cruce-de-caminos\/"]}]},{"@type":"ImageObject","inLanguage":"es","@id":"https:\/\/vezelay-compostelle.eu\/es\/en-el-cruce-de-caminos\/#primaryimage","url":"https:\/\/vezelay-compostelle.eu\/wp-content\/uploads\/2023\/11\/rose-des-vents.jpg","contentUrl":"https:\/\/vezelay-compostelle.eu\/wp-content\/uploads\/2023\/11\/rose-des-vents.jpg"},{"@type":"BreadcrumbList","@id":"https:\/\/vezelay-compostelle.eu\/es\/en-el-cruce-de-caminos\/#breadcrumb","itemListElement":[{"@type":"ListItem","position":1,"name":"Accueil","item":"https:\/\/vezelay-compostelle.eu\/es\/"},{"@type":"ListItem","position":2,"name":"En el cruce de caminos"}]},{"@type":"WebSite","@id":"https:\/\/vezelay-compostelle.eu\/es\/#website","url":"https:\/\/vezelay-compostelle.eu\/es\/","name":"V\u00e9zelay Compostelle","description":"","publisher":{"@id":"https:\/\/vezelay-compostelle.eu\/es\/#organization"},"potentialAction":[{"@type":"SearchAction","target":{"@type":"EntryPoint","urlTemplate":"https:\/\/vezelay-compostelle.eu\/es\/?s={search_term_string}"},"query-input":{"@type":"PropertyValueSpecification","valueRequired":true,"valueName":"search_term_string"}}],"inLanguage":"es"},{"@type":"Organization","@id":"https:\/\/vezelay-compostelle.eu\/es\/#organization","name":"V\u00e9zelay Compostelle","url":"https:\/\/vezelay-compostelle.eu\/es\/","logo":{"@type":"ImageObject","inLanguage":"es","@id":"https:\/\/vezelay-compostelle.eu\/es\/#\/schema\/logo\/image\/","url":"https:\/\/vezelay-compostelle.eu\/wp-content\/uploads\/2023\/08\/logo-amis_et_pelerins.png","contentUrl":"https:\/\/vezelay-compostelle.eu\/wp-content\/uploads\/2023\/08\/logo-amis_et_pelerins.png","width":269,"height":308,"caption":"V\u00e9zelay Compostelle"},"image":{"@id":"https:\/\/vezelay-compostelle.eu\/es\/#\/schema\/logo\/image\/"}}]}},"_links":{"self":[{"href":"https:\/\/vezelay-compostelle.eu\/es\/wp-json\/wp\/v2\/pages\/11876","targetHints":{"allow":["GET"]}}],"collection":[{"href":"https:\/\/vezelay-compostelle.eu\/es\/wp-json\/wp\/v2\/pages"}],"about":[{"href":"https:\/\/vezelay-compostelle.eu\/es\/wp-json\/wp\/v2\/types\/page"}],"author":[{"embeddable":true,"href":"https:\/\/vezelay-compostelle.eu\/es\/wp-json\/wp\/v2\/users\/4"}],"replies":[{"embeddable":true,"href":"https:\/\/vezelay-compostelle.eu\/es\/wp-json\/wp\/v2\/comments?post=11876"}],"version-history":[{"count":4,"href":"https:\/\/vezelay-compostelle.eu\/es\/wp-json\/wp\/v2\/pages\/11876\/revisions"}],"predecessor-version":[{"id":14740,"href":"https:\/\/vezelay-compostelle.eu\/es\/wp-json\/wp\/v2\/pages\/11876\/revisions\/14740"}],"wp:attachment":[{"href":"https:\/\/vezelay-compostelle.eu\/es\/wp-json\/wp\/v2\/media?parent=11876"}],"curies":[{"name":"wp","href":"https:\/\/api.w.org\/{rel}","templated":true}]}}