{"id":7491,"date":"2022-03-07T16:59:27","date_gmt":"2022-03-07T15:59:27","guid":{"rendered":"https:\/\/vezelay-compostelle.eu\/mentions-legales\/"},"modified":"2023-11-22T14:02:12","modified_gmt":"2023-11-22T13:02:12","slug":"mentions-legales","status":"publish","type":"page","link":"https:\/\/vezelay-compostelle.eu\/en\/mentions-legales\/","title":{"rendered":"Mentions L\u00e9gales"},"content":{"rendered":"\t\t<div data-elementor-type=\"wp-page\" data-elementor-id=\"7491\" class=\"elementor elementor-7491 elementor-3413\" data-elementor-post-type=\"page\">\n\t\t\t\t\t\t<section class=\"elementor-section elementor-top-section elementor-element elementor-element-35c8ec4 elementor-section-boxed elementor-section-height-default elementor-section-height-default\" data-id=\"35c8ec4\" data-element_type=\"section\" data-e-type=\"section\">\n\t\t\t\t\t\t<div class=\"elementor-container elementor-column-gap-default\">\n\t\t\t\t\t<div class=\"elementor-column elementor-col-100 elementor-top-column elementor-element elementor-element-c4c4604\" data-id=\"c4c4604\" data-element_type=\"column\" data-e-type=\"column\">\n\t\t\t<div class=\"elementor-widget-wrap elementor-element-populated\">\n\t\t\t\t\t\t<div class=\"elementor-element elementor-element-422ca8d f-medhurst title-underline elementor-widget elementor-widget-heading\" data-id=\"422ca8d\" data-element_type=\"widget\" data-e-type=\"widget\" data-widget_type=\"heading.default\">\n\t\t\t\t<div class=\"elementor-widget-container\">\n\t\t\t\t\t<h2 class=\"elementor-heading-title elementor-size-xl\">INFORMATIONS RELATIVES AU SITE ET A SON UTILISATION\n<\/h2>\t\t\t\t<\/div>\n\t\t\t\t<\/div>\n\t\t\t\t<div class=\"elementor-element elementor-element-5aed221 voie-title elementor-widget elementor-widget-heading\" data-id=\"5aed221\" data-element_type=\"widget\" data-e-type=\"widget\" data-widget_type=\"heading.default\">\n\t\t\t\t<div class=\"elementor-widget-container\">\n\t\t\t\t\t<h2 class=\"elementor-heading-title elementor-size-default\">Propri\u00e9t\u00e9 du site :\n<\/h2>\t\t\t\t<\/div>\n\t\t\t\t<\/div>\n\t\t\t\t<div class=\"elementor-element elementor-element-ea5b510 elementor-widget elementor-widget-text-editor\" data-id=\"ea5b510\" data-element_type=\"widget\" data-e-type=\"widget\" data-widget_type=\"text-editor.default\">\n\t\t\t\t<div class=\"elementor-widget-container\">\n\t\t\t\t\t\t\t\t\t<p>This site is the property of the association of Friends and Pilgrims of Saint-Jacques de la Voie de V\u00e9zelay, 24 rue Saint Pierre, 89450 V\u00e9zelay &#8211; Declaration number W892000630<\/p>\n\t\t\t\t\t\t\t\t<\/div>\n\t\t\t\t<\/div>\n\t\t\t\t<div class=\"elementor-element elementor-element-ea7174b voie-title elementor-widget elementor-widget-heading\" data-id=\"ea7174b\" data-element_type=\"widget\" data-e-type=\"widget\" data-widget_type=\"heading.default\">\n\t\t\t\t<div class=\"elementor-widget-container\">\n\t\t\t\t\t<h2 class=\"elementor-heading-title elementor-size-default\">Administration du site :\n<\/h2>\t\t\t\t<\/div>\n\t\t\t\t<\/div>\n\t\t\t\t<div class=\"elementor-element elementor-element-61ff19d elementor-widget elementor-widget-text-editor\" data-id=\"61ff19d\" data-element_type=\"widget\" data-e-type=\"widget\" data-widget_type=\"text-editor.default\">\n\t\t\t\t<div class=\"elementor-widget-container\">\n\t\t\t\t\t\t\t\t\t<p>Le directeur de la publication du site web est la pr\u00e9sidente de l&#8217;association, Faignoy Marie-France, joignable \u00e0 president@vezelay-compostelle.eu<\/p>\n\t\t\t\t\t\t\t\t<\/div>\n\t\t\t\t<\/div>\n\t\t\t\t<div class=\"elementor-element elementor-element-e38078b voie-title elementor-widget elementor-widget-heading\" data-id=\"e38078b\" data-element_type=\"widget\" data-e-type=\"widget\" data-widget_type=\"heading.default\">\n\t\t\t\t<div class=\"elementor-widget-container\">\n\t\t\t\t\t<h2 class=\"elementor-heading-title elementor-size-default\">Conception :\n<\/h2>\t\t\t\t<\/div>\n\t\t\t\t<\/div>\n\t\t\t\t<div class=\"elementor-element elementor-element-44e0642 elementor-widget elementor-widget-text-editor\" data-id=\"44e0642\" data-element_type=\"widget\" data-e-type=\"widget\" data-widget_type=\"text-editor.default\">\n\t\t\t\t<div class=\"elementor-widget-container\">\n\t\t\t\t\t\t\t\t\t<p>ZE-COMPANY<\/p>\n<p>35 rue des Anguignis, 45100 Saint-Jean-le-Blanc<\/p>\n\t\t\t\t\t\t\t\t<\/div>\n\t\t\t\t<\/div>\n\t\t\t\t<div class=\"elementor-element elementor-element-4a7a92c voie-title elementor-widget elementor-widget-heading\" data-id=\"4a7a92c\" data-element_type=\"widget\" data-e-type=\"widget\" data-widget_type=\"heading.default\">\n\t\t\t\t<div class=\"elementor-widget-container\">\n\t\t\t\t\t<h2 class=\"elementor-heading-title elementor-size-default\">H\u00e9bergement :\n<\/h2>\t\t\t\t<\/div>\n\t\t\t\t<\/div>\n\t\t\t\t<div class=\"elementor-element elementor-element-c5c532b elementor-widget elementor-widget-text-editor\" data-id=\"c5c532b\" data-element_type=\"widget\" data-e-type=\"widget\" data-widget_type=\"text-editor.default\">\n\t\t\t\t<div class=\"elementor-widget-container\">\n\t\t\t\t\t\t\t\t\t<p>Nuxit \u2013 97 Rue G\u00e9n\u00e9ral Mangin 38100 Grenoble<\/p>\n\t\t\t\t\t\t\t\t<\/div>\n\t\t\t\t<\/div>\n\t\t\t\t<div class=\"elementor-element elementor-element-f62ddb4 voie-title elementor-widget elementor-widget-heading\" data-id=\"f62ddb4\" data-element_type=\"widget\" data-e-type=\"widget\" data-widget_type=\"heading.default\">\n\t\t\t\t<div class=\"elementor-widget-container\">\n\t\t\t\t\t<h2 class=\"elementor-heading-title elementor-size-default\">Contenu - responsabilit\u00e9s :\n<\/h2>\t\t\t\t<\/div>\n\t\t\t\t<\/div>\n\t\t\t\t<div class=\"elementor-element elementor-element-18c6995 elementor-widget elementor-widget-text-editor\" data-id=\"18c6995\" data-element_type=\"widget\" data-e-type=\"widget\" data-widget_type=\"text-editor.default\">\n\t\t\t\t<div class=\"elementor-widget-container\">\n\t\t\t\t\t\t\t\t\t<p>Les informations fournies sur ce site web le sont \u00e0 titre indicatif. L&#8217;exploitant du site ne saurait garantir l&#8217;exactitude, la compl\u00e9tude, l&#8217;actualit\u00e9 des informations diffus\u00e9es sur son site. En cons\u00e9quence, l&#8217;utilisateur reconnait utiliser ces informations sous sa responsabilit\u00e9 exclusive. Les tarifs indiqu\u00e9s ne sont pas contractuels. Les photographies illustrant les produits reproduisent le plus fid\u00e8lement possible la r\u00e9alit\u00e9. Toutefois, l&#8217;exploitant du site ne saurait garantir l&#8217;absence totale de disproportion entre le produit pr\u00e9sent\u00e9 en ligne et la r\u00e9alit\u00e9, du fait notamment de variations possibles de perception en fonction de l&#8217;ordinateur, du logiciel et de l&#8217;\u00e9cran de l&#8217;utilisateur. L&#8217;exploitant d\u00e9cline donc toute responsabilit\u00e9 quant \u00e0 la pr\u00e9sentation des produits sur les photographies diffus\u00e9es en ligne. L&#8217;exploitant du site web met tout en \u0153uvre pour offrir aux utilisateurs des informations et\/ou outils disponibles et v\u00e9rifi\u00e9s, mais ne saurait \u00eatre tenu pour responsable des erreurs, d&#8217;une absence de disponibilit\u00e9 des informations et\/ou de la pr\u00e9sence de virus ou autres infections logiques sur son site.<\/p>\n\t\t\t\t\t\t\t\t<\/div>\n\t\t\t\t<\/div>\n\t\t\t\t<div class=\"elementor-element elementor-element-dff9a6d voie-title elementor-widget elementor-widget-heading\" data-id=\"dff9a6d\" data-element_type=\"widget\" data-e-type=\"widget\" data-widget_type=\"heading.default\">\n\t\t\t\t<div class=\"elementor-widget-container\">\n\t\t\t\t\t<h2 class=\"elementor-heading-title elementor-size-default\">L\u00e9gislation :\n<\/h2>\t\t\t\t<\/div>\n\t\t\t\t<\/div>\n\t\t\t\t<div class=\"elementor-element elementor-element-be8920f elementor-widget elementor-widget-text-editor\" data-id=\"be8920f\" data-element_type=\"widget\" data-e-type=\"widget\" data-widget_type=\"text-editor.default\">\n\t\t\t\t<div class=\"elementor-widget-container\">\n\t\t\t\t\t\t\t\t\t<p>Le pr\u00e9sent site est r\u00e9gi par les lois fran\u00e7aises.<\/p>\n\t\t\t\t\t\t\t\t<\/div>\n\t\t\t\t<\/div>\n\t\t\t\t<div class=\"elementor-element elementor-element-2e6a19a f-medhurst title-underline elementor-widget elementor-widget-heading\" data-id=\"2e6a19a\" data-element_type=\"widget\" data-e-type=\"widget\" data-widget_type=\"heading.default\">\n\t\t\t\t<div class=\"elementor-widget-container\">\n\t\t\t\t\t<h2 class=\"elementor-heading-title elementor-size-xl\">PROTECTION DES DROITS SUR LES DONNEES NOMINATIVES\n<\/h2>\t\t\t\t<\/div>\n\t\t\t\t<\/div>\n\t\t\t\t<div class=\"elementor-element elementor-element-a92fa9e voie-title elementor-widget elementor-widget-heading\" data-id=\"a92fa9e\" data-element_type=\"widget\" data-e-type=\"widget\" data-widget_type=\"heading.default\">\n\t\t\t\t<div class=\"elementor-widget-container\">\n\t\t\t\t\t<h2 class=\"elementor-heading-title elementor-size-default\">Collecte d'informations :\n<\/h2>\t\t\t\t<\/div>\n\t\t\t\t<\/div>\n\t\t\t\t<div class=\"elementor-element elementor-element-34a93ab elementor-widget elementor-widget-text-editor\" data-id=\"34a93ab\" data-element_type=\"widget\" data-e-type=\"widget\" data-widget_type=\"text-editor.default\">\n\t\t\t\t<div class=\"elementor-widget-container\">\n\t\t\t\t\t\t\t\t\t<p>Les informations personnelles r\u00e9colt\u00e9es gr\u00e2ce \u00e0 la r\u00e9ponses aux formulaires du site ne sont pas stock\u00e9es et ne sont pas destin\u00e9es \u00e0 \u00eatre exploit\u00e9es pour autres chose que la r\u00e9ponse \u00e0 une demande. Cette collecte de donn\u00e9es est donc dispens\u00e9e de d\u00e9claration \u00e0 la CNIL (dispense n\u00b07 du 9 mai 2006). Toutefois, si l&#8217;utilisation de ces donn\u00e9es devait \u00e9voluer, l&#8217;exploitant du site s&#8217;engage \u00e0 faire une d\u00e9claration en conformit\u00e9 avec la loi du 6 janvier 1978 relative \u00e0 l&#8217;informatique, aux fichiers et aux libert\u00e9s.<\/p>\n\t\t\t\t\t\t\t\t<\/div>\n\t\t\t\t<\/div>\n\t\t\t\t<div class=\"elementor-element elementor-element-757e1eb voie-title elementor-widget elementor-widget-heading\" data-id=\"757e1eb\" data-element_type=\"widget\" data-e-type=\"widget\" data-widget_type=\"heading.default\">\n\t\t\t\t<div class=\"elementor-widget-container\">\n\t\t\t\t\t<h2 class=\"elementor-heading-title elementor-size-default\">Protection des donn\u00e9es nominatives des tiers :\n<\/h2>\t\t\t\t<\/div>\n\t\t\t\t<\/div>\n\t\t\t\t<div class=\"elementor-element elementor-element-82a4397 elementor-widget elementor-widget-text-editor\" data-id=\"82a4397\" data-element_type=\"widget\" data-e-type=\"widget\" data-widget_type=\"text-editor.default\">\n\t\t\t\t<div class=\"elementor-widget-container\">\n\t\t\t\t\t\t\t\t\t<p>L&#8217;utilisateur du site web est tenu de respecter les dispositions de la loi relative \u00e0 l&#8217;informatique, aux fichiers et aux libert\u00e9s, dont la violation est passible de sanctions p\u00e9nales. Il doit notamment s&#8217;abstenir, s&#8217;agissant des informations nominatives auxquelles il pourrait acc\u00e9der, de toute collecte, de toute utilisation d\u00e9tourn\u00e9e et, d&#8217;une mani\u00e8re g\u00e9n\u00e9rale, de tout acte susceptible de porter atteinte \u00e0 la vie priv\u00e9e ou \u00e0 la r\u00e9putation des personnes.<\/p>\n\t\t\t\t\t\t\t\t<\/div>\n\t\t\t\t<\/div>\n\t\t\t\t<div class=\"elementor-element elementor-element-5a3bad8 f-medhurst title-underline elementor-widget elementor-widget-heading\" data-id=\"5a3bad8\" data-element_type=\"widget\" data-e-type=\"widget\" data-widget_type=\"heading.default\">\n\t\t\t\t<div class=\"elementor-widget-container\">\n\t\t\t\t\t<h2 class=\"elementor-heading-title elementor-size-xl\">RESPECT DES DROITS DE PROPRIETE INTELLECTUELLE\n<\/h2>\t\t\t\t<\/div>\n\t\t\t\t<\/div>\n\t\t\t\t<div class=\"elementor-element elementor-element-a5260a2 voie-title elementor-widget elementor-widget-heading\" data-id=\"a5260a2\" data-element_type=\"widget\" data-e-type=\"widget\" data-widget_type=\"heading.default\">\n\t\t\t\t<div class=\"elementor-widget-container\">\n\t\t\t\t\t<h2 class=\"elementor-heading-title elementor-size-default\">Site :\n<\/h2>\t\t\t\t<\/div>\n\t\t\t\t<\/div>\n\t\t\t\t<div class=\"elementor-element elementor-element-0af1601 elementor-widget elementor-widget-text-editor\" data-id=\"0af1601\" data-element_type=\"widget\" data-e-type=\"widget\" data-widget_type=\"text-editor.default\">\n\t\t\t\t<div class=\"elementor-widget-container\">\n\t\t\t\t\t\t\t\t\t<p>Toute repr\u00e9sentation totale ou partielle, ou tout d\u00e9tournement de ce site par quelque proc\u00e9d\u00e9 que ce soit, sans l&#8217;autorisation expresse de l&#8217;exploitant du site web est interdite et constituerait une contrefa\u00e7on sanctionn\u00e9e par les articles L 335-2 et suivants du Code de la Propri\u00e9t\u00e9 Intellectuelle.<\/p>\n\t\t\t\t\t\t\t\t<\/div>\n\t\t\t\t<\/div>\n\t\t\t\t<div class=\"elementor-element elementor-element-dfd56c2 voie-title elementor-widget elementor-widget-heading\" data-id=\"dfd56c2\" data-element_type=\"widget\" data-e-type=\"widget\" data-widget_type=\"heading.default\">\n\t\t\t\t<div class=\"elementor-widget-container\">\n\t\t\t\t\t<h2 class=\"elementor-heading-title elementor-size-default\">Marques :\n<\/h2>\t\t\t\t<\/div>\n\t\t\t\t<\/div>\n\t\t\t\t<div class=\"elementor-element elementor-element-007d516 elementor-widget elementor-widget-text-editor\" data-id=\"007d516\" data-element_type=\"widget\" data-e-type=\"widget\" data-widget_type=\"text-editor.default\">\n\t\t\t\t<div class=\"elementor-widget-container\">\n\t\t\t\t\t\t\t\t\t<p>Les marques de l&#8217;exploitant du site web et de ses partenaires, ainsi que les logos figurant sur le site sont des marques d\u00e9pos\u00e9es. Toute reproduction totale ou partielle de ces marques ou de ces logos, effectu\u00e9e \u00e0 partir des \u00e9l\u00e9ments du site sans l&#8217;autorisation expresse de l&#8217;exploitant du site web est donc prohib\u00e9e, au sens de l&#8217;article L 713-2 du Code de la Propri\u00e9t\u00e9 Intellectuelle.<\/p>\n\t\t\t\t\t\t\t\t<\/div>\n\t\t\t\t<\/div>\n\t\t\t\t<div class=\"elementor-element elementor-element-77d965a voie-title elementor-widget elementor-widget-heading\" data-id=\"77d965a\" data-element_type=\"widget\" data-e-type=\"widget\" data-widget_type=\"heading.default\">\n\t\t\t\t<div class=\"elementor-widget-container\">\n\t\t\t\t\t<h2 class=\"elementor-heading-title elementor-size-default\">Cr\u00e9dits photos :\n<\/h2>\t\t\t\t<\/div>\n\t\t\t\t<\/div>\n\t\t\t\t<div class=\"elementor-element elementor-element-812adeb elementor-widget elementor-widget-text-editor\" data-id=\"812adeb\" data-element_type=\"widget\" data-e-type=\"widget\" data-widget_type=\"text-editor.default\">\n\t\t\t\t<div class=\"elementor-widget-container\">\n\t\t\t\t\t\t\t\t\t<p>All photographs illustrating the content of this website are subject to a right of use in accordance with the law of March 1, 1957 included in law no. 92-597 of July 1, 1992 relating to the intellectual property code. Unless specifically mentioned, the photos are the property of the association which prohibits their reproduction without prior agreement.<\/p>\n\t\t\t\t\t\t\t\t<\/div>\n\t\t\t\t<\/div>\n\t\t\t\t\t<\/div>\n\t\t<\/div>\n\t\t\t\t\t<\/div>\n\t\t<\/section>\n\t\t\t\t<\/div>\n\t\t","protected":false},"excerpt":{"rendered":"<p>INFORMATIONS RELATIVES AU SITE ET A SON UTILISATION Propri\u00e9t\u00e9 du site : This site is the property of the association of Friends and Pilgrims of Saint-Jacques de la Voie de V\u00e9zelay, 24 rue Saint Pierre, 89450 V\u00e9zelay &#8211; Declaration number W892000630 Administration du site : Le directeur de la publication du site web est la [&hellip;]<\/p>\n","protected":false},"author":4,"featured_media":0,"parent":0,"menu_order":0,"comment_status":"closed","ping_status":"closed","template":"elementor_header_footer","meta":{"_acf_changed":false,"footnotes":""},"class_list":["post-7491","page","type-page","status-publish","hentry"],"acf":[],"yoast_head":"<!-- This site is optimized with the Yoast SEO plugin v27.4 - https:\/\/yoast.com\/product\/yoast-seo-wordpress\/ -->\n<title>Mentions L\u00e9gales - V\u00e9zelay Compostelle<\/title>\n<meta name=\"robots\" content=\"index, follow, max-snippet:-1, max-image-preview:large, max-video-preview:-1\" \/>\n<link rel=\"canonical\" href=\"https:\/\/vezelay-compostelle.eu\/en\/mentions-legales\/\" \/>\n<meta property=\"og:locale\" content=\"en_US\" \/>\n<meta property=\"og:type\" content=\"article\" \/>\n<meta property=\"og:title\" content=\"Mentions L\u00e9gales - V\u00e9zelay Compostelle\" \/>\n<meta property=\"og:description\" content=\"INFORMATIONS RELATIVES AU SITE ET A SON UTILISATION Propri\u00e9t\u00e9 du site : This site is the property of the association of Friends and Pilgrims of Saint-Jacques de la Voie de V\u00e9zelay, 24 rue Saint Pierre, 89450 V\u00e9zelay &#8211; Declaration number W892000630 Administration du site : Le directeur de la publication du site web est la [&hellip;]\" \/>\n<meta property=\"og:url\" content=\"https:\/\/vezelay-compostelle.eu\/en\/mentions-legales\/\" \/>\n<meta property=\"og:site_name\" content=\"V\u00e9zelay Compostelle\" \/>\n<meta property=\"article:modified_time\" content=\"2023-11-22T13:02:12+00:00\" \/>\n<meta name=\"twitter:card\" content=\"summary_large_image\" \/>\n<meta name=\"twitter:label1\" content=\"Est. reading time\" \/>\n\t<meta name=\"twitter:data1\" content=\"3 minutes\" \/>\n<script type=\"application\/ld+json\" class=\"yoast-schema-graph\">{\"@context\":\"https:\\\/\\\/schema.org\",\"@graph\":[{\"@type\":\"WebPage\",\"@id\":\"https:\\\/\\\/vezelay-compostelle.eu\\\/en\\\/mentions-legales\\\/\",\"url\":\"https:\\\/\\\/vezelay-compostelle.eu\\\/en\\\/mentions-legales\\\/\",\"name\":\"Mentions L\u00e9gales - V\u00e9zelay Compostelle\",\"isPartOf\":{\"@id\":\"https:\\\/\\\/vezelay-compostelle.eu\\\/en\\\/#website\"},\"datePublished\":\"2022-03-07T15:59:27+00:00\",\"dateModified\":\"2023-11-22T13:02:12+00:00\",\"breadcrumb\":{\"@id\":\"https:\\\/\\\/vezelay-compostelle.eu\\\/en\\\/mentions-legales\\\/#breadcrumb\"},\"inLanguage\":\"en-US\",\"potentialAction\":[{\"@type\":\"ReadAction\",\"target\":[\"https:\\\/\\\/vezelay-compostelle.eu\\\/en\\\/mentions-legales\\\/\"]}]},{\"@type\":\"BreadcrumbList\",\"@id\":\"https:\\\/\\\/vezelay-compostelle.eu\\\/en\\\/mentions-legales\\\/#breadcrumb\",\"itemListElement\":[{\"@type\":\"ListItem\",\"position\":1,\"name\":\"Accueil\",\"item\":\"https:\\\/\\\/vezelay-compostelle.eu\\\/en\\\/home\\\/\"},{\"@type\":\"ListItem\",\"position\":2,\"name\":\"Mentions L\u00e9gales\"}]},{\"@type\":\"WebSite\",\"@id\":\"https:\\\/\\\/vezelay-compostelle.eu\\\/en\\\/#website\",\"url\":\"https:\\\/\\\/vezelay-compostelle.eu\\\/en\\\/\",\"name\":\"V\u00e9zelay Compostelle\",\"description\":\"\",\"publisher\":{\"@id\":\"https:\\\/\\\/vezelay-compostelle.eu\\\/en\\\/#organization\"},\"potentialAction\":[{\"@type\":\"SearchAction\",\"target\":{\"@type\":\"EntryPoint\",\"urlTemplate\":\"https:\\\/\\\/vezelay-compostelle.eu\\\/en\\\/?s={search_term_string}\"},\"query-input\":{\"@type\":\"PropertyValueSpecification\",\"valueRequired\":true,\"valueName\":\"search_term_string\"}}],\"inLanguage\":\"en-US\"},{\"@type\":\"Organization\",\"@id\":\"https:\\\/\\\/vezelay-compostelle.eu\\\/en\\\/#organization\",\"name\":\"V\u00e9zelay Compostelle\",\"url\":\"https:\\\/\\\/vezelay-compostelle.eu\\\/en\\\/\",\"logo\":{\"@type\":\"ImageObject\",\"inLanguage\":\"en-US\",\"@id\":\"https:\\\/\\\/vezelay-compostelle.eu\\\/en\\\/#\\\/schema\\\/logo\\\/image\\\/\",\"url\":\"https:\\\/\\\/vezelay-compostelle.eu\\\/wp-content\\\/uploads\\\/2023\\\/08\\\/logo-amis_et_pelerins.png\",\"contentUrl\":\"https:\\\/\\\/vezelay-compostelle.eu\\\/wp-content\\\/uploads\\\/2023\\\/08\\\/logo-amis_et_pelerins.png\",\"width\":269,\"height\":308,\"caption\":\"V\u00e9zelay Compostelle\"},\"image\":{\"@id\":\"https:\\\/\\\/vezelay-compostelle.eu\\\/en\\\/#\\\/schema\\\/logo\\\/image\\\/\"}}]}<\/script>\n<!-- \/ Yoast SEO plugin. -->","yoast_head_json":{"title":"Mentions L\u00e9gales - V\u00e9zelay Compostelle","robots":{"index":"index","follow":"follow","max-snippet":"max-snippet:-1","max-image-preview":"max-image-preview:large","max-video-preview":"max-video-preview:-1"},"canonical":"https:\/\/vezelay-compostelle.eu\/en\/mentions-legales\/","og_locale":"en_US","og_type":"article","og_title":"Mentions L\u00e9gales - V\u00e9zelay Compostelle","og_description":"INFORMATIONS RELATIVES AU SITE ET A SON UTILISATION Propri\u00e9t\u00e9 du site : This site is the property of the association of Friends and Pilgrims of Saint-Jacques de la Voie de V\u00e9zelay, 24 rue Saint Pierre, 89450 V\u00e9zelay &#8211; Declaration number W892000630 Administration du site : Le directeur de la publication du site web est la [&hellip;]","og_url":"https:\/\/vezelay-compostelle.eu\/en\/mentions-legales\/","og_site_name":"V\u00e9zelay Compostelle","article_modified_time":"2023-11-22T13:02:12+00:00","twitter_card":"summary_large_image","twitter_misc":{"Est. reading time":"3 minutes"},"schema":{"@context":"https:\/\/schema.org","@graph":[{"@type":"WebPage","@id":"https:\/\/vezelay-compostelle.eu\/en\/mentions-legales\/","url":"https:\/\/vezelay-compostelle.eu\/en\/mentions-legales\/","name":"Mentions L\u00e9gales - V\u00e9zelay Compostelle","isPartOf":{"@id":"https:\/\/vezelay-compostelle.eu\/en\/#website"},"datePublished":"2022-03-07T15:59:27+00:00","dateModified":"2023-11-22T13:02:12+00:00","breadcrumb":{"@id":"https:\/\/vezelay-compostelle.eu\/en\/mentions-legales\/#breadcrumb"},"inLanguage":"en-US","potentialAction":[{"@type":"ReadAction","target":["https:\/\/vezelay-compostelle.eu\/en\/mentions-legales\/"]}]},{"@type":"BreadcrumbList","@id":"https:\/\/vezelay-compostelle.eu\/en\/mentions-legales\/#breadcrumb","itemListElement":[{"@type":"ListItem","position":1,"name":"Accueil","item":"https:\/\/vezelay-compostelle.eu\/en\/home\/"},{"@type":"ListItem","position":2,"name":"Mentions L\u00e9gales"}]},{"@type":"WebSite","@id":"https:\/\/vezelay-compostelle.eu\/en\/#website","url":"https:\/\/vezelay-compostelle.eu\/en\/","name":"V\u00e9zelay Compostelle","description":"","publisher":{"@id":"https:\/\/vezelay-compostelle.eu\/en\/#organization"},"potentialAction":[{"@type":"SearchAction","target":{"@type":"EntryPoint","urlTemplate":"https:\/\/vezelay-compostelle.eu\/en\/?s={search_term_string}"},"query-input":{"@type":"PropertyValueSpecification","valueRequired":true,"valueName":"search_term_string"}}],"inLanguage":"en-US"},{"@type":"Organization","@id":"https:\/\/vezelay-compostelle.eu\/en\/#organization","name":"V\u00e9zelay Compostelle","url":"https:\/\/vezelay-compostelle.eu\/en\/","logo":{"@type":"ImageObject","inLanguage":"en-US","@id":"https:\/\/vezelay-compostelle.eu\/en\/#\/schema\/logo\/image\/","url":"https:\/\/vezelay-compostelle.eu\/wp-content\/uploads\/2023\/08\/logo-amis_et_pelerins.png","contentUrl":"https:\/\/vezelay-compostelle.eu\/wp-content\/uploads\/2023\/08\/logo-amis_et_pelerins.png","width":269,"height":308,"caption":"V\u00e9zelay Compostelle"},"image":{"@id":"https:\/\/vezelay-compostelle.eu\/en\/#\/schema\/logo\/image\/"}}]}},"_links":{"self":[{"href":"https:\/\/vezelay-compostelle.eu\/en\/wp-json\/wp\/v2\/pages\/7491","targetHints":{"allow":["GET"]}}],"collection":[{"href":"https:\/\/vezelay-compostelle.eu\/en\/wp-json\/wp\/v2\/pages"}],"about":[{"href":"https:\/\/vezelay-compostelle.eu\/en\/wp-json\/wp\/v2\/types\/page"}],"author":[{"embeddable":true,"href":"https:\/\/vezelay-compostelle.eu\/en\/wp-json\/wp\/v2\/users\/4"}],"replies":[{"embeddable":true,"href":"https:\/\/vezelay-compostelle.eu\/en\/wp-json\/wp\/v2\/comments?post=7491"}],"version-history":[{"count":12,"href":"https:\/\/vezelay-compostelle.eu\/en\/wp-json\/wp\/v2\/pages\/7491\/revisions"}],"predecessor-version":[{"id":11981,"href":"https:\/\/vezelay-compostelle.eu\/en\/wp-json\/wp\/v2\/pages\/7491\/revisions\/11981"}],"wp:attachment":[{"href":"https:\/\/vezelay-compostelle.eu\/en\/wp-json\/wp\/v2\/media?parent=7491"}],"curies":[{"name":"wp","href":"https:\/\/api.w.org\/{rel}","templated":true}]}}