{"id":7291,"date":"2023-04-06T10:53:07","date_gmt":"2023-04-06T08:53:07","guid":{"rendered":"https:\/\/vezelay-compostelle.eu\/vorbereitung-auf-gastfreundschaft\/"},"modified":"2023-11-08T11:21:10","modified_gmt":"2023-11-08T10:21:10","slug":"vorbereitung-auf-gastfreundschaft","status":"publish","type":"page","link":"https:\/\/vezelay-compostelle.eu\/de\/vorbereitung-auf-gastfreundschaft\/","title":{"rendered":"Vorbereitung auf Gastfreundschaft"},"content":{"rendered":"\t\t<div data-elementor-type=\"wp-page\" data-elementor-id=\"7291\" class=\"elementor elementor-7291 elementor-5993\" data-elementor-post-type=\"page\">\n\t\t\t\t\t\t<section class=\"elementor-section elementor-top-section elementor-element elementor-element-7ce46a1 elementor-section-boxed elementor-section-height-default elementor-section-height-default\" data-id=\"7ce46a1\" data-element_type=\"section\" data-e-type=\"section\">\n\t\t\t\t\t\t<div class=\"elementor-container elementor-column-gap-default\">\n\t\t\t\t\t<div class=\"elementor-column elementor-col-100 elementor-top-column elementor-element elementor-element-6995d78\" data-id=\"6995d78\" data-element_type=\"column\" data-e-type=\"column\">\n\t\t\t<div class=\"elementor-widget-wrap elementor-element-populated\">\n\t\t\t\t\t\t<div class=\"elementor-element elementor-element-b44c35f elementor-widget elementor-widget-text-editor\" data-id=\"b44c35f\" data-element_type=\"widget\" data-e-type=\"widget\" data-widget_type=\"text-editor.default\">\n\t\t\t\t<div class=\"elementor-widget-container\">\n\t\t\t\t\t\t\t\t\t<p><i><b>Pilgerfreunde, werdet gastfreundlich.<\/b><br \/><\/i><br \/><i>Die n\u00e4chste Vorbereitungssitzung f\u00fcr die Gastfreundschaft, die von unserem Verein unter der Schirmherrschaft von Compostelle France organisiert wird, findet von Dienstag, dem 5. M\u00e4rz 2024 (Empfang ab 18 Uhr) bis Freitag, dem 8. M\u00e4rz 2024 (geplantes Ende um 12 Uhr) im Kloster Annonciade in Saint -Doulchard.<\/i><\/p>\n<p><i>Bitte f\u00fcllen Sie das Anmeldeformular aus und senden Sie es an Gilbert Planchat zur\u00fcck. <a href=\"http:\/\/www.vezelay-compostelle.eu\/pdf\/Permanences_Hospitalite\/20230322192117.pdf\" target=\"_blank\" rel=\"noopener\" aria-label=\"liens\">HIER<\/a> finden Sie es<br \/><\/i><i><br \/>Z\u00f6gern Sie nicht, Gilbert Planchat unter 06.30.12.06.39 und\/oder: gilbert.planchat@wanadoo.fr f\u00fcr weitere n\u00fctzliche Informationen zu kontaktieren.<\/i><\/p>\n\t\t\t\t\t\t\t\t<\/div>\n\t\t\t\t<\/div>\n\t\t\t\t\t<\/div>\n\t\t<\/div>\n\t\t\t\t\t<\/div>\n\t\t<\/section>\n\t\t\t\t<\/div>\n\t\t","protected":false},"excerpt":{"rendered":"<p>Pilgerfreunde, werdet gastfreundlich.Die n\u00e4chste Vorbereitungssitzung f\u00fcr die Gastfreundschaft, die von unserem Verein unter der Schirmherrschaft von Compostelle France organisiert wird, findet von Dienstag, dem 5. M\u00e4rz 2024 (Empfang ab 18 Uhr) bis Freitag, dem 8. M\u00e4rz 2024 (geplantes Ende um 12 Uhr) im Kloster Annonciade in Saint -Doulchard. Bitte f\u00fcllen Sie das Anmeldeformular aus und [&hellip;]<\/p>\n","protected":false},"author":4,"featured_media":0,"parent":0,"menu_order":0,"comment_status":"closed","ping_status":"closed","template":"","meta":{"_acf_changed":false,"footnotes":""},"class_list":["post-7291","page","type-page","status-publish","hentry"],"acf":[],"yoast_head":"<!-- This site is optimized with the Yoast SEO plugin v27.4 - https:\/\/yoast.com\/product\/yoast-seo-wordpress\/ -->\n<title>Vorbereitung auf Gastfreundschaft - V\u00e9zelay Compostelle<\/title>\n<meta name=\"robots\" content=\"index, follow, max-snippet:-1, max-image-preview:large, max-video-preview:-1\" \/>\n<link rel=\"canonical\" href=\"https:\/\/vezelay-compostelle.eu\/de\/vorbereitung-auf-gastfreundschaft\/\" \/>\n<meta property=\"og:locale\" content=\"de_DE\" \/>\n<meta property=\"og:type\" content=\"article\" \/>\n<meta property=\"og:title\" content=\"Vorbereitung auf Gastfreundschaft - V\u00e9zelay Compostelle\" \/>\n<meta property=\"og:description\" content=\"Pilgerfreunde, werdet gastfreundlich.Die n\u00e4chste Vorbereitungssitzung f\u00fcr die Gastfreundschaft, die von unserem Verein unter der Schirmherrschaft von Compostelle France organisiert wird, findet von Dienstag, dem 5. M\u00e4rz 2024 (Empfang ab 18 Uhr) bis Freitag, dem 8. M\u00e4rz 2024 (geplantes Ende um 12 Uhr) im Kloster Annonciade in Saint -Doulchard. Bitte f\u00fcllen Sie das Anmeldeformular aus und [&hellip;]\" \/>\n<meta property=\"og:url\" content=\"https:\/\/vezelay-compostelle.eu\/de\/vorbereitung-auf-gastfreundschaft\/\" \/>\n<meta property=\"og:site_name\" content=\"V\u00e9zelay Compostelle\" \/>\n<meta property=\"article:modified_time\" content=\"2023-11-08T10:21:10+00:00\" \/>\n<meta name=\"twitter:card\" content=\"summary_large_image\" \/>\n<script type=\"application\/ld+json\" class=\"yoast-schema-graph\">{\"@context\":\"https:\\\/\\\/schema.org\",\"@graph\":[{\"@type\":\"WebPage\",\"@id\":\"https:\\\/\\\/vezelay-compostelle.eu\\\/de\\\/vorbereitung-auf-gastfreundschaft\\\/\",\"url\":\"https:\\\/\\\/vezelay-compostelle.eu\\\/de\\\/vorbereitung-auf-gastfreundschaft\\\/\",\"name\":\"Vorbereitung auf Gastfreundschaft - V\u00e9zelay Compostelle\",\"isPartOf\":{\"@id\":\"https:\\\/\\\/vezelay-compostelle.eu\\\/de\\\/#website\"},\"datePublished\":\"2023-04-06T08:53:07+00:00\",\"dateModified\":\"2023-11-08T10:21:10+00:00\",\"breadcrumb\":{\"@id\":\"https:\\\/\\\/vezelay-compostelle.eu\\\/de\\\/vorbereitung-auf-gastfreundschaft\\\/#breadcrumb\"},\"inLanguage\":\"de\",\"potentialAction\":[{\"@type\":\"ReadAction\",\"target\":[\"https:\\\/\\\/vezelay-compostelle.eu\\\/de\\\/vorbereitung-auf-gastfreundschaft\\\/\"]}]},{\"@type\":\"BreadcrumbList\",\"@id\":\"https:\\\/\\\/vezelay-compostelle.eu\\\/de\\\/vorbereitung-auf-gastfreundschaft\\\/#breadcrumb\",\"itemListElement\":[{\"@type\":\"ListItem\",\"position\":1,\"name\":\"Accueil\",\"item\":\"https:\\\/\\\/vezelay-compostelle.eu\\\/de\\\/startseite\\\/\"},{\"@type\":\"ListItem\",\"position\":2,\"name\":\"Vorbereitung auf Gastfreundschaft\"}]},{\"@type\":\"WebSite\",\"@id\":\"https:\\\/\\\/vezelay-compostelle.eu\\\/de\\\/#website\",\"url\":\"https:\\\/\\\/vezelay-compostelle.eu\\\/de\\\/\",\"name\":\"V\u00e9zelay Compostelle\",\"description\":\"\",\"publisher\":{\"@id\":\"https:\\\/\\\/vezelay-compostelle.eu\\\/de\\\/#organization\"},\"potentialAction\":[{\"@type\":\"SearchAction\",\"target\":{\"@type\":\"EntryPoint\",\"urlTemplate\":\"https:\\\/\\\/vezelay-compostelle.eu\\\/de\\\/?s={search_term_string}\"},\"query-input\":{\"@type\":\"PropertyValueSpecification\",\"valueRequired\":true,\"valueName\":\"search_term_string\"}}],\"inLanguage\":\"de\"},{\"@type\":\"Organization\",\"@id\":\"https:\\\/\\\/vezelay-compostelle.eu\\\/de\\\/#organization\",\"name\":\"V\u00e9zelay Compostelle\",\"url\":\"https:\\\/\\\/vezelay-compostelle.eu\\\/de\\\/\",\"logo\":{\"@type\":\"ImageObject\",\"inLanguage\":\"de\",\"@id\":\"https:\\\/\\\/vezelay-compostelle.eu\\\/de\\\/#\\\/schema\\\/logo\\\/image\\\/\",\"url\":\"https:\\\/\\\/vezelay-compostelle.eu\\\/wp-content\\\/uploads\\\/2023\\\/08\\\/logo-amis_et_pelerins.png\",\"contentUrl\":\"https:\\\/\\\/vezelay-compostelle.eu\\\/wp-content\\\/uploads\\\/2023\\\/08\\\/logo-amis_et_pelerins.png\",\"width\":269,\"height\":308,\"caption\":\"V\u00e9zelay Compostelle\"},\"image\":{\"@id\":\"https:\\\/\\\/vezelay-compostelle.eu\\\/de\\\/#\\\/schema\\\/logo\\\/image\\\/\"}}]}<\/script>\n<!-- \/ Yoast SEO plugin. -->","yoast_head_json":{"title":"Vorbereitung auf Gastfreundschaft - V\u00e9zelay Compostelle","robots":{"index":"index","follow":"follow","max-snippet":"max-snippet:-1","max-image-preview":"max-image-preview:large","max-video-preview":"max-video-preview:-1"},"canonical":"https:\/\/vezelay-compostelle.eu\/de\/vorbereitung-auf-gastfreundschaft\/","og_locale":"de_DE","og_type":"article","og_title":"Vorbereitung auf Gastfreundschaft - V\u00e9zelay Compostelle","og_description":"Pilgerfreunde, werdet gastfreundlich.Die n\u00e4chste Vorbereitungssitzung f\u00fcr die Gastfreundschaft, die von unserem Verein unter der Schirmherrschaft von Compostelle France organisiert wird, findet von Dienstag, dem 5. M\u00e4rz 2024 (Empfang ab 18 Uhr) bis Freitag, dem 8. M\u00e4rz 2024 (geplantes Ende um 12 Uhr) im Kloster Annonciade in Saint -Doulchard. Bitte f\u00fcllen Sie das Anmeldeformular aus und [&hellip;]","og_url":"https:\/\/vezelay-compostelle.eu\/de\/vorbereitung-auf-gastfreundschaft\/","og_site_name":"V\u00e9zelay Compostelle","article_modified_time":"2023-11-08T10:21:10+00:00","twitter_card":"summary_large_image","schema":{"@context":"https:\/\/schema.org","@graph":[{"@type":"WebPage","@id":"https:\/\/vezelay-compostelle.eu\/de\/vorbereitung-auf-gastfreundschaft\/","url":"https:\/\/vezelay-compostelle.eu\/de\/vorbereitung-auf-gastfreundschaft\/","name":"Vorbereitung auf Gastfreundschaft - V\u00e9zelay Compostelle","isPartOf":{"@id":"https:\/\/vezelay-compostelle.eu\/de\/#website"},"datePublished":"2023-04-06T08:53:07+00:00","dateModified":"2023-11-08T10:21:10+00:00","breadcrumb":{"@id":"https:\/\/vezelay-compostelle.eu\/de\/vorbereitung-auf-gastfreundschaft\/#breadcrumb"},"inLanguage":"de","potentialAction":[{"@type":"ReadAction","target":["https:\/\/vezelay-compostelle.eu\/de\/vorbereitung-auf-gastfreundschaft\/"]}]},{"@type":"BreadcrumbList","@id":"https:\/\/vezelay-compostelle.eu\/de\/vorbereitung-auf-gastfreundschaft\/#breadcrumb","itemListElement":[{"@type":"ListItem","position":1,"name":"Accueil","item":"https:\/\/vezelay-compostelle.eu\/de\/startseite\/"},{"@type":"ListItem","position":2,"name":"Vorbereitung auf Gastfreundschaft"}]},{"@type":"WebSite","@id":"https:\/\/vezelay-compostelle.eu\/de\/#website","url":"https:\/\/vezelay-compostelle.eu\/de\/","name":"V\u00e9zelay Compostelle","description":"","publisher":{"@id":"https:\/\/vezelay-compostelle.eu\/de\/#organization"},"potentialAction":[{"@type":"SearchAction","target":{"@type":"EntryPoint","urlTemplate":"https:\/\/vezelay-compostelle.eu\/de\/?s={search_term_string}"},"query-input":{"@type":"PropertyValueSpecification","valueRequired":true,"valueName":"search_term_string"}}],"inLanguage":"de"},{"@type":"Organization","@id":"https:\/\/vezelay-compostelle.eu\/de\/#organization","name":"V\u00e9zelay Compostelle","url":"https:\/\/vezelay-compostelle.eu\/de\/","logo":{"@type":"ImageObject","inLanguage":"de","@id":"https:\/\/vezelay-compostelle.eu\/de\/#\/schema\/logo\/image\/","url":"https:\/\/vezelay-compostelle.eu\/wp-content\/uploads\/2023\/08\/logo-amis_et_pelerins.png","contentUrl":"https:\/\/vezelay-compostelle.eu\/wp-content\/uploads\/2023\/08\/logo-amis_et_pelerins.png","width":269,"height":308,"caption":"V\u00e9zelay Compostelle"},"image":{"@id":"https:\/\/vezelay-compostelle.eu\/de\/#\/schema\/logo\/image\/"}}]}},"_links":{"self":[{"href":"https:\/\/vezelay-compostelle.eu\/de\/wp-json\/wp\/v2\/pages\/7291","targetHints":{"allow":["GET"]}}],"collection":[{"href":"https:\/\/vezelay-compostelle.eu\/de\/wp-json\/wp\/v2\/pages"}],"about":[{"href":"https:\/\/vezelay-compostelle.eu\/de\/wp-json\/wp\/v2\/types\/page"}],"author":[{"embeddable":true,"href":"https:\/\/vezelay-compostelle.eu\/de\/wp-json\/wp\/v2\/users\/4"}],"replies":[{"embeddable":true,"href":"https:\/\/vezelay-compostelle.eu\/de\/wp-json\/wp\/v2\/comments?post=7291"}],"version-history":[{"count":2,"href":"https:\/\/vezelay-compostelle.eu\/de\/wp-json\/wp\/v2\/pages\/7291\/revisions"}],"predecessor-version":[{"id":11027,"href":"https:\/\/vezelay-compostelle.eu\/de\/wp-json\/wp\/v2\/pages\/7291\/revisions\/11027"}],"wp:attachment":[{"href":"https:\/\/vezelay-compostelle.eu\/de\/wp-json\/wp\/v2\/media?parent=7291"}],"curies":[{"name":"wp","href":"https:\/\/api.w.org\/{rel}","templated":true}]}}