{"id":7246,"date":"2023-04-06T11:27:13","date_gmt":"2023-04-06T09:27:13","guid":{"rendered":"https:\/\/vezelay-compostelle.eu\/charta-der-zufluchtsorte\/"},"modified":"2023-11-08T09:37:22","modified_gmt":"2023-11-08T08:37:22","slug":"charta-der-zufluchtsorte","status":"publish","type":"page","link":"https:\/\/vezelay-compostelle.eu\/de\/charta-der-zufluchtsorte\/","title":{"rendered":"Charta der Zufluchtsorte"},"content":{"rendered":"\t\t<div data-elementor-type=\"wp-page\" data-elementor-id=\"7246\" class=\"elementor elementor-7246 elementor-6053\" data-elementor-post-type=\"page\">\n\t\t\t\t\t\t<section class=\"elementor-section elementor-top-section elementor-element elementor-element-91a3281 elementor-section-boxed elementor-section-height-default elementor-section-height-default\" data-id=\"91a3281\" data-element_type=\"section\" data-e-type=\"section\">\n\t\t\t\t\t\t<div class=\"elementor-container elementor-column-gap-default\">\n\t\t\t\t\t<div class=\"elementor-column elementor-col-100 elementor-top-column elementor-element elementor-element-c2dc4b5\" data-id=\"c2dc4b5\" data-element_type=\"column\" data-e-type=\"column\">\n\t\t\t<div class=\"elementor-widget-wrap elementor-element-populated\">\n\t\t\t\t\t\t<div class=\"elementor-element elementor-element-77cdf09 text-charte elementor-widget elementor-widget-text-editor\" data-id=\"77cdf09\" data-element_type=\"widget\" data-e-type=\"widget\" data-widget_type=\"text-editor.default\">\n\t\t\t\t<div class=\"elementor-widget-container\">\n\t\t\t\t\t\t\t\t\t<strong>Charta der Pilgerh\u00fctten<\/strong>\n\n<p>Im Respekt gegen\u00fcber anderen Pilgern, denjenigen, die f\u00fcr die Verwaltung und Instandhaltung von Schutzh\u00fctten und f\u00fcr deren ordnungsgem\u00e4\u00dfes Funktionieren verantwortlich sind, ist es wichtig, bestimmte Grunds\u00e4tze und Anweisungen zu respektieren, die in dieser Charta zusammengefasst sind.<\/p>\n<ol>\n \t<li>Jeder Pilger nach Saint-Jacques, zu Fu\u00df, mit dem Fahrrad, zu Pferd oder mit einem Lasttier \u2013 jedoch ohne Fahrzeugbegleitung \u2013 ist in dieser Schutzh\u00fctte willkommen, sofern er \u00fcber einen von einem Verein der Freunde von Saint-Jacques ausgestellten Ausweis verf\u00fcgt f\u00fcr sie geschaffen.<\/li>\n \t<li>Ob kommunal, kirchlich oder privat, diese Zufluchtsst\u00e4tte kann nur dank der ehrenamtlichen Arbeit derjenigen funktionieren, die dort die Pilger empfangen und ihre Verwaltung und Instandhaltung \u00fcbernehmen. Alle Pilger m\u00fcssen daher Respekt vor Menschen und R\u00e4umlichkeiten zeigen und bereit sein, den Anweisungen zu folgen, die ihnen gegeben werden.<\/li>\n \t<li>Im Falle einer Notwendigkeit und eines Verhaltens, das dieser Charta nicht entspricht, kann jeder Leiter einer Zufluchtsst\u00e4tte einen Pilger ausweisen.<\/li>\n \t<li>Wenn die Schutzh\u00fctte nicht ge\u00f6ffnet ist, erh\u00e4lt der Pilger bei seiner Ankunft die notwendigen Informationen, um die \u00d6ffnungszeiten zu erfahren und an wen er sich wenden kann.<\/li>\n \t<li>Der Pilger legt dem Verantwortlichen der Zuflucht umgehend seine Beglaubigung vor und best\u00e4tigt damit offiziell seinen Status als Pilger von Santiago. Dieser Ausweis wird ihm vor seiner Abreise zur\u00fcckgegeben, versehen mit dem Stempel der Schutzh\u00fctte, der das Datum seines Besuchs bescheinigt.<\/li>\n \t<li>Der Aufenthalt des Pilgers in einer Schutzh\u00fctte darf eine Nacht nicht \u00fcberschreiten, au\u00dfer im Krankheitsfall. Am Morgen muss der Pilger sp\u00e4testens um 8:30 Uhr aufbrechen, gegebenenfalls nach R\u00fcckgabe der Schl\u00fcssel zur Schutzh\u00fctte.<\/li>\n \t<li>Bei extremer M\u00fcdigkeit oder Krankheit kann dem Pilger gestattet werden, eine zweite Nacht in der Schutzh\u00fctte zu verbringen. Dar\u00fcber hinaus wird der Pilger aufgefordert, einen Arzt aufzusuchen und zu entscheiden, ob er seine Pilgerreise fortsetzen m\u00f6chte oder nicht.<\/li>\n \t<li>F\u00fcr den Betrieb des Tierheims fallen zwangsl\u00e4ufig Kosten an (Strom, Wasser etc.). Der Pilger wird daher gebeten, stets einen Beitrag zu diesen Kosten zu leisten, je nachdem, was ihm vorgeschlagen wird und im Rahmen seiner M\u00f6glichkeiten.<\/li>\n \t<li>Wenn die Schutzh\u00fctte die M\u00f6glichkeit einer Verpflegung oder eines Fr\u00fchst\u00fccks bietet, zahlt der Pilger den Betrag, der seiner Verzehrmenge entspricht, gem\u00e4\u00df der in der Schutzh\u00fctte ausgeh\u00e4ngten Tabelle.<\/li>\n \t<li>Der Pilger wird stets sorgf\u00e4ltig darauf achten, die angegebenen praktischen Anweisungen zu befolgen, insbesondere hinsichtlich der Verwendung der ihm zur Verf\u00fcgung gestellten Ger\u00e4te (Wassererhitzer, Herd, Waschmaschine usw.).<\/li>\n \t<li>In jeder Schutzh\u00fctte wird ein Reisebuch gef\u00fchrt, das die Namen, Adressen und Reisedaten der Pilger enth\u00e4lt. Ebenso wird den Pilgern ein G\u00e4stebuch zur Verf\u00fcgung gestellt.<\/li>\n<\/ol>\t\t\t\t\t\t\t\t<\/div>\n\t\t\t\t<\/div>\n\t\t\t\t\t<\/div>\n\t\t<\/div>\n\t\t\t\t\t<\/div>\n\t\t<\/section>\n\t\t\t\t<\/div>\n\t\t","protected":false},"excerpt":{"rendered":"<p>Charta der Pilgerh\u00fctten Im Respekt gegen\u00fcber anderen Pilgern, denjenigen, die f\u00fcr die Verwaltung und Instandhaltung von Schutzh\u00fctten und f\u00fcr deren ordnungsgem\u00e4\u00dfes Funktionieren verantwortlich sind, ist es wichtig, bestimmte Grunds\u00e4tze und Anweisungen zu respektieren, die in dieser Charta zusammengefasst sind. Jeder Pilger nach Saint-Jacques, zu Fu\u00df, mit dem Fahrrad, zu Pferd oder mit einem Lasttier \u2013 [&hellip;]<\/p>\n","protected":false},"author":4,"featured_media":0,"parent":0,"menu_order":0,"comment_status":"closed","ping_status":"closed","template":"elementor_header_footer","meta":{"_acf_changed":false,"footnotes":""},"class_list":["post-7246","page","type-page","status-publish","hentry"],"acf":[],"yoast_head":"<!-- This site is optimized with the Yoast SEO plugin v27.3 - https:\/\/yoast.com\/product\/yoast-seo-wordpress\/ -->\n<title>Charta der Zufluchtsorte - V\u00e9zelay Compostelle<\/title>\n<meta name=\"robots\" content=\"index, follow, max-snippet:-1, max-image-preview:large, max-video-preview:-1\" \/>\n<link rel=\"canonical\" href=\"https:\/\/vezelay-compostelle.eu\/de\/charta-der-zufluchtsorte\/\" \/>\n<meta property=\"og:locale\" content=\"de_DE\" \/>\n<meta property=\"og:type\" content=\"article\" \/>\n<meta property=\"og:title\" content=\"Charta der Zufluchtsorte - V\u00e9zelay Compostelle\" \/>\n<meta property=\"og:description\" content=\"Charta der Pilgerh\u00fctten Im Respekt gegen\u00fcber anderen Pilgern, denjenigen, die f\u00fcr die Verwaltung und Instandhaltung von Schutzh\u00fctten und f\u00fcr deren ordnungsgem\u00e4\u00dfes Funktionieren verantwortlich sind, ist es wichtig, bestimmte Grunds\u00e4tze und Anweisungen zu respektieren, die in dieser Charta zusammengefasst sind. Jeder Pilger nach Saint-Jacques, zu Fu\u00df, mit dem Fahrrad, zu Pferd oder mit einem Lasttier \u2013 [&hellip;]\" \/>\n<meta property=\"og:url\" content=\"https:\/\/vezelay-compostelle.eu\/de\/charta-der-zufluchtsorte\/\" \/>\n<meta property=\"og:site_name\" content=\"V\u00e9zelay Compostelle\" \/>\n<meta property=\"article:modified_time\" content=\"2023-11-08T08:37:22+00:00\" \/>\n<meta name=\"twitter:card\" content=\"summary_large_image\" \/>\n<meta name=\"twitter:label1\" content=\"Gesch\u00e4tzte Lesezeit\" \/>\n\t<meta name=\"twitter:data1\" content=\"2\u00a0Minuten\" \/>\n<script type=\"application\/ld+json\" class=\"yoast-schema-graph\">{\"@context\":\"https:\\\/\\\/schema.org\",\"@graph\":[{\"@type\":\"WebPage\",\"@id\":\"https:\\\/\\\/vezelay-compostelle.eu\\\/de\\\/charta-der-zufluchtsorte\\\/\",\"url\":\"https:\\\/\\\/vezelay-compostelle.eu\\\/de\\\/charta-der-zufluchtsorte\\\/\",\"name\":\"Charta der Zufluchtsorte - V\u00e9zelay Compostelle\",\"isPartOf\":{\"@id\":\"https:\\\/\\\/vezelay-compostelle.eu\\\/de\\\/#website\"},\"datePublished\":\"2023-04-06T09:27:13+00:00\",\"dateModified\":\"2023-11-08T08:37:22+00:00\",\"breadcrumb\":{\"@id\":\"https:\\\/\\\/vezelay-compostelle.eu\\\/de\\\/charta-der-zufluchtsorte\\\/#breadcrumb\"},\"inLanguage\":\"de\",\"potentialAction\":[{\"@type\":\"ReadAction\",\"target\":[\"https:\\\/\\\/vezelay-compostelle.eu\\\/de\\\/charta-der-zufluchtsorte\\\/\"]}]},{\"@type\":\"BreadcrumbList\",\"@id\":\"https:\\\/\\\/vezelay-compostelle.eu\\\/de\\\/charta-der-zufluchtsorte\\\/#breadcrumb\",\"itemListElement\":[{\"@type\":\"ListItem\",\"position\":1,\"name\":\"Accueil\",\"item\":\"https:\\\/\\\/vezelay-compostelle.eu\\\/de\\\/startseite\\\/\"},{\"@type\":\"ListItem\",\"position\":2,\"name\":\"Charta der Zufluchtsorte\"}]},{\"@type\":\"WebSite\",\"@id\":\"https:\\\/\\\/vezelay-compostelle.eu\\\/de\\\/#website\",\"url\":\"https:\\\/\\\/vezelay-compostelle.eu\\\/de\\\/\",\"name\":\"V\u00e9zelay Compostelle\",\"description\":\"\",\"publisher\":{\"@id\":\"https:\\\/\\\/vezelay-compostelle.eu\\\/de\\\/#organization\"},\"potentialAction\":[{\"@type\":\"SearchAction\",\"target\":{\"@type\":\"EntryPoint\",\"urlTemplate\":\"https:\\\/\\\/vezelay-compostelle.eu\\\/de\\\/?s={search_term_string}\"},\"query-input\":{\"@type\":\"PropertyValueSpecification\",\"valueRequired\":true,\"valueName\":\"search_term_string\"}}],\"inLanguage\":\"de\"},{\"@type\":\"Organization\",\"@id\":\"https:\\\/\\\/vezelay-compostelle.eu\\\/de\\\/#organization\",\"name\":\"V\u00e9zelay Compostelle\",\"url\":\"https:\\\/\\\/vezelay-compostelle.eu\\\/de\\\/\",\"logo\":{\"@type\":\"ImageObject\",\"inLanguage\":\"de\",\"@id\":\"https:\\\/\\\/vezelay-compostelle.eu\\\/de\\\/#\\\/schema\\\/logo\\\/image\\\/\",\"url\":\"https:\\\/\\\/vezelay-compostelle.eu\\\/wp-content\\\/uploads\\\/2023\\\/08\\\/logo-amis_et_pelerins.png\",\"contentUrl\":\"https:\\\/\\\/vezelay-compostelle.eu\\\/wp-content\\\/uploads\\\/2023\\\/08\\\/logo-amis_et_pelerins.png\",\"width\":269,\"height\":308,\"caption\":\"V\u00e9zelay Compostelle\"},\"image\":{\"@id\":\"https:\\\/\\\/vezelay-compostelle.eu\\\/de\\\/#\\\/schema\\\/logo\\\/image\\\/\"}}]}<\/script>\n<!-- \/ Yoast SEO plugin. -->","yoast_head_json":{"title":"Charta der Zufluchtsorte - V\u00e9zelay Compostelle","robots":{"index":"index","follow":"follow","max-snippet":"max-snippet:-1","max-image-preview":"max-image-preview:large","max-video-preview":"max-video-preview:-1"},"canonical":"https:\/\/vezelay-compostelle.eu\/de\/charta-der-zufluchtsorte\/","og_locale":"de_DE","og_type":"article","og_title":"Charta der Zufluchtsorte - V\u00e9zelay Compostelle","og_description":"Charta der Pilgerh\u00fctten Im Respekt gegen\u00fcber anderen Pilgern, denjenigen, die f\u00fcr die Verwaltung und Instandhaltung von Schutzh\u00fctten und f\u00fcr deren ordnungsgem\u00e4\u00dfes Funktionieren verantwortlich sind, ist es wichtig, bestimmte Grunds\u00e4tze und Anweisungen zu respektieren, die in dieser Charta zusammengefasst sind. Jeder Pilger nach Saint-Jacques, zu Fu\u00df, mit dem Fahrrad, zu Pferd oder mit einem Lasttier \u2013 [&hellip;]","og_url":"https:\/\/vezelay-compostelle.eu\/de\/charta-der-zufluchtsorte\/","og_site_name":"V\u00e9zelay Compostelle","article_modified_time":"2023-11-08T08:37:22+00:00","twitter_card":"summary_large_image","twitter_misc":{"Gesch\u00e4tzte Lesezeit":"2\u00a0Minuten"},"schema":{"@context":"https:\/\/schema.org","@graph":[{"@type":"WebPage","@id":"https:\/\/vezelay-compostelle.eu\/de\/charta-der-zufluchtsorte\/","url":"https:\/\/vezelay-compostelle.eu\/de\/charta-der-zufluchtsorte\/","name":"Charta der Zufluchtsorte - V\u00e9zelay Compostelle","isPartOf":{"@id":"https:\/\/vezelay-compostelle.eu\/de\/#website"},"datePublished":"2023-04-06T09:27:13+00:00","dateModified":"2023-11-08T08:37:22+00:00","breadcrumb":{"@id":"https:\/\/vezelay-compostelle.eu\/de\/charta-der-zufluchtsorte\/#breadcrumb"},"inLanguage":"de","potentialAction":[{"@type":"ReadAction","target":["https:\/\/vezelay-compostelle.eu\/de\/charta-der-zufluchtsorte\/"]}]},{"@type":"BreadcrumbList","@id":"https:\/\/vezelay-compostelle.eu\/de\/charta-der-zufluchtsorte\/#breadcrumb","itemListElement":[{"@type":"ListItem","position":1,"name":"Accueil","item":"https:\/\/vezelay-compostelle.eu\/de\/startseite\/"},{"@type":"ListItem","position":2,"name":"Charta der Zufluchtsorte"}]},{"@type":"WebSite","@id":"https:\/\/vezelay-compostelle.eu\/de\/#website","url":"https:\/\/vezelay-compostelle.eu\/de\/","name":"V\u00e9zelay Compostelle","description":"","publisher":{"@id":"https:\/\/vezelay-compostelle.eu\/de\/#organization"},"potentialAction":[{"@type":"SearchAction","target":{"@type":"EntryPoint","urlTemplate":"https:\/\/vezelay-compostelle.eu\/de\/?s={search_term_string}"},"query-input":{"@type":"PropertyValueSpecification","valueRequired":true,"valueName":"search_term_string"}}],"inLanguage":"de"},{"@type":"Organization","@id":"https:\/\/vezelay-compostelle.eu\/de\/#organization","name":"V\u00e9zelay Compostelle","url":"https:\/\/vezelay-compostelle.eu\/de\/","logo":{"@type":"ImageObject","inLanguage":"de","@id":"https:\/\/vezelay-compostelle.eu\/de\/#\/schema\/logo\/image\/","url":"https:\/\/vezelay-compostelle.eu\/wp-content\/uploads\/2023\/08\/logo-amis_et_pelerins.png","contentUrl":"https:\/\/vezelay-compostelle.eu\/wp-content\/uploads\/2023\/08\/logo-amis_et_pelerins.png","width":269,"height":308,"caption":"V\u00e9zelay Compostelle"},"image":{"@id":"https:\/\/vezelay-compostelle.eu\/de\/#\/schema\/logo\/image\/"}}]}},"_links":{"self":[{"href":"https:\/\/vezelay-compostelle.eu\/de\/wp-json\/wp\/v2\/pages\/7246","targetHints":{"allow":["GET"]}}],"collection":[{"href":"https:\/\/vezelay-compostelle.eu\/de\/wp-json\/wp\/v2\/pages"}],"about":[{"href":"https:\/\/vezelay-compostelle.eu\/de\/wp-json\/wp\/v2\/types\/page"}],"author":[{"embeddable":true,"href":"https:\/\/vezelay-compostelle.eu\/de\/wp-json\/wp\/v2\/users\/4"}],"replies":[{"embeddable":true,"href":"https:\/\/vezelay-compostelle.eu\/de\/wp-json\/wp\/v2\/comments?post=7246"}],"version-history":[{"count":2,"href":"https:\/\/vezelay-compostelle.eu\/de\/wp-json\/wp\/v2\/pages\/7246\/revisions"}],"predecessor-version":[{"id":10962,"href":"https:\/\/vezelay-compostelle.eu\/de\/wp-json\/wp\/v2\/pages\/7246\/revisions\/10962"}],"wp:attachment":[{"href":"https:\/\/vezelay-compostelle.eu\/de\/wp-json\/wp\/v2\/media?parent=7246"}],"curies":[{"name":"wp","href":"https:\/\/api.w.org\/{rel}","templated":true}]}}