{"id":7223,"date":"2022-02-28T09:44:25","date_gmt":"2022-02-28T08:44:25","guid":{"rendered":"https:\/\/vezelay-compostelle.eu\/geschichte\/"},"modified":"2023-11-21T11:53:45","modified_gmt":"2023-11-21T10:53:45","slug":"geschichte","status":"publish","type":"page","link":"https:\/\/vezelay-compostelle.eu\/de\/geschichte\/","title":{"rendered":"Geschichte"},"content":{"rendered":"\t\t<div data-elementor-type=\"wp-page\" data-elementor-id=\"7223\" class=\"elementor elementor-7223 elementor-2749\" data-elementor-post-type=\"page\">\n\t\t\t\t\t\t<section class=\"elementor-section elementor-top-section elementor-element elementor-element-ad40227 elementor-section-boxed elementor-section-height-default elementor-section-height-default\" data-id=\"ad40227\" data-element_type=\"section\" data-e-type=\"section\">\n\t\t\t\t\t\t<div class=\"elementor-container elementor-column-gap-default\">\n\t\t\t\t\t<div class=\"elementor-column elementor-col-50 elementor-top-column elementor-element elementor-element-436d3d9\" data-id=\"436d3d9\" data-element_type=\"column\" data-e-type=\"column\">\n\t\t\t<div class=\"elementor-widget-wrap elementor-element-populated\">\n\t\t\t\t\t\t<div class=\"elementor-element elementor-element-64fcd31 elementor-widget elementor-widget-image\" data-id=\"64fcd31\" data-element_type=\"widget\" data-e-type=\"widget\" data-widget_type=\"image.default\">\n\t\t\t\t<div class=\"elementor-widget-container\">\n\t\t\t\t\t\t\t\t\t\t\t\t\t\t\t<img fetchpriority=\"high\" decoding=\"async\" width=\"800\" height=\"534\" src=\"https:\/\/vezelay-compostelle.eu\/wp-content\/uploads\/2023\/03\/codex-calixtinus-santiago-compostela-facsimile-edition-01-1024x683.jpg\" class=\"attachment-large size-large wp-image-6918\" alt=\"Codex Calixtinus\" srcset=\"https:\/\/vezelay-compostelle.eu\/wp-content\/uploads\/2023\/03\/codex-calixtinus-santiago-compostela-facsimile-edition-01-1024x683.jpg 1024w, https:\/\/vezelay-compostelle.eu\/wp-content\/uploads\/2023\/03\/codex-calixtinus-santiago-compostela-facsimile-edition-01-300x200.jpg 300w, https:\/\/vezelay-compostelle.eu\/wp-content\/uploads\/2023\/03\/codex-calixtinus-santiago-compostela-facsimile-edition-01-768x512.jpg 768w, https:\/\/vezelay-compostelle.eu\/wp-content\/uploads\/2023\/03\/codex-calixtinus-santiago-compostela-facsimile-edition-01-1536x1024.jpg 1536w, https:\/\/vezelay-compostelle.eu\/wp-content\/uploads\/2023\/03\/codex-calixtinus-santiago-compostela-facsimile-edition-01-2048x1365.jpg 2048w\" sizes=\"(max-width: 800px) 100vw, 800px\" \/>\t\t\t\t\t\t\t\t\t\t\t\t\t\t\t<\/div>\n\t\t\t\t<\/div>\n\t\t\t\t\t<\/div>\n\t\t<\/div>\n\t\t\t\t<div class=\"elementor-column elementor-col-50 elementor-top-column elementor-element elementor-element-3d427a5\" data-id=\"3d427a5\" data-element_type=\"column\" data-e-type=\"column\">\n\t\t\t<div class=\"elementor-widget-wrap elementor-element-populated\">\n\t\t\t\t\t\t<div class=\"elementor-element elementor-element-d2b2cd6 elementor-widget elementor-widget-image\" data-id=\"d2b2cd6\" data-element_type=\"widget\" data-e-type=\"widget\" data-widget_type=\"image.default\">\n\t\t\t\t<div class=\"elementor-widget-container\">\n\t\t\t\t\t\t\t\t\t\t\t\t\t\t\t<img decoding=\"async\" width=\"408\" height=\"481\" src=\"https:\/\/vezelay-compostelle.eu\/wp-content\/uploads\/2023\/03\/histoire-VV-.png\" class=\"attachment-medium_large size-medium_large wp-image-6990\" alt=\"histoire de la Voie de V\u00e9zelay\" srcset=\"https:\/\/vezelay-compostelle.eu\/wp-content\/uploads\/2023\/03\/histoire-VV-.png 408w, https:\/\/vezelay-compostelle.eu\/wp-content\/uploads\/2023\/03\/histoire-VV--254x300.png 254w\" sizes=\"(max-width: 408px) 100vw, 408px\" \/>\t\t\t\t\t\t\t\t\t\t\t\t\t\t\t<\/div>\n\t\t\t\t<\/div>\n\t\t\t\t\t<\/div>\n\t\t<\/div>\n\t\t\t\t\t<\/div>\n\t\t<\/section>\n\t\t\t\t<section class=\"elementor-section elementor-top-section elementor-element elementor-element-5bd8600d elementor-section-boxed elementor-section-height-default elementor-section-height-default\" data-id=\"5bd8600d\" data-element_type=\"section\" data-e-type=\"section\">\n\t\t\t\t\t\t<div class=\"elementor-container elementor-column-gap-default\">\n\t\t\t\t\t<div class=\"elementor-column elementor-col-100 elementor-top-column elementor-element elementor-element-25a579f1\" data-id=\"25a579f1\" data-element_type=\"column\" data-e-type=\"column\">\n\t\t\t<div class=\"elementor-widget-wrap elementor-element-populated\">\n\t\t\t\t\t\t<div class=\"elementor-element elementor-element-50b5aaf title-underline elementor-widget elementor-widget-heading\" data-id=\"50b5aaf\" data-element_type=\"widget\" data-e-type=\"widget\" data-widget_type=\"heading.default\">\n\t\t\t\t<div class=\"elementor-widget-container\">\n\t\t\t\t\t<h1 class=\"elementor-heading-title elementor-size-default\">Die Geschichte des Weges nach V\u00e9zelay<\/h1>\t\t\t\t<\/div>\n\t\t\t\t<\/div>\n\t\t\t\t<div class=\"elementor-element elementor-element-4f71d5f elementor-widget elementor-widget-text-editor\" data-id=\"4f71d5f\" data-element_type=\"widget\" data-e-type=\"widget\" data-widget_type=\"text-editor.default\">\n\t\t\t\t<div class=\"elementor-widget-container\">\n\t\t\t\t\t\t\t\t\t<p><span lang=\"fr-FR\">Der im <a href=\"https:\/\/vezelay-compostelle.eu\/wp-content\/uploads\/2023\/02\/Codex-Calixtinus.pdf\" target=\"_blank\" rel=\"noopener\">Codex Calixtinus<\/a> als einer der vier gro\u00dfen Pilgerwege nach Santiago de Compostela genannte Weg von V\u00e9zelay verbindet die Basilika Sainte-Madeleine in V\u00e9zelay mit der spanischen Grenze bei Saint-Jean-Pied-de-Port. Sie verl\u00e4uft auf fast 900 Kilometern diagonal durch Frankreich.<\/span> <\/p>\n<p><span lang=\"fr-FR\">Der Codex Calixtinus ist ein Werk aus dem 12. <\/span> <span lang=\"fr-FR\" style=\"font-size: 1rem;\">Er beschreibt die vier franz\u00f6sischen Wege, die nach Compostela f\u00fchren. Its author is unknown! Is it the Poitevin monk, Aimery Picaud or Hugues le Poitevin, monk of V\u00e9zelay? In der Regel wird das Geschriebene dem Ersten zugeschrieben!<\/span><span style=\"font-size: 1rem;\"> <\/span><\/p>\n<p><span lang=\"fr-FR\">Laut diesem Buch sind auf der Strecke drei Heilige zu verehren:<\/span> <\/p>\n<ul>\n<li>\n<p><span lang=\"fr-FR\">Die Heilige Maria Magdalena in V\u00e9zelay,<\/span> <\/p>\n<\/li>\n<li>\n<p><span lang=\"fr-FR\">Saint L\u00e9onard in Noblat,<\/span> <\/p>\n<\/li>\n<li>\n<p><span lang=\"fr-FR\">Saint Front in P\u00e9rigueux.<\/span><\/p>\n<\/li>\n<\/ul>\n<p>The Way of V\u00e9zelay benefits from a considerable historical heritage which comes from V\u00e9zelay, the eternal hill where the first crusades were preached, and from the exceptional influence throughout Europe of the cult of Saint-Leonard. <\/p>\n<ul>\n<li>\n<p>The year 2000 saw the publication of a pilgrim&#8217;s itinerary for Saint-Jacques on the V\u00e9zelay Historic Way <span style=\"font-family: Liberation Serif, serif;\">\u00ae<\/span> (<a href=\"https:\/\/vezelay-compostelle.eu\/wp-content\/uploads\/2023\/03\/hommage-a-Monique-Chassain.pdf\" target=\"_blank\" rel=\"noopener\">Chassain guide known as &#8222;yellow guide&#8220;<\/a>) <\/p>\n<\/li>\n<\/ul>\n<p><span lang=\"fr-FR\">Von V\u00e9zelay aus bieten sich dem Pilger zwei M\u00f6glichkeiten: <\/span><\/p>\n<ul>\n<li><span lang=\"fr-FR\">either follow the <strong>northern branch<\/strong> passing through <strong>Bourges<\/strong> and its cathedral with its numerous stained glass windows representing Saint Jacques<\/span><\/li>\n<li><span lang=\"fr-FR\">or follow the <strong>southern branch<\/strong> passing through <strong>Nevers<\/strong> and its cathedral with the presence of a statue of Saint Jacques.<\/span><\/li>\n<\/ul>\n<p><span lang=\"fr-FR\">Die beiden Wege treffen sich in Gargilesse im Departement Indre, dem Land der Maler und von George Sand.<\/span> <\/p>\n<p>Die Landschaften sind immer bewundernswert, sei es die Ebene von Ch\u00e2teauroux oder die H\u00fcgel und W\u00e4lder des Morvan. Die Architektur ist vielf\u00e4ltig und einige Geb\u00e4ude geh\u00f6ren zum <a href=\"https:\/\/whc.unesco.org\/fr\/list\/84\" target=\"_blank\" rel=\"noopener\">UNESCO<\/a>-Weltkulturerbe. Der Weg nach V\u00e9zelay bleibt ein authentischer und wenig begangener Weg, auf dem Sie nachdenken, meditieren und sich neu ausrichten k\u00f6nnen.<\/p>\n\t\t\t\t\t\t\t\t<\/div>\n\t\t\t\t<\/div>\n\t\t\t\t\t<\/div>\n\t\t<\/div>\n\t\t\t\t\t<\/div>\n\t\t<\/section>\n\t\t\t\t<section class=\"elementor-section elementor-top-section elementor-element elementor-element-2cf5c6d elementor-section-boxed elementor-section-height-default elementor-section-height-default\" data-id=\"2cf5c6d\" data-element_type=\"section\" data-e-type=\"section\">\n\t\t\t\t\t\t<div class=\"elementor-container elementor-column-gap-default\">\n\t\t\t\t\t<div class=\"elementor-column elementor-col-100 elementor-top-column elementor-element elementor-element-313badd\" data-id=\"313badd\" data-element_type=\"column\" data-e-type=\"column\">\n\t\t\t<div class=\"elementor-widget-wrap elementor-element-populated\">\n\t\t\t\t\t\t<div class=\"elementor-element elementor-element-4fd9342 elementor-widget elementor-widget-heading\" data-id=\"4fd9342\" data-element_type=\"widget\" data-e-type=\"widget\" data-widget_type=\"heading.default\">\n\t\t\t\t<div class=\"elementor-widget-container\">\n\t\t\t\t\t<h2 class=\"elementor-heading-title elementor-size-default\">The Spirit of the V\u00e9zelay Way<\/h2>\t\t\t\t<\/div>\n\t\t\t\t<\/div>\n\t\t\t\t<div class=\"elementor-element elementor-element-ff63077 elementor-widget elementor-widget-text-editor\" data-id=\"ff63077\" data-element_type=\"widget\" data-e-type=\"widget\" data-widget_type=\"text-editor.default\">\n\t\t\t\t<div class=\"elementor-widget-container\">\n\t\t\t\t\t\t\t\t\t<p>Wenn wir die Voie de V\u00e9zelay im Vergleich zu anderen franz\u00f6sischen Strecken besser identifizieren wollen, wenn wir versuchen wollen, besser zu verstehen, was ihr eine besondere Pers\u00f6nlichkeit verleiht, m\u00fcssen wir uns ihrer Besonderheiten bewusst werden, so scheint es uns\u2026<\/p>\n<p>It benefits from a considerable historical heritage: with the Sainte-Madeleine basilica of V\u00e9zelay and the cult of Saint-L\u00e9onard to the north of Limoges. <span style=\"font-size: 1rem;\">This aura is due to the tomb of Saint-L\u00e9onard de Noblat, and to the religious, cultural and artistic prestige of the Saint-Martial abbey in Limoges.<\/span><\/p>\n<p>Nicht zu vergessen einzigartige St\u00e4tten wie die Kathedralen von Bourges, Nevers und P\u00e9rigueux, so ber\u00fchmte Abteien wie die von La Charit\u00e9-sur-Loire, D\u00e9ols, Chancelade, Saint-Ferme, La R\u00e9ole, Saint-Sever.<\/p>\n\t\t\t\t\t\t\t\t<\/div>\n\t\t\t\t<\/div>\n\t\t\t\t<div class=\"elementor-element elementor-element-1619282 elementor-widget elementor-widget-image\" data-id=\"1619282\" data-element_type=\"widget\" data-e-type=\"widget\" data-widget_type=\"image.default\">\n\t\t\t\t<div class=\"elementor-widget-container\">\n\t\t\t\t\t\t\t\t\t\t\t\t\t\t\t<img decoding=\"async\" width=\"316\" height=\"615\" src=\"https:\/\/vezelay-compostelle.eu\/wp-content\/uploads\/2023\/11\/Coquille-et-basilique.jpg\" class=\"attachment-large size-large wp-image-10419\" alt=\"Coquille et basilique\" srcset=\"https:\/\/vezelay-compostelle.eu\/wp-content\/uploads\/2023\/11\/Coquille-et-basilique.jpg 316w, https:\/\/vezelay-compostelle.eu\/wp-content\/uploads\/2023\/11\/Coquille-et-basilique-154x300.jpg 154w\" sizes=\"(max-width: 316px) 100vw, 316px\" \/>\t\t\t\t\t\t\t\t\t\t\t\t\t\t\t<\/div>\n\t\t\t\t<\/div>\n\t\t\t\t\t<\/div>\n\t\t<\/div>\n\t\t\t\t\t<\/div>\n\t\t<\/section>\n\t\t\t\t<\/div>\n\t\t","protected":false},"excerpt":{"rendered":"<p>Die Geschichte des Weges nach V\u00e9zelay Der im Codex Calixtinus als einer der vier gro\u00dfen Pilgerwege nach Santiago de Compostela genannte Weg von V\u00e9zelay verbindet die Basilika Sainte-Madeleine in V\u00e9zelay mit der spanischen Grenze bei Saint-Jean-Pied-de-Port. Sie verl\u00e4uft auf fast 900 Kilometern diagonal durch Frankreich. Der Codex Calixtinus ist ein Werk aus dem 12. Er [&hellip;]<\/p>\n","protected":false},"author":4,"featured_media":0,"parent":0,"menu_order":0,"comment_status":"closed","ping_status":"closed","template":"elementor_header_footer","meta":{"_acf_changed":false,"footnotes":""},"class_list":["post-7223","page","type-page","status-publish","hentry"],"acf":[],"yoast_head":"<!-- This site is optimized with the Yoast SEO plugin v27.4 - https:\/\/yoast.com\/product\/yoast-seo-wordpress\/ -->\n<title>Geschichte - V\u00e9zelay Compostelle<\/title>\n<meta name=\"robots\" content=\"index, follow, max-snippet:-1, max-image-preview:large, max-video-preview:-1\" \/>\n<link rel=\"canonical\" href=\"https:\/\/vezelay-compostelle.eu\/de\/geschichte\/\" \/>\n<meta property=\"og:locale\" content=\"de_DE\" \/>\n<meta property=\"og:type\" content=\"article\" \/>\n<meta property=\"og:title\" content=\"Geschichte - V\u00e9zelay Compostelle\" \/>\n<meta property=\"og:description\" content=\"Die Geschichte des Weges nach V\u00e9zelay Der im Codex Calixtinus als einer der vier gro\u00dfen Pilgerwege nach Santiago de Compostela genannte Weg von V\u00e9zelay verbindet die Basilika Sainte-Madeleine in V\u00e9zelay mit der spanischen Grenze bei Saint-Jean-Pied-de-Port. Sie verl\u00e4uft auf fast 900 Kilometern diagonal durch Frankreich. Der Codex Calixtinus ist ein Werk aus dem 12. Er [&hellip;]\" \/>\n<meta property=\"og:url\" content=\"https:\/\/vezelay-compostelle.eu\/de\/geschichte\/\" \/>\n<meta property=\"og:site_name\" content=\"V\u00e9zelay Compostelle\" \/>\n<meta property=\"article:modified_time\" content=\"2023-11-21T10:53:45+00:00\" \/>\n<meta property=\"og:image\" content=\"https:\/\/vezelay-compostelle.eu\/wp-content\/uploads\/2023\/03\/codex-calixtinus-santiago-compostela-facsimile-edition-01-1024x683.jpg\" \/>\n<meta name=\"twitter:card\" content=\"summary_large_image\" \/>\n<meta name=\"twitter:label1\" content=\"Gesch\u00e4tzte Lesezeit\" \/>\n\t<meta name=\"twitter:data1\" content=\"2\u00a0Minuten\" \/>\n<script type=\"application\/ld+json\" class=\"yoast-schema-graph\">{\"@context\":\"https:\\\/\\\/schema.org\",\"@graph\":[{\"@type\":\"WebPage\",\"@id\":\"https:\\\/\\\/vezelay-compostelle.eu\\\/de\\\/geschichte\\\/\",\"url\":\"https:\\\/\\\/vezelay-compostelle.eu\\\/de\\\/geschichte\\\/\",\"name\":\"Geschichte - V\u00e9zelay Compostelle\",\"isPartOf\":{\"@id\":\"https:\\\/\\\/vezelay-compostelle.eu\\\/de\\\/#website\"},\"primaryImageOfPage\":{\"@id\":\"https:\\\/\\\/vezelay-compostelle.eu\\\/de\\\/geschichte\\\/#primaryimage\"},\"image\":{\"@id\":\"https:\\\/\\\/vezelay-compostelle.eu\\\/de\\\/geschichte\\\/#primaryimage\"},\"thumbnailUrl\":\"https:\\\/\\\/vezelay-compostelle.eu\\\/wp-content\\\/uploads\\\/2023\\\/03\\\/codex-calixtinus-santiago-compostela-facsimile-edition-01-1024x683.jpg\",\"datePublished\":\"2022-02-28T08:44:25+00:00\",\"dateModified\":\"2023-11-21T10:53:45+00:00\",\"breadcrumb\":{\"@id\":\"https:\\\/\\\/vezelay-compostelle.eu\\\/de\\\/geschichte\\\/#breadcrumb\"},\"inLanguage\":\"de\",\"potentialAction\":[{\"@type\":\"ReadAction\",\"target\":[\"https:\\\/\\\/vezelay-compostelle.eu\\\/de\\\/geschichte\\\/\"]}]},{\"@type\":\"ImageObject\",\"inLanguage\":\"de\",\"@id\":\"https:\\\/\\\/vezelay-compostelle.eu\\\/de\\\/geschichte\\\/#primaryimage\",\"url\":\"https:\\\/\\\/vezelay-compostelle.eu\\\/wp-content\\\/uploads\\\/2023\\\/03\\\/codex-calixtinus-santiago-compostela-facsimile-edition-01-1024x683.jpg\",\"contentUrl\":\"https:\\\/\\\/vezelay-compostelle.eu\\\/wp-content\\\/uploads\\\/2023\\\/03\\\/codex-calixtinus-santiago-compostela-facsimile-edition-01-1024x683.jpg\"},{\"@type\":\"BreadcrumbList\",\"@id\":\"https:\\\/\\\/vezelay-compostelle.eu\\\/de\\\/geschichte\\\/#breadcrumb\",\"itemListElement\":[{\"@type\":\"ListItem\",\"position\":1,\"name\":\"Accueil\",\"item\":\"https:\\\/\\\/vezelay-compostelle.eu\\\/de\\\/startseite\\\/\"},{\"@type\":\"ListItem\",\"position\":2,\"name\":\"Geschichte\"}]},{\"@type\":\"WebSite\",\"@id\":\"https:\\\/\\\/vezelay-compostelle.eu\\\/de\\\/#website\",\"url\":\"https:\\\/\\\/vezelay-compostelle.eu\\\/de\\\/\",\"name\":\"V\u00e9zelay Compostelle\",\"description\":\"\",\"publisher\":{\"@id\":\"https:\\\/\\\/vezelay-compostelle.eu\\\/de\\\/#organization\"},\"potentialAction\":[{\"@type\":\"SearchAction\",\"target\":{\"@type\":\"EntryPoint\",\"urlTemplate\":\"https:\\\/\\\/vezelay-compostelle.eu\\\/de\\\/?s={search_term_string}\"},\"query-input\":{\"@type\":\"PropertyValueSpecification\",\"valueRequired\":true,\"valueName\":\"search_term_string\"}}],\"inLanguage\":\"de\"},{\"@type\":\"Organization\",\"@id\":\"https:\\\/\\\/vezelay-compostelle.eu\\\/de\\\/#organization\",\"name\":\"V\u00e9zelay Compostelle\",\"url\":\"https:\\\/\\\/vezelay-compostelle.eu\\\/de\\\/\",\"logo\":{\"@type\":\"ImageObject\",\"inLanguage\":\"de\",\"@id\":\"https:\\\/\\\/vezelay-compostelle.eu\\\/de\\\/#\\\/schema\\\/logo\\\/image\\\/\",\"url\":\"https:\\\/\\\/vezelay-compostelle.eu\\\/wp-content\\\/uploads\\\/2023\\\/08\\\/logo-amis_et_pelerins.png\",\"contentUrl\":\"https:\\\/\\\/vezelay-compostelle.eu\\\/wp-content\\\/uploads\\\/2023\\\/08\\\/logo-amis_et_pelerins.png\",\"width\":269,\"height\":308,\"caption\":\"V\u00e9zelay Compostelle\"},\"image\":{\"@id\":\"https:\\\/\\\/vezelay-compostelle.eu\\\/de\\\/#\\\/schema\\\/logo\\\/image\\\/\"}}]}<\/script>\n<!-- \/ Yoast SEO plugin. -->","yoast_head_json":{"title":"Geschichte - V\u00e9zelay Compostelle","robots":{"index":"index","follow":"follow","max-snippet":"max-snippet:-1","max-image-preview":"max-image-preview:large","max-video-preview":"max-video-preview:-1"},"canonical":"https:\/\/vezelay-compostelle.eu\/de\/geschichte\/","og_locale":"de_DE","og_type":"article","og_title":"Geschichte - V\u00e9zelay Compostelle","og_description":"Die Geschichte des Weges nach V\u00e9zelay Der im Codex Calixtinus als einer der vier gro\u00dfen Pilgerwege nach Santiago de Compostela genannte Weg von V\u00e9zelay verbindet die Basilika Sainte-Madeleine in V\u00e9zelay mit der spanischen Grenze bei Saint-Jean-Pied-de-Port. Sie verl\u00e4uft auf fast 900 Kilometern diagonal durch Frankreich. Der Codex Calixtinus ist ein Werk aus dem 12. Er [&hellip;]","og_url":"https:\/\/vezelay-compostelle.eu\/de\/geschichte\/","og_site_name":"V\u00e9zelay Compostelle","article_modified_time":"2023-11-21T10:53:45+00:00","og_image":[{"url":"https:\/\/vezelay-compostelle.eu\/wp-content\/uploads\/2023\/03\/codex-calixtinus-santiago-compostela-facsimile-edition-01-1024x683.jpg","type":"","width":"","height":""}],"twitter_card":"summary_large_image","twitter_misc":{"Gesch\u00e4tzte Lesezeit":"2\u00a0Minuten"},"schema":{"@context":"https:\/\/schema.org","@graph":[{"@type":"WebPage","@id":"https:\/\/vezelay-compostelle.eu\/de\/geschichte\/","url":"https:\/\/vezelay-compostelle.eu\/de\/geschichte\/","name":"Geschichte - V\u00e9zelay Compostelle","isPartOf":{"@id":"https:\/\/vezelay-compostelle.eu\/de\/#website"},"primaryImageOfPage":{"@id":"https:\/\/vezelay-compostelle.eu\/de\/geschichte\/#primaryimage"},"image":{"@id":"https:\/\/vezelay-compostelle.eu\/de\/geschichte\/#primaryimage"},"thumbnailUrl":"https:\/\/vezelay-compostelle.eu\/wp-content\/uploads\/2023\/03\/codex-calixtinus-santiago-compostela-facsimile-edition-01-1024x683.jpg","datePublished":"2022-02-28T08:44:25+00:00","dateModified":"2023-11-21T10:53:45+00:00","breadcrumb":{"@id":"https:\/\/vezelay-compostelle.eu\/de\/geschichte\/#breadcrumb"},"inLanguage":"de","potentialAction":[{"@type":"ReadAction","target":["https:\/\/vezelay-compostelle.eu\/de\/geschichte\/"]}]},{"@type":"ImageObject","inLanguage":"de","@id":"https:\/\/vezelay-compostelle.eu\/de\/geschichte\/#primaryimage","url":"https:\/\/vezelay-compostelle.eu\/wp-content\/uploads\/2023\/03\/codex-calixtinus-santiago-compostela-facsimile-edition-01-1024x683.jpg","contentUrl":"https:\/\/vezelay-compostelle.eu\/wp-content\/uploads\/2023\/03\/codex-calixtinus-santiago-compostela-facsimile-edition-01-1024x683.jpg"},{"@type":"BreadcrumbList","@id":"https:\/\/vezelay-compostelle.eu\/de\/geschichte\/#breadcrumb","itemListElement":[{"@type":"ListItem","position":1,"name":"Accueil","item":"https:\/\/vezelay-compostelle.eu\/de\/startseite\/"},{"@type":"ListItem","position":2,"name":"Geschichte"}]},{"@type":"WebSite","@id":"https:\/\/vezelay-compostelle.eu\/de\/#website","url":"https:\/\/vezelay-compostelle.eu\/de\/","name":"V\u00e9zelay Compostelle","description":"","publisher":{"@id":"https:\/\/vezelay-compostelle.eu\/de\/#organization"},"potentialAction":[{"@type":"SearchAction","target":{"@type":"EntryPoint","urlTemplate":"https:\/\/vezelay-compostelle.eu\/de\/?s={search_term_string}"},"query-input":{"@type":"PropertyValueSpecification","valueRequired":true,"valueName":"search_term_string"}}],"inLanguage":"de"},{"@type":"Organization","@id":"https:\/\/vezelay-compostelle.eu\/de\/#organization","name":"V\u00e9zelay Compostelle","url":"https:\/\/vezelay-compostelle.eu\/de\/","logo":{"@type":"ImageObject","inLanguage":"de","@id":"https:\/\/vezelay-compostelle.eu\/de\/#\/schema\/logo\/image\/","url":"https:\/\/vezelay-compostelle.eu\/wp-content\/uploads\/2023\/08\/logo-amis_et_pelerins.png","contentUrl":"https:\/\/vezelay-compostelle.eu\/wp-content\/uploads\/2023\/08\/logo-amis_et_pelerins.png","width":269,"height":308,"caption":"V\u00e9zelay Compostelle"},"image":{"@id":"https:\/\/vezelay-compostelle.eu\/de\/#\/schema\/logo\/image\/"}}]}},"_links":{"self":[{"href":"https:\/\/vezelay-compostelle.eu\/de\/wp-json\/wp\/v2\/pages\/7223","targetHints":{"allow":["GET"]}}],"collection":[{"href":"https:\/\/vezelay-compostelle.eu\/de\/wp-json\/wp\/v2\/pages"}],"about":[{"href":"https:\/\/vezelay-compostelle.eu\/de\/wp-json\/wp\/v2\/types\/page"}],"author":[{"embeddable":true,"href":"https:\/\/vezelay-compostelle.eu\/de\/wp-json\/wp\/v2\/users\/4"}],"replies":[{"embeddable":true,"href":"https:\/\/vezelay-compostelle.eu\/de\/wp-json\/wp\/v2\/comments?post=7223"}],"version-history":[{"count":6,"href":"https:\/\/vezelay-compostelle.eu\/de\/wp-json\/wp\/v2\/pages\/7223\/revisions"}],"predecessor-version":[{"id":11740,"href":"https:\/\/vezelay-compostelle.eu\/de\/wp-json\/wp\/v2\/pages\/7223\/revisions\/11740"}],"wp:attachment":[{"href":"https:\/\/vezelay-compostelle.eu\/de\/wp-json\/wp\/v2\/media?parent=7223"}],"curies":[{"name":"wp","href":"https:\/\/api.w.org\/{rel}","templated":true}]}}