{"id":7217,"date":"2022-03-09T16:28:25","date_gmt":"2022-03-09T15:28:25","guid":{"rendered":"https:\/\/vezelay-compostelle.eu\/die-permanenz\/"},"modified":"2023-11-22T13:49:48","modified_gmt":"2023-11-22T12:49:48","slug":"die-permanenz","status":"publish","type":"page","link":"https:\/\/vezelay-compostelle.eu\/de\/die-permanenz\/","title":{"rendered":"Die Permanenz"},"content":{"rendered":"\t\t<div data-elementor-type=\"wp-page\" data-elementor-id=\"7217\" class=\"elementor elementor-7217 elementor-3462\" data-elementor-post-type=\"page\">\n\t\t\t\t\t\t<section class=\"elementor-section elementor-top-section elementor-element elementor-element-6f6f01bd elementor-section-boxed elementor-section-height-default elementor-section-height-default\" data-id=\"6f6f01bd\" data-element_type=\"section\" data-e-type=\"section\">\n\t\t\t\t\t\t<div class=\"elementor-container elementor-column-gap-default\">\n\t\t\t\t\t<div class=\"elementor-column elementor-col-100 elementor-top-column elementor-element elementor-element-74239ec8\" data-id=\"74239ec8\" data-element_type=\"column\" data-e-type=\"column\">\n\t\t\t<div class=\"elementor-widget-wrap elementor-element-populated\">\n\t\t\t\t\t\t<div class=\"elementor-element elementor-element-11e588f0 title-underline elementor-widget elementor-widget-heading\" data-id=\"11e588f0\" data-element_type=\"widget\" data-e-type=\"widget\" data-widget_type=\"heading.default\">\n\t\t\t\t<div class=\"elementor-widget-container\">\n\t\t\t\t\t<h1 class=\"elementor-heading-title elementor-size-default\">Unsere Sprechstunde am Hauptsitz des Vereins\n<\/h1>\t\t\t\t<\/div>\n\t\t\t\t<\/div>\n\t\t\t\t<div class=\"elementor-element elementor-element-dd3f4d8 elementor-widget elementor-widget-text-editor\" data-id=\"dd3f4d8\" data-element_type=\"widget\" data-e-type=\"widget\" data-widget_type=\"text-editor.default\">\n\t\t\t\t<div class=\"elementor-widget-container\">\n\t\t\t\t\t\t\t\t\t<p>Der Verein hat ein st\u00e4ndiges B\u00fcro in der Rue Saint-Pierre 24 in V\u00e9zelay.<\/p>\n<p>Telefon: <strong>+33 (0)3 86 32 38 11<\/strong><\/p>\n<p>Garantierte Telefon-Hotline im Winter: + 33 (0)3 86 32 38 11<\/p>\n<p>Mail: <a href=\"mailto:permanence@vezelay-compostelle.eu\">permanence@vezelay-compostelle.eu<\/a><\/p>\n\t\t\t\t\t\t\t\t<\/div>\n\t\t\t\t<\/div>\n\t\t\t\t<div class=\"elementor-element elementor-element-00f7f3a elementor-widget elementor-widget-image\" data-id=\"00f7f3a\" data-element_type=\"widget\" data-e-type=\"widget\" data-widget_type=\"image.default\">\n\t\t\t\t<div class=\"elementor-widget-container\">\n\t\t\t\t\t\t\t\t\t\t\t\t\t\t\t<img decoding=\"async\" src=\"https:\/\/vezelay-compostelle.eu\/wp-content\/uploads\/2023\/11\/Horaire_annuel.jpg\" title=\"\" alt=\"\" loading=\"lazy\" \/>\t\t\t\t\t\t\t\t\t\t\t\t\t\t\t<\/div>\n\t\t\t\t<\/div>\n\t\t\t\t<div class=\"elementor-element elementor-element-6ba75c2 elementor-widget elementor-widget-image\" data-id=\"6ba75c2\" data-element_type=\"widget\" data-e-type=\"widget\" data-widget_type=\"image.default\">\n\t\t\t\t<div class=\"elementor-widget-container\">\n\t\t\t\t\t\t\t\t\t\t\t\t\t\t\t<img fetchpriority=\"high\" decoding=\"async\" width=\"255\" height=\"500\" src=\"https:\/\/vezelay-compostelle.eu\/wp-content\/uploads\/2022\/02\/silhouettephoto-asso.png\" class=\"attachment-large size-large wp-image-6537\" alt=\"Amis et P\u00e8lerins de Saint-Jacques de la Voie de V\u00e9zelay\" srcset=\"https:\/\/vezelay-compostelle.eu\/wp-content\/uploads\/2022\/02\/silhouettephoto-asso.png 255w, https:\/\/vezelay-compostelle.eu\/wp-content\/uploads\/2022\/02\/silhouettephoto-asso-153x300.png 153w\" sizes=\"(max-width: 255px) 100vw, 255px\" \/>\t\t\t\t\t\t\t\t\t\t\t\t\t\t\t<\/div>\n\t\t\t\t<\/div>\n\t\t\t\t<div class=\"elementor-element elementor-element-554c445c elementor-widget elementor-widget-text-editor\" data-id=\"554c445c\" data-element_type=\"widget\" data-e-type=\"widget\" data-widget_type=\"text-editor.default\">\n\t\t\t\t<div class=\"elementor-widget-container\">\n\t\t\t\t\t\t\t\t\t<p>Sie werden von ehemaligen Pilgern begr\u00fc\u00dft, die Ihnen die notwendigen Informationen f\u00fcr Ihre Pilgerreise geben werden.<\/p>\n<p>Hier k\u00f6nnen Sie die Credencial und die F\u00fchrer erwerben, die Beschreibung des Weges mit der Liste der Unterk\u00fcnfte einsehen, sich auch \u00fcber den Verein und die Hilfe, die er den Pilgern bietet, informieren und eventuell <a href=\"https:\/\/vezelay-compostelle.eu\/de\/dem-verein-beitreten\/\">Mitglied werden<\/a> <a href=\"https:\/\/vezelay-compostelle.eu\/de\/freiwilliger-werden\/\">und als Freiwilliger mitarbeiten<\/a>.<\/p>\n\t\t\t\t\t\t\t\t<\/div>\n\t\t\t\t<\/div>\n\t\t\t\t\t<\/div>\n\t\t<\/div>\n\t\t\t\t\t<\/div>\n\t\t<\/section>\n\t\t\t\t<section class=\"elementor-section elementor-top-section elementor-element elementor-element-68ba571 elementor-section-boxed elementor-section-height-default elementor-section-height-default\" data-id=\"68ba571\" data-element_type=\"section\" data-e-type=\"section\">\n\t\t\t\t\t\t<div class=\"elementor-container elementor-column-gap-default\">\n\t\t\t\t\t<div class=\"elementor-column elementor-col-100 elementor-top-column elementor-element elementor-element-8823ebb\" data-id=\"8823ebb\" data-element_type=\"column\" data-e-type=\"column\">\n\t\t\t<div class=\"elementor-widget-wrap elementor-element-populated\">\n\t\t\t\t\t\t<div class=\"elementor-element elementor-element-de1b77d title-underline elementor-widget elementor-widget-heading\" data-id=\"de1b77d\" data-element_type=\"widget\" data-e-type=\"widget\" data-widget_type=\"heading.default\">\n\t\t\t\t<div class=\"elementor-widget-container\">\n\t\t\t\t\t<h2 class=\"elementor-heading-title elementor-size-default\"><a href=\"https:\/\/vezelay-compostelle.eu\/statistiques\/\" target=\"_blank\">Besucher\/innen, die in der Permanenz in V\u00e9zelay empfangen werden, im Jahr 2022 <\/a><\/h2>\t\t\t\t<\/div>\n\t\t\t\t<\/div>\n\t\t\t\t\t<\/div>\n\t\t<\/div>\n\t\t\t\t\t<\/div>\n\t\t<\/section>\n\t\t\t\t<\/div>\n\t\t","protected":false},"excerpt":{"rendered":"<p>Unsere Sprechstunde am Hauptsitz des Vereins Der Verein hat ein st\u00e4ndiges B\u00fcro in der Rue Saint-Pierre 24 in V\u00e9zelay. Telefon: +33 (0)3 86 32 38 11 Garantierte Telefon-Hotline im Winter: + 33 (0)3 86 32 38 11 Mail: permanence@vezelay-compostelle.eu Sie werden von ehemaligen Pilgern begr\u00fc\u00dft, die Ihnen die notwendigen Informationen f\u00fcr Ihre Pilgerreise geben werden. [&hellip;]<\/p>\n","protected":false},"author":4,"featured_media":0,"parent":0,"menu_order":0,"comment_status":"closed","ping_status":"closed","template":"elementor_header_footer","meta":{"_acf_changed":false,"footnotes":""},"class_list":["post-7217","page","type-page","status-publish","hentry"],"acf":[],"yoast_head":"<!-- This site is optimized with the Yoast SEO plugin v27.3 - https:\/\/yoast.com\/product\/yoast-seo-wordpress\/ -->\n<title>Die Permanenz - V\u00e9zelay Compostelle<\/title>\n<meta name=\"robots\" content=\"index, follow, max-snippet:-1, max-image-preview:large, max-video-preview:-1\" \/>\n<link rel=\"canonical\" href=\"https:\/\/vezelay-compostelle.eu\/de\/die-permanenz\/\" \/>\n<meta property=\"og:locale\" content=\"de_DE\" \/>\n<meta property=\"og:type\" content=\"article\" \/>\n<meta property=\"og:title\" content=\"Die Permanenz - V\u00e9zelay Compostelle\" \/>\n<meta property=\"og:description\" content=\"Unsere Sprechstunde am Hauptsitz des Vereins Der Verein hat ein st\u00e4ndiges B\u00fcro in der Rue Saint-Pierre 24 in V\u00e9zelay. Telefon: +33 (0)3 86 32 38 11 Garantierte Telefon-Hotline im Winter: + 33 (0)3 86 32 38 11 Mail: permanence@vezelay-compostelle.eu Sie werden von ehemaligen Pilgern begr\u00fc\u00dft, die Ihnen die notwendigen Informationen f\u00fcr Ihre Pilgerreise geben werden. [&hellip;]\" \/>\n<meta property=\"og:url\" content=\"https:\/\/vezelay-compostelle.eu\/de\/die-permanenz\/\" \/>\n<meta property=\"og:site_name\" content=\"V\u00e9zelay Compostelle\" \/>\n<meta property=\"article:modified_time\" content=\"2023-11-22T12:49:48+00:00\" \/>\n<meta property=\"og:image\" content=\"https:\/\/vezelay-compostelle.eu\/wp-content\/uploads\/2023\/11\/Horaire_annuel-1024x520.jpg\" \/>\n<meta name=\"twitter:card\" content=\"summary_large_image\" \/>\n<meta name=\"twitter:label1\" content=\"Gesch\u00e4tzte Lesezeit\" \/>\n\t<meta name=\"twitter:data1\" content=\"1\u00a0Minute\" \/>\n<script type=\"application\/ld+json\" class=\"yoast-schema-graph\">{\"@context\":\"https:\\\/\\\/schema.org\",\"@graph\":[{\"@type\":\"WebPage\",\"@id\":\"https:\\\/\\\/vezelay-compostelle.eu\\\/de\\\/die-permanenz\\\/\",\"url\":\"https:\\\/\\\/vezelay-compostelle.eu\\\/de\\\/die-permanenz\\\/\",\"name\":\"Die Permanenz - V\u00e9zelay Compostelle\",\"isPartOf\":{\"@id\":\"https:\\\/\\\/vezelay-compostelle.eu\\\/de\\\/#website\"},\"primaryImageOfPage\":{\"@id\":\"https:\\\/\\\/vezelay-compostelle.eu\\\/de\\\/die-permanenz\\\/#primaryimage\"},\"image\":{\"@id\":\"https:\\\/\\\/vezelay-compostelle.eu\\\/de\\\/die-permanenz\\\/#primaryimage\"},\"thumbnailUrl\":\"https:\\\/\\\/vezelay-compostelle.eu\\\/wp-content\\\/uploads\\\/2023\\\/11\\\/Horaire_annuel-1024x520.jpg\",\"datePublished\":\"2022-03-09T15:28:25+00:00\",\"dateModified\":\"2023-11-22T12:49:48+00:00\",\"breadcrumb\":{\"@id\":\"https:\\\/\\\/vezelay-compostelle.eu\\\/de\\\/die-permanenz\\\/#breadcrumb\"},\"inLanguage\":\"de\",\"potentialAction\":[{\"@type\":\"ReadAction\",\"target\":[\"https:\\\/\\\/vezelay-compostelle.eu\\\/de\\\/die-permanenz\\\/\"]}]},{\"@type\":\"ImageObject\",\"inLanguage\":\"de\",\"@id\":\"https:\\\/\\\/vezelay-compostelle.eu\\\/de\\\/die-permanenz\\\/#primaryimage\",\"url\":\"https:\\\/\\\/vezelay-compostelle.eu\\\/wp-content\\\/uploads\\\/2023\\\/11\\\/Horaire_annuel-1024x520.jpg\",\"contentUrl\":\"https:\\\/\\\/vezelay-compostelle.eu\\\/wp-content\\\/uploads\\\/2023\\\/11\\\/Horaire_annuel-1024x520.jpg\"},{\"@type\":\"BreadcrumbList\",\"@id\":\"https:\\\/\\\/vezelay-compostelle.eu\\\/de\\\/die-permanenz\\\/#breadcrumb\",\"itemListElement\":[{\"@type\":\"ListItem\",\"position\":1,\"name\":\"Accueil\",\"item\":\"https:\\\/\\\/vezelay-compostelle.eu\\\/de\\\/startseite\\\/\"},{\"@type\":\"ListItem\",\"position\":2,\"name\":\"Die Permanenz\"}]},{\"@type\":\"WebSite\",\"@id\":\"https:\\\/\\\/vezelay-compostelle.eu\\\/de\\\/#website\",\"url\":\"https:\\\/\\\/vezelay-compostelle.eu\\\/de\\\/\",\"name\":\"V\u00e9zelay Compostelle\",\"description\":\"\",\"publisher\":{\"@id\":\"https:\\\/\\\/vezelay-compostelle.eu\\\/de\\\/#organization\"},\"potentialAction\":[{\"@type\":\"SearchAction\",\"target\":{\"@type\":\"EntryPoint\",\"urlTemplate\":\"https:\\\/\\\/vezelay-compostelle.eu\\\/de\\\/?s={search_term_string}\"},\"query-input\":{\"@type\":\"PropertyValueSpecification\",\"valueRequired\":true,\"valueName\":\"search_term_string\"}}],\"inLanguage\":\"de\"},{\"@type\":\"Organization\",\"@id\":\"https:\\\/\\\/vezelay-compostelle.eu\\\/de\\\/#organization\",\"name\":\"V\u00e9zelay Compostelle\",\"url\":\"https:\\\/\\\/vezelay-compostelle.eu\\\/de\\\/\",\"logo\":{\"@type\":\"ImageObject\",\"inLanguage\":\"de\",\"@id\":\"https:\\\/\\\/vezelay-compostelle.eu\\\/de\\\/#\\\/schema\\\/logo\\\/image\\\/\",\"url\":\"https:\\\/\\\/vezelay-compostelle.eu\\\/wp-content\\\/uploads\\\/2023\\\/08\\\/logo-amis_et_pelerins.png\",\"contentUrl\":\"https:\\\/\\\/vezelay-compostelle.eu\\\/wp-content\\\/uploads\\\/2023\\\/08\\\/logo-amis_et_pelerins.png\",\"width\":269,\"height\":308,\"caption\":\"V\u00e9zelay Compostelle\"},\"image\":{\"@id\":\"https:\\\/\\\/vezelay-compostelle.eu\\\/de\\\/#\\\/schema\\\/logo\\\/image\\\/\"}}]}<\/script>\n<!-- \/ Yoast SEO plugin. -->","yoast_head_json":{"title":"Die Permanenz - V\u00e9zelay Compostelle","robots":{"index":"index","follow":"follow","max-snippet":"max-snippet:-1","max-image-preview":"max-image-preview:large","max-video-preview":"max-video-preview:-1"},"canonical":"https:\/\/vezelay-compostelle.eu\/de\/die-permanenz\/","og_locale":"de_DE","og_type":"article","og_title":"Die Permanenz - V\u00e9zelay Compostelle","og_description":"Unsere Sprechstunde am Hauptsitz des Vereins Der Verein hat ein st\u00e4ndiges B\u00fcro in der Rue Saint-Pierre 24 in V\u00e9zelay. Telefon: +33 (0)3 86 32 38 11 Garantierte Telefon-Hotline im Winter: + 33 (0)3 86 32 38 11 Mail: permanence@vezelay-compostelle.eu Sie werden von ehemaligen Pilgern begr\u00fc\u00dft, die Ihnen die notwendigen Informationen f\u00fcr Ihre Pilgerreise geben werden. [&hellip;]","og_url":"https:\/\/vezelay-compostelle.eu\/de\/die-permanenz\/","og_site_name":"V\u00e9zelay Compostelle","article_modified_time":"2023-11-22T12:49:48+00:00","og_image":[{"url":"https:\/\/vezelay-compostelle.eu\/wp-content\/uploads\/2023\/11\/Horaire_annuel-1024x520.jpg","type":"","width":"","height":""}],"twitter_card":"summary_large_image","twitter_misc":{"Gesch\u00e4tzte Lesezeit":"1\u00a0Minute"},"schema":{"@context":"https:\/\/schema.org","@graph":[{"@type":"WebPage","@id":"https:\/\/vezelay-compostelle.eu\/de\/die-permanenz\/","url":"https:\/\/vezelay-compostelle.eu\/de\/die-permanenz\/","name":"Die Permanenz - V\u00e9zelay Compostelle","isPartOf":{"@id":"https:\/\/vezelay-compostelle.eu\/de\/#website"},"primaryImageOfPage":{"@id":"https:\/\/vezelay-compostelle.eu\/de\/die-permanenz\/#primaryimage"},"image":{"@id":"https:\/\/vezelay-compostelle.eu\/de\/die-permanenz\/#primaryimage"},"thumbnailUrl":"https:\/\/vezelay-compostelle.eu\/wp-content\/uploads\/2023\/11\/Horaire_annuel-1024x520.jpg","datePublished":"2022-03-09T15:28:25+00:00","dateModified":"2023-11-22T12:49:48+00:00","breadcrumb":{"@id":"https:\/\/vezelay-compostelle.eu\/de\/die-permanenz\/#breadcrumb"},"inLanguage":"de","potentialAction":[{"@type":"ReadAction","target":["https:\/\/vezelay-compostelle.eu\/de\/die-permanenz\/"]}]},{"@type":"ImageObject","inLanguage":"de","@id":"https:\/\/vezelay-compostelle.eu\/de\/die-permanenz\/#primaryimage","url":"https:\/\/vezelay-compostelle.eu\/wp-content\/uploads\/2023\/11\/Horaire_annuel-1024x520.jpg","contentUrl":"https:\/\/vezelay-compostelle.eu\/wp-content\/uploads\/2023\/11\/Horaire_annuel-1024x520.jpg"},{"@type":"BreadcrumbList","@id":"https:\/\/vezelay-compostelle.eu\/de\/die-permanenz\/#breadcrumb","itemListElement":[{"@type":"ListItem","position":1,"name":"Accueil","item":"https:\/\/vezelay-compostelle.eu\/de\/startseite\/"},{"@type":"ListItem","position":2,"name":"Die Permanenz"}]},{"@type":"WebSite","@id":"https:\/\/vezelay-compostelle.eu\/de\/#website","url":"https:\/\/vezelay-compostelle.eu\/de\/","name":"V\u00e9zelay Compostelle","description":"","publisher":{"@id":"https:\/\/vezelay-compostelle.eu\/de\/#organization"},"potentialAction":[{"@type":"SearchAction","target":{"@type":"EntryPoint","urlTemplate":"https:\/\/vezelay-compostelle.eu\/de\/?s={search_term_string}"},"query-input":{"@type":"PropertyValueSpecification","valueRequired":true,"valueName":"search_term_string"}}],"inLanguage":"de"},{"@type":"Organization","@id":"https:\/\/vezelay-compostelle.eu\/de\/#organization","name":"V\u00e9zelay Compostelle","url":"https:\/\/vezelay-compostelle.eu\/de\/","logo":{"@type":"ImageObject","inLanguage":"de","@id":"https:\/\/vezelay-compostelle.eu\/de\/#\/schema\/logo\/image\/","url":"https:\/\/vezelay-compostelle.eu\/wp-content\/uploads\/2023\/08\/logo-amis_et_pelerins.png","contentUrl":"https:\/\/vezelay-compostelle.eu\/wp-content\/uploads\/2023\/08\/logo-amis_et_pelerins.png","width":269,"height":308,"caption":"V\u00e9zelay Compostelle"},"image":{"@id":"https:\/\/vezelay-compostelle.eu\/de\/#\/schema\/logo\/image\/"}}]}},"_links":{"self":[{"href":"https:\/\/vezelay-compostelle.eu\/de\/wp-json\/wp\/v2\/pages\/7217","targetHints":{"allow":["GET"]}}],"collection":[{"href":"https:\/\/vezelay-compostelle.eu\/de\/wp-json\/wp\/v2\/pages"}],"about":[{"href":"https:\/\/vezelay-compostelle.eu\/de\/wp-json\/wp\/v2\/types\/page"}],"author":[{"embeddable":true,"href":"https:\/\/vezelay-compostelle.eu\/de\/wp-json\/wp\/v2\/users\/4"}],"replies":[{"embeddable":true,"href":"https:\/\/vezelay-compostelle.eu\/de\/wp-json\/wp\/v2\/comments?post=7217"}],"version-history":[{"count":9,"href":"https:\/\/vezelay-compostelle.eu\/de\/wp-json\/wp\/v2\/pages\/7217\/revisions"}],"predecessor-version":[{"id":11939,"href":"https:\/\/vezelay-compostelle.eu\/de\/wp-json\/wp\/v2\/pages\/7217\/revisions\/11939"}],"wp:attachment":[{"href":"https:\/\/vezelay-compostelle.eu\/de\/wp-json\/wp\/v2\/media?parent=7217"}],"curies":[{"name":"wp","href":"https:\/\/api.w.org\/{rel}","templated":true}]}}