{"id":7156,"date":"2022-10-13T11:14:29","date_gmt":"2022-10-13T09:14:29","guid":{"rendered":"https:\/\/vezelay-compostelle.eu\/shop\/"},"modified":"2023-11-07T16:37:51","modified_gmt":"2023-11-07T15:37:51","slug":"shop","status":"publish","type":"page","link":"https:\/\/vezelay-compostelle.eu\/de\/shop\/","title":{"rendered":"Shop"},"content":{"rendered":"\t\t<div data-elementor-type=\"wp-page\" data-elementor-id=\"7156\" class=\"elementor elementor-7156 elementor-4495\" data-elementor-post-type=\"page\">\n\t\t\t\t\t\t<section class=\"elementor-section elementor-top-section elementor-element elementor-element-9860b1e elementor-section-boxed elementor-section-height-default elementor-section-height-default\" data-id=\"9860b1e\" data-element_type=\"section\" data-e-type=\"section\">\n\t\t\t\t\t\t<div class=\"elementor-container elementor-column-gap-default\">\n\t\t\t\t\t<div class=\"elementor-column elementor-col-100 elementor-top-column elementor-element elementor-element-11ff146\" data-id=\"11ff146\" data-element_type=\"column\" data-e-type=\"column\">\n\t\t\t<div class=\"elementor-widget-wrap elementor-element-populated\">\n\t\t\t\t\t\t<div class=\"elementor-element elementor-element-2f6aecf title-underline elementor-widget elementor-widget-heading\" data-id=\"2f6aecf\" data-element_type=\"widget\" data-e-type=\"widget\" data-widget_type=\"heading.default\">\n\t\t\t\t<div class=\"elementor-widget-container\">\n\t\t\t\t\t<h1 class=\"elementor-heading-title elementor-size-default\">Shop<\/h1>\t\t\t\t<\/div>\n\t\t\t\t<\/div>\n\t\t\t\t<div class=\"elementor-element elementor-element-af0db06 elementor-widget elementor-widget-text-editor\" data-id=\"af0db06\" data-element_type=\"widget\" data-e-type=\"widget\" data-widget_type=\"text-editor.default\">\n\t\t\t\t<div class=\"elementor-widget-container\">\n\t\t\t\t\t\t\t\t\t<p><strong>Die angebotenen Artikel sind auch in V\u00e9zelay und in unseren f\u00fcnf Refugien erh\u00e4ltlich.<\/strong><\/p>\n\t\t\t\t\t\t\t\t<\/div>\n\t\t\t\t<\/div>\n\t\t\t\t\t<\/div>\n\t\t<\/div>\n\t\t\t\t\t<\/div>\n\t\t<\/section>\n\t\t\t\t<section class=\"elementor-section elementor-top-section elementor-element elementor-element-a740645 elementor-section-boxed elementor-section-height-default elementor-section-height-default\" data-id=\"a740645\" data-element_type=\"section\" data-e-type=\"section\">\n\t\t\t\t\t\t<div class=\"elementor-container elementor-column-gap-default\">\n\t\t\t\t\t<div class=\"elementor-column elementor-col-100 elementor-top-column elementor-element elementor-element-ee1a623\" data-id=\"ee1a623\" data-element_type=\"column\" data-e-type=\"column\">\n\t\t\t<div class=\"elementor-widget-wrap elementor-element-populated\">\n\t\t\t\t\t\t<div class=\"elementor-element elementor-element-9f68aee elementor-widget elementor-widget-menu-anchor\" data-id=\"9f68aee\" data-element_type=\"widget\" data-e-type=\"widget\" data-widget_type=\"menu-anchor.default\">\n\t\t\t\t<div class=\"elementor-widget-container\">\n\t\t\t\t\t\t\t<div class=\"elementor-menu-anchor\" id=\"Mitgliedschaft\"><\/div>\n\t\t\t\t\t\t<\/div>\n\t\t\t\t<\/div>\n\t\t\t\t<div class=\"elementor-element elementor-element-d43769d elementor-widget elementor-widget-shortcode\" data-id=\"d43769d\" data-element_type=\"widget\" data-e-type=\"widget\" data-widget_type=\"shortcode.default\">\n\t\t\t\t<div class=\"elementor-widget-container\">\n\t\t\t\t\t\t\t<div class=\"elementor-shortcode\">\n    <div id=\"adhesion\" class=\"nav-anchor\" ><\/div>\n    <h2 class=\"categorie-product-name f-medhurst title-underline color-primary\">Adh\u00e9sion<\/h2>\n    <div class=\"products-list\">\n        <div class=\"product-itemlist\">\n                    <div class=\"product-thumbnail\">\n                        <img decoding=\"async\" src=\"https:\/\/vezelay-compostelle.eu\/wp-content\/uploads\/2023\/03\/logo-APSJVV.png\" alt=\"Adh\u00e9sion\">\n                    <\/div>\n                    <div class=\"product-content\">\n                        <h2 class=\"product-title color-primary\">Adh\u00e9sion<\/h2>\n                        <button class=\"product-buy-button\" data-pid=\"5802\" data-terms=\"[&quot;Adh\\u00e9sion&quot;]\">Ich m\u00f6chte beitreten<\/button>\n                    <\/div>\n                <\/div>    <\/div>\n    <div id=\"credencial\" class=\"nav-anchor\" ><\/div>\n    <h2 class=\"categorie-product-name f-medhurst title-underline color-primary\">Credencial<\/h2>\n    <div class=\"products-list\">\n        <div class=\"product-itemlist\">\n                    <div class=\"product-thumbnail\">\n                        <img decoding=\"async\" src=\"https:\/\/vezelay-compostelle.eu\/wp-content\/uploads\/2025\/04\/credencial-VHV-e1772112149251.jpg\" alt=\"Credencial\">\n                    <\/div>\n                    <div class=\"product-content\">\n                        <h2 class=\"product-title color-primary\">Credencial<\/h2>\n                        <button class=\"product-buy-button\" data-pid=\"5803\" data-terms=\"[&quot;Credencial&quot;]\">Ich m\u00f6chte kaufen<\/button>\n                    <\/div>\n                <\/div>    <\/div>\n    <div id=\"guides\" class=\"nav-anchor\" ><\/div>\n    <h2 class=\"categorie-product-name f-medhurst title-underline color-primary\">Guides<\/h2>\n    <div class=\"products-list\">\n        <div class=\"product-itemlist\">\n                    <div class=\"product-thumbnail\">\n                        <img decoding=\"async\" src=\"https:\/\/vezelay-compostelle.eu\/wp-content\/uploads\/2026\/02\/MMDD-e1772111288371.jpg\" alt=\"Guide Miam Miam Dodo V\u00e9zelay Saint Jean Pied de Port 2026-2027\">\n                    <\/div>\n                    <div class=\"product-content\">\n                        <h2 class=\"product-title color-primary\">Guide Miam Miam Dodo V\u00e9zelay Saint Jean Pied de Port 2026-2027<\/h2>\n                        <button class=\"product-buy-button\" data-pid=\"5804\" data-terms=\"[&quot;Guides&quot;]\">Ich m\u00f6chte kaufen<\/button>\n                    <\/div>\n                <\/div><div class=\"product-itemlist\">\n                    <div class=\"product-thumbnail\">\n                        <img decoding=\"async\" src=\"https:\/\/vezelay-compostelle.eu\/wp-content\/uploads\/2024\/03\/2024-Compostelle-mode-demploi-.jpg\" alt=\"Compostelle Mode d'emploi\">\n                    <\/div>\n                    <div class=\"product-content\">\n                        <h2 class=\"product-title color-primary\">Compostelle Mode d'emploi<\/h2>\n                        <button class=\"product-buy-button\" data-pid=\"5805\" data-terms=\"[&quot;Guides&quot;]\">Ich m\u00f6chte kaufen<\/button>\n                    <\/div>\n                <\/div><div class=\"product-itemlist\">\n                    <div class=\"product-thumbnail\">\n                        <img decoding=\"async\" src=\"https:\/\/vezelay-compostelle.eu\/wp-content\/uploads\/2024\/03\/2024-2025-Lepere-scaled.jpg\" alt=\"Guide Lep\u00e8re chemin de V\u00e9zelay\">\n                    <\/div>\n                    <div class=\"product-content\">\n                        <h2 class=\"product-title color-primary\">Guide Lep\u00e8re chemin de V\u00e9zelay<\/h2>\n                        <button class=\"product-buy-button\" data-pid=\"5808\" data-terms=\"[&quot;Guides&quot;]\">Ich m\u00f6chte kaufen<\/button>\n                    <\/div>\n                <\/div><div class=\"product-itemlist\">\n                    <div class=\"product-thumbnail\">\n                        <img decoding=\"async\" src=\"https:\/\/vezelay-compostelle.eu\/wp-content\/uploads\/2024\/03\/2024-Lepere-Vezelay-Le-Puy-scaled.jpg\" alt=\"Guide Lep\u00e8re V\u00e9zelay - Le Puy En Velay\">\n                    <\/div>\n                    <div class=\"product-content\">\n                        <h2 class=\"product-title color-primary\">Guide Lep\u00e8re V\u00e9zelay - Le Puy En Velay<\/h2>\n                        <button class=\"product-buy-button\" data-pid=\"5809\" data-terms=\"[&quot;Guides&quot;]\">Ich m\u00f6chte kaufen<\/button>\n                    <\/div>\n                <\/div>    <\/div>\n    <div id=\"medaille-et-porte-cle\" class=\"nav-anchor\" ><\/div>\n    <h2 class=\"categorie-product-name f-medhurst title-underline color-primary\">M\u00e9daille et porte-cl\u00e9<\/h2>\n    <div class=\"products-list\">\n        <div class=\"product-itemlist\">\n                    <div class=\"product-thumbnail\">\n                        <img decoding=\"async\" src=\"https:\/\/vezelay-compostelle.eu\/wp-content\/uploads\/2023\/06\/20230628_081248.jpg\" alt=\"M\u00e9daille\">\n                    <\/div>\n                    <div class=\"product-content\">\n                        <h2 class=\"product-title color-primary\">M\u00e9daille<\/h2>\n                        <button class=\"product-buy-button\" data-pid=\"10243\" data-terms=\"[&quot;M\\u00e9daille et porte-cl\\u00e9&quot;]\">Ich m\u00f6chte kaufen<\/button>\n                    <\/div>\n                <\/div><div class=\"product-itemlist\">\n                    <div class=\"product-thumbnail\">\n                        <img decoding=\"async\" src=\"https:\/\/vezelay-compostelle.eu\/wp-content\/uploads\/2023\/10\/porte-cle-medaille-rotate-rotated.jpg\" alt=\"Porte-cl\u00e9 m\u00e9daille\">\n                    <\/div>\n                    <div class=\"product-content\">\n                        <h2 class=\"product-title color-primary\">Porte-cl\u00e9 m\u00e9daille<\/h2>\n                        <button class=\"product-buy-button\" data-pid=\"10242\" data-terms=\"[&quot;M\\u00e9daille et porte-cl\\u00e9&quot;]\">Ich m\u00f6chte kaufen<\/button>\n                    <\/div>\n                <\/div>    <\/div>\n    <div id=\"22-miracles\" class=\"nav-anchor\" ><\/div>\n    <h2 class=\"categorie-product-name f-medhurst title-underline color-primary\">22 Miracles<\/h2>\n    <div class=\"products-list\">\n        <div class=\"product-itemlist\">\n                    <div class=\"product-thumbnail\">\n                        <img decoding=\"async\" src=\"https:\/\/vezelay-compostelle.eu\/wp-content\/uploads\/2024\/07\/produit-22-miracles.jpg\" alt=\"22 Miracles\">\n                    <\/div>\n                    <div class=\"product-content\">\n                        <h2 class=\"product-title color-primary\">22 Miracles<\/h2>\n                        <button class=\"product-buy-button\" data-pid=\"14913\" data-terms=\"[&quot;22 Miracles&quot;]\">Ich m\u00f6chte kaufen<\/button>\n                    <\/div>\n                <\/div>    <\/div>\n    <div id=\"t-shirts\" class=\"nav-anchor\" ><\/div>\n    <h2 class=\"categorie-product-name f-medhurst title-underline color-primary\">T-shirts<\/h2>\n    <div class=\"products-list\">\n        <div class=\"product-itemlist\">\n                    <div class=\"product-thumbnail\">\n                        <img decoding=\"async\" src=\"https:\/\/vezelay-compostelle.eu\/wp-content\/uploads\/2024\/07\/Tee-Shirt-vezelay.jpg\" alt=\"T-shirts\">\n                    <\/div>\n                    <div class=\"product-content\">\n                        <h2 class=\"product-title color-primary\">T-shirts<\/h2>\n                        <button class=\"product-buy-button\" data-pid=\"5811\" data-terms=\"[&quot;T-shirts&quot;]\">Ich m\u00f6chte kaufen<\/button>\n                    <\/div>\n                <\/div>    <\/div>\n    <div id=\"foulards\" class=\"nav-anchor\" ><\/div>\n    <h2 class=\"categorie-product-name f-medhurst title-underline color-primary\">Foulards<\/h2>\n    <div class=\"products-list\">\n        <div class=\"product-itemlist\">\n                    <div class=\"product-thumbnail\">\n                        <img decoding=\"async\" src=\"https:\/\/vezelay-compostelle.eu\/wp-content\/uploads\/2025\/04\/foulard-produit.jpg\" alt=\"Foulard \"voie de V\u00e9zelay\"\">\n                    <\/div>\n                    <div class=\"product-content\">\n                        <h2 class=\"product-title color-primary\">Foulard \"voie de V\u00e9zelay\"<\/h2>\n                        <button class=\"product-buy-button\" data-pid=\"17139\" data-terms=\"[&quot;Foulards&quot;]\">Ich m\u00f6chte kaufen<\/button>\n                    <\/div>\n                <\/div>    <\/div>\n\n\n<\/div>\n\t\t\t\t\t\t<\/div>\n\t\t\t\t<\/div>\n\t\t\t\t\t<\/div>\n\t\t<\/div>\n\t\t\t\t\t<\/div>\n\t\t<\/section>\n\t\t\t\t<\/div>\n\t\t","protected":false},"excerpt":{"rendered":"<p>Shop Die angebotenen Artikel sind auch in V\u00e9zelay und in unseren f\u00fcnf Refugien erh\u00e4ltlich.<\/p>\n","protected":false},"author":4,"featured_media":0,"parent":0,"menu_order":0,"comment_status":"closed","ping_status":"closed","template":"elementor_header_footer","meta":{"_acf_changed":false,"footnotes":""},"class_list":["post-7156","page","type-page","status-publish","hentry"],"acf":[],"yoast_head":"<!-- This site is optimized with the Yoast SEO plugin v27.4 - https:\/\/yoast.com\/product\/yoast-seo-wordpress\/ -->\n<title>Shop - V\u00e9zelay Compostelle<\/title>\n<meta name=\"robots\" content=\"index, follow, max-snippet:-1, max-image-preview:large, max-video-preview:-1\" \/>\n<link rel=\"canonical\" href=\"https:\/\/vezelay-compostelle.eu\/de\/shop\/\" \/>\n<meta property=\"og:locale\" content=\"de_DE\" \/>\n<meta property=\"og:type\" content=\"article\" \/>\n<meta property=\"og:title\" content=\"Shop - V\u00e9zelay Compostelle\" \/>\n<meta property=\"og:description\" content=\"Shop Die angebotenen Artikel sind auch in V\u00e9zelay und in unseren f\u00fcnf Refugien erh\u00e4ltlich.\" \/>\n<meta property=\"og:url\" content=\"https:\/\/vezelay-compostelle.eu\/de\/shop\/\" \/>\n<meta property=\"og:site_name\" content=\"V\u00e9zelay Compostelle\" \/>\n<meta property=\"article:modified_time\" content=\"2023-11-07T15:37:51+00:00\" \/>\n<meta name=\"twitter:card\" content=\"summary_large_image\" \/>\n<script type=\"application\/ld+json\" class=\"yoast-schema-graph\">{\"@context\":\"https:\\\/\\\/schema.org\",\"@graph\":[{\"@type\":\"WebPage\",\"@id\":\"https:\\\/\\\/vezelay-compostelle.eu\\\/de\\\/shop\\\/\",\"url\":\"https:\\\/\\\/vezelay-compostelle.eu\\\/de\\\/shop\\\/\",\"name\":\"Shop - V\u00e9zelay Compostelle\",\"isPartOf\":{\"@id\":\"https:\\\/\\\/vezelay-compostelle.eu\\\/de\\\/#website\"},\"datePublished\":\"2022-10-13T09:14:29+00:00\",\"dateModified\":\"2023-11-07T15:37:51+00:00\",\"breadcrumb\":{\"@id\":\"https:\\\/\\\/vezelay-compostelle.eu\\\/de\\\/shop\\\/#breadcrumb\"},\"inLanguage\":\"de\",\"potentialAction\":[{\"@type\":\"ReadAction\",\"target\":[\"https:\\\/\\\/vezelay-compostelle.eu\\\/de\\\/shop\\\/\"]}]},{\"@type\":\"BreadcrumbList\",\"@id\":\"https:\\\/\\\/vezelay-compostelle.eu\\\/de\\\/shop\\\/#breadcrumb\",\"itemListElement\":[{\"@type\":\"ListItem\",\"position\":1,\"name\":\"Accueil\",\"item\":\"https:\\\/\\\/vezelay-compostelle.eu\\\/de\\\/startseite\\\/\"},{\"@type\":\"ListItem\",\"position\":2,\"name\":\"Shop\"}]},{\"@type\":\"WebSite\",\"@id\":\"https:\\\/\\\/vezelay-compostelle.eu\\\/de\\\/#website\",\"url\":\"https:\\\/\\\/vezelay-compostelle.eu\\\/de\\\/\",\"name\":\"V\u00e9zelay Compostelle\",\"description\":\"\",\"publisher\":{\"@id\":\"https:\\\/\\\/vezelay-compostelle.eu\\\/de\\\/#organization\"},\"potentialAction\":[{\"@type\":\"SearchAction\",\"target\":{\"@type\":\"EntryPoint\",\"urlTemplate\":\"https:\\\/\\\/vezelay-compostelle.eu\\\/de\\\/?s={search_term_string}\"},\"query-input\":{\"@type\":\"PropertyValueSpecification\",\"valueRequired\":true,\"valueName\":\"search_term_string\"}}],\"inLanguage\":\"de\"},{\"@type\":\"Organization\",\"@id\":\"https:\\\/\\\/vezelay-compostelle.eu\\\/de\\\/#organization\",\"name\":\"V\u00e9zelay Compostelle\",\"url\":\"https:\\\/\\\/vezelay-compostelle.eu\\\/de\\\/\",\"logo\":{\"@type\":\"ImageObject\",\"inLanguage\":\"de\",\"@id\":\"https:\\\/\\\/vezelay-compostelle.eu\\\/de\\\/#\\\/schema\\\/logo\\\/image\\\/\",\"url\":\"https:\\\/\\\/vezelay-compostelle.eu\\\/wp-content\\\/uploads\\\/2023\\\/08\\\/logo-amis_et_pelerins.png\",\"contentUrl\":\"https:\\\/\\\/vezelay-compostelle.eu\\\/wp-content\\\/uploads\\\/2023\\\/08\\\/logo-amis_et_pelerins.png\",\"width\":269,\"height\":308,\"caption\":\"V\u00e9zelay Compostelle\"},\"image\":{\"@id\":\"https:\\\/\\\/vezelay-compostelle.eu\\\/de\\\/#\\\/schema\\\/logo\\\/image\\\/\"}}]}<\/script>\n<!-- \/ Yoast SEO plugin. -->","yoast_head_json":{"title":"Shop - V\u00e9zelay Compostelle","robots":{"index":"index","follow":"follow","max-snippet":"max-snippet:-1","max-image-preview":"max-image-preview:large","max-video-preview":"max-video-preview:-1"},"canonical":"https:\/\/vezelay-compostelle.eu\/de\/shop\/","og_locale":"de_DE","og_type":"article","og_title":"Shop - V\u00e9zelay Compostelle","og_description":"Shop Die angebotenen Artikel sind auch in V\u00e9zelay und in unseren f\u00fcnf Refugien erh\u00e4ltlich.","og_url":"https:\/\/vezelay-compostelle.eu\/de\/shop\/","og_site_name":"V\u00e9zelay Compostelle","article_modified_time":"2023-11-07T15:37:51+00:00","twitter_card":"summary_large_image","schema":{"@context":"https:\/\/schema.org","@graph":[{"@type":"WebPage","@id":"https:\/\/vezelay-compostelle.eu\/de\/shop\/","url":"https:\/\/vezelay-compostelle.eu\/de\/shop\/","name":"Shop - V\u00e9zelay Compostelle","isPartOf":{"@id":"https:\/\/vezelay-compostelle.eu\/de\/#website"},"datePublished":"2022-10-13T09:14:29+00:00","dateModified":"2023-11-07T15:37:51+00:00","breadcrumb":{"@id":"https:\/\/vezelay-compostelle.eu\/de\/shop\/#breadcrumb"},"inLanguage":"de","potentialAction":[{"@type":"ReadAction","target":["https:\/\/vezelay-compostelle.eu\/de\/shop\/"]}]},{"@type":"BreadcrumbList","@id":"https:\/\/vezelay-compostelle.eu\/de\/shop\/#breadcrumb","itemListElement":[{"@type":"ListItem","position":1,"name":"Accueil","item":"https:\/\/vezelay-compostelle.eu\/de\/startseite\/"},{"@type":"ListItem","position":2,"name":"Shop"}]},{"@type":"WebSite","@id":"https:\/\/vezelay-compostelle.eu\/de\/#website","url":"https:\/\/vezelay-compostelle.eu\/de\/","name":"V\u00e9zelay Compostelle","description":"","publisher":{"@id":"https:\/\/vezelay-compostelle.eu\/de\/#organization"},"potentialAction":[{"@type":"SearchAction","target":{"@type":"EntryPoint","urlTemplate":"https:\/\/vezelay-compostelle.eu\/de\/?s={search_term_string}"},"query-input":{"@type":"PropertyValueSpecification","valueRequired":true,"valueName":"search_term_string"}}],"inLanguage":"de"},{"@type":"Organization","@id":"https:\/\/vezelay-compostelle.eu\/de\/#organization","name":"V\u00e9zelay Compostelle","url":"https:\/\/vezelay-compostelle.eu\/de\/","logo":{"@type":"ImageObject","inLanguage":"de","@id":"https:\/\/vezelay-compostelle.eu\/de\/#\/schema\/logo\/image\/","url":"https:\/\/vezelay-compostelle.eu\/wp-content\/uploads\/2023\/08\/logo-amis_et_pelerins.png","contentUrl":"https:\/\/vezelay-compostelle.eu\/wp-content\/uploads\/2023\/08\/logo-amis_et_pelerins.png","width":269,"height":308,"caption":"V\u00e9zelay Compostelle"},"image":{"@id":"https:\/\/vezelay-compostelle.eu\/de\/#\/schema\/logo\/image\/"}}]}},"_links":{"self":[{"href":"https:\/\/vezelay-compostelle.eu\/de\/wp-json\/wp\/v2\/pages\/7156","targetHints":{"allow":["GET"]}}],"collection":[{"href":"https:\/\/vezelay-compostelle.eu\/de\/wp-json\/wp\/v2\/pages"}],"about":[{"href":"https:\/\/vezelay-compostelle.eu\/de\/wp-json\/wp\/v2\/types\/page"}],"author":[{"embeddable":true,"href":"https:\/\/vezelay-compostelle.eu\/de\/wp-json\/wp\/v2\/users\/4"}],"replies":[{"embeddable":true,"href":"https:\/\/vezelay-compostelle.eu\/de\/wp-json\/wp\/v2\/comments?post=7156"}],"version-history":[{"count":4,"href":"https:\/\/vezelay-compostelle.eu\/de\/wp-json\/wp\/v2\/pages\/7156\/revisions"}],"predecessor-version":[{"id":10938,"href":"https:\/\/vezelay-compostelle.eu\/de\/wp-json\/wp\/v2\/pages\/7156\/revisions\/10938"}],"wp:attachment":[{"href":"https:\/\/vezelay-compostelle.eu\/de\/wp-json\/wp\/v2\/media?parent=7156"}],"curies":[{"name":"wp","href":"https:\/\/api.w.org\/{rel}","templated":true}]}}