{"id":7127,"date":"2022-03-10T10:43:39","date_gmt":"2022-03-10T09:43:39","guid":{"rendered":"https:\/\/vezelay-compostelle.eu\/dem-verein-beitreten\/"},"modified":"2023-11-29T10:37:41","modified_gmt":"2023-11-29T09:37:41","slug":"dem-verein-beitreten","status":"publish","type":"page","link":"https:\/\/vezelay-compostelle.eu\/de\/dem-verein-beitreten\/","title":{"rendered":"Dem Verein beitreten"},"content":{"rendered":"\t\t<div data-elementor-type=\"wp-page\" data-elementor-id=\"7127\" class=\"elementor elementor-7127 elementor-3651\" data-elementor-post-type=\"page\">\n\t\t\t\t\t\t<section class=\"elementor-section elementor-top-section elementor-element elementor-element-cbc4d40 elementor-section-boxed elementor-section-height-default elementor-section-height-default\" data-id=\"cbc4d40\" data-element_type=\"section\" data-e-type=\"section\">\n\t\t\t\t\t\t<div class=\"elementor-container elementor-column-gap-default\">\n\t\t\t\t\t<div class=\"elementor-column elementor-col-100 elementor-top-column elementor-element elementor-element-e5f7f01\" data-id=\"e5f7f01\" data-element_type=\"column\" data-e-type=\"column\">\n\t\t\t<div class=\"elementor-widget-wrap elementor-element-populated\">\n\t\t\t\t\t\t<div class=\"elementor-element elementor-element-5328333 elementor-widget elementor-widget-text-editor\" data-id=\"5328333\" data-element_type=\"widget\" data-e-type=\"widget\" data-widget_type=\"text-editor.default\">\n\t\t\t\t<div class=\"elementor-widget-container\">\n\t\t\t\t\t\t\t\t\t<p>Unser Verein besteht nur aus Freiwilligen, die sich daf\u00fcr einsetzen, dass der Pilger vor, w\u00e4hrend und nach seinem Weg alles findet, was er braucht. Alle diese Freiwilligen bilden ein dynamisches Team im Dienste des Pilgers.<\/p>\n<p>Sie halten die Permanenz, um den Pilgern bei ihrer Abreise aus V\u00e9zelay Auskunft zu geben. Sie \u00fcberpr\u00fcfen jedes Jahr oder sogar zweimal im Jahr die Markierungen, damit der Pilger auf dem richtigen Kurs nach Santiago de Compostela bleibt.<\/p>\n<p>Sie betreuen unsere f\u00fcnf Bergh\u00fctten, was nicht weniger als 72 Hospitaler-Teams ausmacht!<\/p>\n<p>All das sind gute Gr\u00fcnde, warum auch Sie Mitglied werden und sich einem unserer Teams anschlie\u00dfen sollten! Mitgliedschaft: siehe <a href=\"https:\/\/vezelay-compostelle.eu\/de\/shop\/\">Shop<\/a>.<\/p>\n<p align=\"justify\">Geografische Verteilung unserer Mitglieder f\u00fcr das Jahr 2022: <a href=\"https:\/\/vezelay-compostelle.eu\/wp-content\/uploads\/2023\/09\/2022-carte-geographique-des-adherents.pdf\" target=\"_blank\" rel=\"noopener\">siehe Karte<\/a><\/p>\n<p align=\"justify\">\n\t\t\t\t\t\t\t\t<\/div>\n\t\t\t\t<\/div>\n\t\t\t\t\t<\/div>\n\t\t<\/div>\n\t\t\t\t\t<\/div>\n\t\t<\/section>\n\t\t\t\t<section class=\"elementor-section elementor-top-section elementor-element elementor-element-160fad61 elementor-section-full_width elementor-section-height-default elementor-section-height-default\" data-id=\"160fad61\" data-element_type=\"section\" data-e-type=\"section\" data-settings=\"{&quot;background_background&quot;:&quot;classic&quot;}\">\n\t\t\t\t\t\t<div class=\"elementor-container elementor-column-gap-default\">\n\t\t\t\t\t<div class=\"elementor-column elementor-col-100 elementor-top-column elementor-element elementor-element-76c46db0\" data-id=\"76c46db0\" data-element_type=\"column\" data-e-type=\"column\">\n\t\t\t<div class=\"elementor-widget-wrap elementor-element-populated\">\n\t\t\t\t\t\t<div class=\"elementor-element elementor-element-79100717 elementor-widget elementor-widget-menu-anchor\" data-id=\"79100717\" data-element_type=\"widget\" data-e-type=\"widget\" data-widget_type=\"menu-anchor.default\">\n\t\t\t\t<div class=\"elementor-widget-container\">\n\t\t\t\t\t\t\t<div class=\"elementor-menu-anchor\" id=\"verbinden\"><\/div>\n\t\t\t\t\t\t<\/div>\n\t\t\t\t<\/div>\n\t\t\t\t<section class=\"elementor-section elementor-inner-section elementor-element elementor-element-5c03573f elementor-section-content-middle elementor-section-boxed elementor-section-height-default elementor-section-height-default\" data-id=\"5c03573f\" data-element_type=\"section\" data-e-type=\"section\">\n\t\t\t\t\t\t<div class=\"elementor-container elementor-column-gap-default\">\n\t\t\t\t\t<div class=\"elementor-column elementor-col-50 elementor-inner-column elementor-element elementor-element-5f97fc33\" data-id=\"5f97fc33\" data-element_type=\"column\" data-e-type=\"column\">\n\t\t\t<div class=\"elementor-widget-wrap elementor-element-populated\">\n\t\t\t\t\t\t<div class=\"elementor-element elementor-element-1c239e37 elementor-widget elementor-widget-text-editor\" data-id=\"1c239e37\" data-element_type=\"widget\" data-e-type=\"widget\" data-widget_type=\"text-editor.default\">\n\t\t\t\t<div class=\"elementor-widget-container\">\n\t\t\t\t\t\t\t\t\t<p>H\u00f6he der Beitr\u00e4ge f\u00fcr aktive Mitglieder :<\/p>\n<ul class=\"design-list\">\n<li>Einzelperson unter 18 Jahren: 5 \u20ac.<\/li>\n<li>Einzelperson von 18 bis 25 Jahren: 14 \u20ac.<\/li>\n<li>Einzelperson \u00fcber 25 Jahre: 28 \u20ac.<\/li>\n<li>Paar: 38 \u20ac<\/li>\n<li>Unterst\u00fctzungsbeitrag: frei<i><\/i><\/li>\n<li>Mitgliedsbeitrag juristische Person: 28 \u20ac.<\/li>\n<\/ul>\n\t\t\t\t\t\t\t\t<\/div>\n\t\t\t\t<\/div>\n\t\t\t\t\t<\/div>\n\t\t<\/div>\n\t\t\t\t<div class=\"elementor-column elementor-col-50 elementor-inner-column elementor-element elementor-element-1cd53248\" data-id=\"1cd53248\" data-element_type=\"column\" data-e-type=\"column\" id=\"la-voie-de-vezelay\" data-settings=\"{&quot;background_background&quot;:&quot;classic&quot;}\">\n\t\t\t<div class=\"elementor-widget-wrap elementor-element-populated\">\n\t\t\t\t\t\t<div class=\"elementor-element elementor-element-79de2e90 elementor-widget elementor-widget-heading\" data-id=\"79de2e90\" data-element_type=\"widget\" data-e-type=\"widget\" data-widget_type=\"heading.default\">\n\t\t\t\t<div class=\"elementor-widget-container\">\n\t\t\t\t\t<h1 class=\"elementor-heading-title elementor-size-default\">Dem Verein beitreten<\/h1>\t\t\t\t<\/div>\n\t\t\t\t<\/div>\n\t\t\t\t<div class=\"elementor-element elementor-element-3f338738 elementor-widget-divider--view-line elementor-widget elementor-widget-divider\" data-id=\"3f338738\" data-element_type=\"widget\" data-e-type=\"widget\" data-widget_type=\"divider.default\">\n\t\t\t\t<div class=\"elementor-widget-container\">\n\t\t\t\t\t\t\t<div class=\"elementor-divider\">\n\t\t\t<span class=\"elementor-divider-separator\">\n\t\t\t\t\t\t<\/span>\n\t\t<\/div>\n\t\t\t\t\t\t<\/div>\n\t\t\t\t<\/div>\n\t\t\t\t<div class=\"elementor-element elementor-element-22a69053 elementor-hidden-mobile elementor-widget elementor-widget-spacer\" data-id=\"22a69053\" data-element_type=\"widget\" data-e-type=\"widget\" data-widget_type=\"spacer.default\">\n\t\t\t\t<div class=\"elementor-widget-container\">\n\t\t\t\t\t\t\t<div class=\"elementor-spacer\">\n\t\t\t<div class=\"elementor-spacer-inner\"><\/div>\n\t\t<\/div>\n\t\t\t\t\t\t<\/div>\n\t\t\t\t<\/div>\n\t\t\t\t<div class=\"elementor-element elementor-element-6e272c51 elementor-widget elementor-widget-text-editor\" data-id=\"6e272c51\" data-element_type=\"widget\" data-e-type=\"widget\" data-widget_type=\"text-editor.default\">\n\t\t\t\t<div class=\"elementor-widget-container\">\n\t\t\t\t\t\t\t\t\t<p>Ihre Mitgliedschaft erm\u00f6glicht es dem Verein, die Einrichtung, materielle Ausstattung und Instandhaltung der H\u00fctten fortzusetzen, sowie die Instandhaltung der Wegmarkierung, die Betriebskosten und eine Sprechstunde in V\u00e9zelay zu gew\u00e4hrleisten.<\/p>\n<p>F\u00fcr Ihre n\u00e4chste Pilgerreise stellt Ihnen der Verein kostenlos Ihr Glaubensbekenntnis aus.<\/p>\n\t\t\t\t\t\t\t\t<\/div>\n\t\t\t\t<\/div>\n\t\t\t\t<div class=\"elementor-element elementor-element-f5bc91e elementor-align-center elementor-widget elementor-widget-button\" data-id=\"f5bc91e\" data-element_type=\"widget\" data-e-type=\"widget\" data-widget_type=\"button.default\">\n\t\t\t\t<div class=\"elementor-widget-container\">\n\t\t\t\t\t\t\t\t\t<div class=\"elementor-button-wrapper\">\n\t\t\t\t\t<a class=\"elementor-button elementor-button-link elementor-size-sm\" href=\"https:\/\/vezelay-compostelle.eu\/de\/shop\/\">\n\t\t\t\t\t\t<span class=\"elementor-button-content-wrapper\">\n\t\t\t\t\t\t\t\t\t<span class=\"elementor-button-text\">Verbinden<\/span>\n\t\t\t\t\t<\/span>\n\t\t\t\t\t<\/a>\n\t\t\t\t<\/div>\n\t\t\t\t\t\t\t\t<\/div>\n\t\t\t\t<\/div>\n\t\t\t\t\t<\/div>\n\t\t<\/div>\n\t\t\t\t\t<\/div>\n\t\t<\/section>\n\t\t\t\t\t<\/div>\n\t\t<\/div>\n\t\t\t\t\t<\/div>\n\t\t<\/section>\n\t\t\t\t<\/div>\n\t\t","protected":false},"excerpt":{"rendered":"<p>Unser Verein besteht nur aus Freiwilligen, die sich daf\u00fcr einsetzen, dass der Pilger vor, w\u00e4hrend und nach seinem Weg alles findet, was er braucht. Alle diese Freiwilligen bilden ein dynamisches Team im Dienste des Pilgers. Sie halten die Permanenz, um den Pilgern bei ihrer Abreise aus V\u00e9zelay Auskunft zu geben. Sie \u00fcberpr\u00fcfen jedes Jahr oder [&hellip;]<\/p>\n","protected":false},"author":4,"featured_media":0,"parent":0,"menu_order":0,"comment_status":"closed","ping_status":"closed","template":"elementor_header_footer","meta":{"_acf_changed":false,"footnotes":""},"class_list":["post-7127","page","type-page","status-publish","hentry"],"acf":[],"yoast_head":"<!-- This site is optimized with the Yoast SEO plugin v27.4 - https:\/\/yoast.com\/product\/yoast-seo-wordpress\/ -->\n<title>Dem Verein beitreten - V\u00e9zelay Compostelle<\/title>\n<meta name=\"robots\" content=\"index, follow, max-snippet:-1, max-image-preview:large, max-video-preview:-1\" \/>\n<link rel=\"canonical\" href=\"https:\/\/vezelay-compostelle.eu\/de\/dem-verein-beitreten\/\" \/>\n<meta property=\"og:locale\" content=\"de_DE\" \/>\n<meta property=\"og:type\" content=\"article\" \/>\n<meta property=\"og:title\" content=\"Dem Verein beitreten - V\u00e9zelay Compostelle\" \/>\n<meta property=\"og:description\" content=\"Unser Verein besteht nur aus Freiwilligen, die sich daf\u00fcr einsetzen, dass der Pilger vor, w\u00e4hrend und nach seinem Weg alles findet, was er braucht. Alle diese Freiwilligen bilden ein dynamisches Team im Dienste des Pilgers. Sie halten die Permanenz, um den Pilgern bei ihrer Abreise aus V\u00e9zelay Auskunft zu geben. Sie \u00fcberpr\u00fcfen jedes Jahr oder [&hellip;]\" \/>\n<meta property=\"og:url\" content=\"https:\/\/vezelay-compostelle.eu\/de\/dem-verein-beitreten\/\" \/>\n<meta property=\"og:site_name\" content=\"V\u00e9zelay Compostelle\" \/>\n<meta property=\"article:modified_time\" content=\"2023-11-29T09:37:41+00:00\" \/>\n<meta name=\"twitter:card\" content=\"summary_large_image\" \/>\n<meta name=\"twitter:label1\" content=\"Gesch\u00e4tzte Lesezeit\" \/>\n\t<meta name=\"twitter:data1\" content=\"1\u00a0Minute\" \/>\n<script type=\"application\/ld+json\" class=\"yoast-schema-graph\">{\"@context\":\"https:\\\/\\\/schema.org\",\"@graph\":[{\"@type\":\"WebPage\",\"@id\":\"https:\\\/\\\/vezelay-compostelle.eu\\\/de\\\/dem-verein-beitreten\\\/\",\"url\":\"https:\\\/\\\/vezelay-compostelle.eu\\\/de\\\/dem-verein-beitreten\\\/\",\"name\":\"Dem Verein beitreten - V\u00e9zelay Compostelle\",\"isPartOf\":{\"@id\":\"https:\\\/\\\/vezelay-compostelle.eu\\\/de\\\/#website\"},\"datePublished\":\"2022-03-10T09:43:39+00:00\",\"dateModified\":\"2023-11-29T09:37:41+00:00\",\"breadcrumb\":{\"@id\":\"https:\\\/\\\/vezelay-compostelle.eu\\\/de\\\/dem-verein-beitreten\\\/#breadcrumb\"},\"inLanguage\":\"de\",\"potentialAction\":[{\"@type\":\"ReadAction\",\"target\":[\"https:\\\/\\\/vezelay-compostelle.eu\\\/de\\\/dem-verein-beitreten\\\/\"]}]},{\"@type\":\"BreadcrumbList\",\"@id\":\"https:\\\/\\\/vezelay-compostelle.eu\\\/de\\\/dem-verein-beitreten\\\/#breadcrumb\",\"itemListElement\":[{\"@type\":\"ListItem\",\"position\":1,\"name\":\"Accueil\",\"item\":\"https:\\\/\\\/vezelay-compostelle.eu\\\/de\\\/startseite\\\/\"},{\"@type\":\"ListItem\",\"position\":2,\"name\":\"Dem Verein beitreten\"}]},{\"@type\":\"WebSite\",\"@id\":\"https:\\\/\\\/vezelay-compostelle.eu\\\/de\\\/#website\",\"url\":\"https:\\\/\\\/vezelay-compostelle.eu\\\/de\\\/\",\"name\":\"V\u00e9zelay Compostelle\",\"description\":\"\",\"publisher\":{\"@id\":\"https:\\\/\\\/vezelay-compostelle.eu\\\/de\\\/#organization\"},\"potentialAction\":[{\"@type\":\"SearchAction\",\"target\":{\"@type\":\"EntryPoint\",\"urlTemplate\":\"https:\\\/\\\/vezelay-compostelle.eu\\\/de\\\/?s={search_term_string}\"},\"query-input\":{\"@type\":\"PropertyValueSpecification\",\"valueRequired\":true,\"valueName\":\"search_term_string\"}}],\"inLanguage\":\"de\"},{\"@type\":\"Organization\",\"@id\":\"https:\\\/\\\/vezelay-compostelle.eu\\\/de\\\/#organization\",\"name\":\"V\u00e9zelay Compostelle\",\"url\":\"https:\\\/\\\/vezelay-compostelle.eu\\\/de\\\/\",\"logo\":{\"@type\":\"ImageObject\",\"inLanguage\":\"de\",\"@id\":\"https:\\\/\\\/vezelay-compostelle.eu\\\/de\\\/#\\\/schema\\\/logo\\\/image\\\/\",\"url\":\"https:\\\/\\\/vezelay-compostelle.eu\\\/wp-content\\\/uploads\\\/2023\\\/08\\\/logo-amis_et_pelerins.png\",\"contentUrl\":\"https:\\\/\\\/vezelay-compostelle.eu\\\/wp-content\\\/uploads\\\/2023\\\/08\\\/logo-amis_et_pelerins.png\",\"width\":269,\"height\":308,\"caption\":\"V\u00e9zelay Compostelle\"},\"image\":{\"@id\":\"https:\\\/\\\/vezelay-compostelle.eu\\\/de\\\/#\\\/schema\\\/logo\\\/image\\\/\"}}]}<\/script>\n<!-- \/ Yoast SEO plugin. -->","yoast_head_json":{"title":"Dem Verein beitreten - V\u00e9zelay Compostelle","robots":{"index":"index","follow":"follow","max-snippet":"max-snippet:-1","max-image-preview":"max-image-preview:large","max-video-preview":"max-video-preview:-1"},"canonical":"https:\/\/vezelay-compostelle.eu\/de\/dem-verein-beitreten\/","og_locale":"de_DE","og_type":"article","og_title":"Dem Verein beitreten - V\u00e9zelay Compostelle","og_description":"Unser Verein besteht nur aus Freiwilligen, die sich daf\u00fcr einsetzen, dass der Pilger vor, w\u00e4hrend und nach seinem Weg alles findet, was er braucht. Alle diese Freiwilligen bilden ein dynamisches Team im Dienste des Pilgers. Sie halten die Permanenz, um den Pilgern bei ihrer Abreise aus V\u00e9zelay Auskunft zu geben. Sie \u00fcberpr\u00fcfen jedes Jahr oder [&hellip;]","og_url":"https:\/\/vezelay-compostelle.eu\/de\/dem-verein-beitreten\/","og_site_name":"V\u00e9zelay Compostelle","article_modified_time":"2023-11-29T09:37:41+00:00","twitter_card":"summary_large_image","twitter_misc":{"Gesch\u00e4tzte Lesezeit":"1\u00a0Minute"},"schema":{"@context":"https:\/\/schema.org","@graph":[{"@type":"WebPage","@id":"https:\/\/vezelay-compostelle.eu\/de\/dem-verein-beitreten\/","url":"https:\/\/vezelay-compostelle.eu\/de\/dem-verein-beitreten\/","name":"Dem Verein beitreten - V\u00e9zelay Compostelle","isPartOf":{"@id":"https:\/\/vezelay-compostelle.eu\/de\/#website"},"datePublished":"2022-03-10T09:43:39+00:00","dateModified":"2023-11-29T09:37:41+00:00","breadcrumb":{"@id":"https:\/\/vezelay-compostelle.eu\/de\/dem-verein-beitreten\/#breadcrumb"},"inLanguage":"de","potentialAction":[{"@type":"ReadAction","target":["https:\/\/vezelay-compostelle.eu\/de\/dem-verein-beitreten\/"]}]},{"@type":"BreadcrumbList","@id":"https:\/\/vezelay-compostelle.eu\/de\/dem-verein-beitreten\/#breadcrumb","itemListElement":[{"@type":"ListItem","position":1,"name":"Accueil","item":"https:\/\/vezelay-compostelle.eu\/de\/startseite\/"},{"@type":"ListItem","position":2,"name":"Dem Verein beitreten"}]},{"@type":"WebSite","@id":"https:\/\/vezelay-compostelle.eu\/de\/#website","url":"https:\/\/vezelay-compostelle.eu\/de\/","name":"V\u00e9zelay Compostelle","description":"","publisher":{"@id":"https:\/\/vezelay-compostelle.eu\/de\/#organization"},"potentialAction":[{"@type":"SearchAction","target":{"@type":"EntryPoint","urlTemplate":"https:\/\/vezelay-compostelle.eu\/de\/?s={search_term_string}"},"query-input":{"@type":"PropertyValueSpecification","valueRequired":true,"valueName":"search_term_string"}}],"inLanguage":"de"},{"@type":"Organization","@id":"https:\/\/vezelay-compostelle.eu\/de\/#organization","name":"V\u00e9zelay Compostelle","url":"https:\/\/vezelay-compostelle.eu\/de\/","logo":{"@type":"ImageObject","inLanguage":"de","@id":"https:\/\/vezelay-compostelle.eu\/de\/#\/schema\/logo\/image\/","url":"https:\/\/vezelay-compostelle.eu\/wp-content\/uploads\/2023\/08\/logo-amis_et_pelerins.png","contentUrl":"https:\/\/vezelay-compostelle.eu\/wp-content\/uploads\/2023\/08\/logo-amis_et_pelerins.png","width":269,"height":308,"caption":"V\u00e9zelay Compostelle"},"image":{"@id":"https:\/\/vezelay-compostelle.eu\/de\/#\/schema\/logo\/image\/"}}]}},"_links":{"self":[{"href":"https:\/\/vezelay-compostelle.eu\/de\/wp-json\/wp\/v2\/pages\/7127","targetHints":{"allow":["GET"]}}],"collection":[{"href":"https:\/\/vezelay-compostelle.eu\/de\/wp-json\/wp\/v2\/pages"}],"about":[{"href":"https:\/\/vezelay-compostelle.eu\/de\/wp-json\/wp\/v2\/types\/page"}],"author":[{"embeddable":true,"href":"https:\/\/vezelay-compostelle.eu\/de\/wp-json\/wp\/v2\/users\/4"}],"replies":[{"embeddable":true,"href":"https:\/\/vezelay-compostelle.eu\/de\/wp-json\/wp\/v2\/comments?post=7127"}],"version-history":[{"count":13,"href":"https:\/\/vezelay-compostelle.eu\/de\/wp-json\/wp\/v2\/pages\/7127\/revisions"}],"predecessor-version":[{"id":12349,"href":"https:\/\/vezelay-compostelle.eu\/de\/wp-json\/wp\/v2\/pages\/7127\/revisions\/12349"}],"wp:attachment":[{"href":"https:\/\/vezelay-compostelle.eu\/de\/wp-json\/wp\/v2\/media?parent=7127"}],"curies":[{"name":"wp","href":"https:\/\/api.w.org\/{rel}","templated":true}]}}