{"id":11994,"date":"2023-10-31T10:02:40","date_gmt":"2023-10-31T09:02:40","guid":{"rendered":"https:\/\/vezelay-compostelle.eu\/statistiken\/"},"modified":"2023-11-22T14:10:39","modified_gmt":"2023-11-22T13:10:39","slug":"statistiken","status":"publish","type":"page","link":"https:\/\/vezelay-compostelle.eu\/de\/statistiken\/","title":{"rendered":"Statistiken"},"content":{"rendered":"\t\t<div data-elementor-type=\"wp-page\" data-elementor-id=\"11994\" class=\"elementor elementor-11994 elementor-10177\" data-elementor-post-type=\"page\">\n\t\t\t\t\t\t<section class=\"elementor-section elementor-top-section elementor-element elementor-element-226cc51 elementor-section-boxed elementor-section-height-default elementor-section-height-default\" data-id=\"226cc51\" data-element_type=\"section\" data-e-type=\"section\">\n\t\t\t\t\t\t<div class=\"elementor-container elementor-column-gap-default\">\n\t\t\t\t\t<div class=\"elementor-column elementor-col-100 elementor-top-column elementor-element elementor-element-59c9aa7\" data-id=\"59c9aa7\" data-element_type=\"column\" data-e-type=\"column\">\n\t\t\t<div class=\"elementor-widget-wrap elementor-element-populated\">\n\t\t\t\t\t\t<div class=\"elementor-element elementor-element-939981d elementor-widget elementor-widget-heading\" data-id=\"939981d\" data-element_type=\"widget\" data-e-type=\"widget\" data-widget_type=\"heading.default\">\n\t\t\t\t<div class=\"elementor-widget-container\">\n\t\t\t\t\t<h2 class=\"elementor-heading-title elementor-size-default\">Anwesenheitsstatistik:<\/h2>\t\t\t\t<\/div>\n\t\t\t\t<\/div>\n\t\t\t\t<div class=\"elementor-element elementor-element-3e5b37e elementor-widget elementor-widget-text-editor\" data-id=\"3e5b37e\" data-element_type=\"widget\" data-e-type=\"widget\" data-widget_type=\"text-editor.default\">\n\t\t\t\t<div class=\"elementor-widget-container\">\n\t\t\t\t\t\t\t\t\t<ul>\n<li><a href=\"https:\/\/vezelay-compostelle.eu\/wp-content\/uploads\/2023\/11\/Recapitulatif-de-Visites-a-Vezelay-2023-1.pdf\" target=\"_blank\" rel=\"noopener\">Die Best\u00e4ndigkeit in V\u00e9zelay<\/a><\/li>\n<li><a href=\"https:\/\/vezelay-compostelle.eu\/wp-content\/uploads\/2023\/11\/synthese-2023-1.pdf\" target=\"_blank\" rel=\"noopener\">Die 5 Schutzh\u00fctten<\/a><\/li>\n<li><a href=\"https:\/\/vezelay-compostelle.eu\/wp-content\/uploads\/2023\/11\/Synthese-Ainay-2023.pdf\" target=\"_blank\" rel=\"noopener\">Ainay-le-Ch\u00e2teau<\/a><\/li>\n<li><a href=\"https:\/\/vezelay-compostelle.eu\/wp-content\/uploads\/2023\/11\/synthese-Bouzais-2023-1.pdf\" target=\"_blank\" rel=\"noopener\">Bouzais <\/a><\/li>\n<li><a href=\"https:\/\/vezelay-compostelle.eu\/wp-content\/uploads\/2023\/11\/synthese-Sorges-2023.pdf\" target=\"_blank\" rel=\"noopener\">Sorges <\/a><\/li>\n<li><a href=\"https:\/\/vezelay-compostelle.eu\/wp-content\/uploads\/2023\/11\/synthese-St-Ferme-2023.pdf\" target=\"_blank\" rel=\"noopener\">Saint-Ferme<\/a> <\/li>\n<li><a href=\"https:\/\/vezelay-compostelle.eu\/wp-content\/uploads\/2023\/11\/synthese-Velles-2023.pdf\" target=\"_blank\" rel=\"noopener\">Velles<\/a> <\/li>\n<\/ul>\n\t\t\t\t\t\t\t\t<\/div>\n\t\t\t\t<\/div>\n\t\t\t\t\t<\/div>\n\t\t<\/div>\n\t\t\t\t\t<\/div>\n\t\t<\/section>\n\t\t\t\t<\/div>\n\t\t","protected":false},"excerpt":{"rendered":"<p>Anwesenheitsstatistik: Die Best\u00e4ndigkeit in V\u00e9zelay Die 5 Schutzh\u00fctten Ainay-le-Ch\u00e2teau Bouzais Sorges Saint-Ferme Velles<\/p>\n","protected":false},"author":4,"featured_media":0,"parent":0,"menu_order":0,"comment_status":"closed","ping_status":"closed","template":"elementor_header_footer","meta":{"_acf_changed":false,"footnotes":""},"class_list":["post-11994","page","type-page","status-publish","hentry"],"acf":[],"yoast_head":"<!-- This site is optimized with the Yoast SEO plugin v27.3 - https:\/\/yoast.com\/product\/yoast-seo-wordpress\/ -->\n<title>Statistiken - V\u00e9zelay Compostelle<\/title>\n<meta name=\"robots\" content=\"index, follow, max-snippet:-1, max-image-preview:large, max-video-preview:-1\" \/>\n<link rel=\"canonical\" href=\"https:\/\/vezelay-compostelle.eu\/de\/statistiken\/\" \/>\n<meta property=\"og:locale\" content=\"de_DE\" \/>\n<meta property=\"og:type\" content=\"article\" \/>\n<meta property=\"og:title\" content=\"Statistiken - V\u00e9zelay Compostelle\" \/>\n<meta property=\"og:description\" content=\"Anwesenheitsstatistik: Die Best\u00e4ndigkeit in V\u00e9zelay Die 5 Schutzh\u00fctten Ainay-le-Ch\u00e2teau Bouzais Sorges Saint-Ferme Velles\" \/>\n<meta property=\"og:url\" content=\"https:\/\/vezelay-compostelle.eu\/de\/statistiken\/\" \/>\n<meta property=\"og:site_name\" content=\"V\u00e9zelay Compostelle\" \/>\n<meta property=\"article:modified_time\" content=\"2023-11-22T13:10:39+00:00\" \/>\n<meta name=\"twitter:card\" content=\"summary_large_image\" \/>\n<script type=\"application\/ld+json\" class=\"yoast-schema-graph\">{\"@context\":\"https:\\\/\\\/schema.org\",\"@graph\":[{\"@type\":\"WebPage\",\"@id\":\"https:\\\/\\\/vezelay-compostelle.eu\\\/de\\\/statistiken\\\/\",\"url\":\"https:\\\/\\\/vezelay-compostelle.eu\\\/de\\\/statistiken\\\/\",\"name\":\"Statistiken - V\u00e9zelay Compostelle\",\"isPartOf\":{\"@id\":\"https:\\\/\\\/vezelay-compostelle.eu\\\/de\\\/#website\"},\"datePublished\":\"2023-10-31T09:02:40+00:00\",\"dateModified\":\"2023-11-22T13:10:39+00:00\",\"breadcrumb\":{\"@id\":\"https:\\\/\\\/vezelay-compostelle.eu\\\/de\\\/statistiken\\\/#breadcrumb\"},\"inLanguage\":\"de\",\"potentialAction\":[{\"@type\":\"ReadAction\",\"target\":[\"https:\\\/\\\/vezelay-compostelle.eu\\\/de\\\/statistiken\\\/\"]}]},{\"@type\":\"BreadcrumbList\",\"@id\":\"https:\\\/\\\/vezelay-compostelle.eu\\\/de\\\/statistiken\\\/#breadcrumb\",\"itemListElement\":[{\"@type\":\"ListItem\",\"position\":1,\"name\":\"Accueil\",\"item\":\"https:\\\/\\\/vezelay-compostelle.eu\\\/de\\\/startseite\\\/\"},{\"@type\":\"ListItem\",\"position\":2,\"name\":\"Statistiken\"}]},{\"@type\":\"WebSite\",\"@id\":\"https:\\\/\\\/vezelay-compostelle.eu\\\/de\\\/#website\",\"url\":\"https:\\\/\\\/vezelay-compostelle.eu\\\/de\\\/\",\"name\":\"V\u00e9zelay Compostelle\",\"description\":\"\",\"publisher\":{\"@id\":\"https:\\\/\\\/vezelay-compostelle.eu\\\/de\\\/#organization\"},\"potentialAction\":[{\"@type\":\"SearchAction\",\"target\":{\"@type\":\"EntryPoint\",\"urlTemplate\":\"https:\\\/\\\/vezelay-compostelle.eu\\\/de\\\/?s={search_term_string}\"},\"query-input\":{\"@type\":\"PropertyValueSpecification\",\"valueRequired\":true,\"valueName\":\"search_term_string\"}}],\"inLanguage\":\"de\"},{\"@type\":\"Organization\",\"@id\":\"https:\\\/\\\/vezelay-compostelle.eu\\\/de\\\/#organization\",\"name\":\"V\u00e9zelay Compostelle\",\"url\":\"https:\\\/\\\/vezelay-compostelle.eu\\\/de\\\/\",\"logo\":{\"@type\":\"ImageObject\",\"inLanguage\":\"de\",\"@id\":\"https:\\\/\\\/vezelay-compostelle.eu\\\/de\\\/#\\\/schema\\\/logo\\\/image\\\/\",\"url\":\"https:\\\/\\\/vezelay-compostelle.eu\\\/wp-content\\\/uploads\\\/2023\\\/08\\\/logo-amis_et_pelerins.png\",\"contentUrl\":\"https:\\\/\\\/vezelay-compostelle.eu\\\/wp-content\\\/uploads\\\/2023\\\/08\\\/logo-amis_et_pelerins.png\",\"width\":269,\"height\":308,\"caption\":\"V\u00e9zelay Compostelle\"},\"image\":{\"@id\":\"https:\\\/\\\/vezelay-compostelle.eu\\\/de\\\/#\\\/schema\\\/logo\\\/image\\\/\"}}]}<\/script>\n<!-- \/ Yoast SEO plugin. -->","yoast_head_json":{"title":"Statistiken - V\u00e9zelay Compostelle","robots":{"index":"index","follow":"follow","max-snippet":"max-snippet:-1","max-image-preview":"max-image-preview:large","max-video-preview":"max-video-preview:-1"},"canonical":"https:\/\/vezelay-compostelle.eu\/de\/statistiken\/","og_locale":"de_DE","og_type":"article","og_title":"Statistiken - V\u00e9zelay Compostelle","og_description":"Anwesenheitsstatistik: Die Best\u00e4ndigkeit in V\u00e9zelay Die 5 Schutzh\u00fctten Ainay-le-Ch\u00e2teau Bouzais Sorges Saint-Ferme Velles","og_url":"https:\/\/vezelay-compostelle.eu\/de\/statistiken\/","og_site_name":"V\u00e9zelay Compostelle","article_modified_time":"2023-11-22T13:10:39+00:00","twitter_card":"summary_large_image","schema":{"@context":"https:\/\/schema.org","@graph":[{"@type":"WebPage","@id":"https:\/\/vezelay-compostelle.eu\/de\/statistiken\/","url":"https:\/\/vezelay-compostelle.eu\/de\/statistiken\/","name":"Statistiken - V\u00e9zelay Compostelle","isPartOf":{"@id":"https:\/\/vezelay-compostelle.eu\/de\/#website"},"datePublished":"2023-10-31T09:02:40+00:00","dateModified":"2023-11-22T13:10:39+00:00","breadcrumb":{"@id":"https:\/\/vezelay-compostelle.eu\/de\/statistiken\/#breadcrumb"},"inLanguage":"de","potentialAction":[{"@type":"ReadAction","target":["https:\/\/vezelay-compostelle.eu\/de\/statistiken\/"]}]},{"@type":"BreadcrumbList","@id":"https:\/\/vezelay-compostelle.eu\/de\/statistiken\/#breadcrumb","itemListElement":[{"@type":"ListItem","position":1,"name":"Accueil","item":"https:\/\/vezelay-compostelle.eu\/de\/startseite\/"},{"@type":"ListItem","position":2,"name":"Statistiken"}]},{"@type":"WebSite","@id":"https:\/\/vezelay-compostelle.eu\/de\/#website","url":"https:\/\/vezelay-compostelle.eu\/de\/","name":"V\u00e9zelay Compostelle","description":"","publisher":{"@id":"https:\/\/vezelay-compostelle.eu\/de\/#organization"},"potentialAction":[{"@type":"SearchAction","target":{"@type":"EntryPoint","urlTemplate":"https:\/\/vezelay-compostelle.eu\/de\/?s={search_term_string}"},"query-input":{"@type":"PropertyValueSpecification","valueRequired":true,"valueName":"search_term_string"}}],"inLanguage":"de"},{"@type":"Organization","@id":"https:\/\/vezelay-compostelle.eu\/de\/#organization","name":"V\u00e9zelay Compostelle","url":"https:\/\/vezelay-compostelle.eu\/de\/","logo":{"@type":"ImageObject","inLanguage":"de","@id":"https:\/\/vezelay-compostelle.eu\/de\/#\/schema\/logo\/image\/","url":"https:\/\/vezelay-compostelle.eu\/wp-content\/uploads\/2023\/08\/logo-amis_et_pelerins.png","contentUrl":"https:\/\/vezelay-compostelle.eu\/wp-content\/uploads\/2023\/08\/logo-amis_et_pelerins.png","width":269,"height":308,"caption":"V\u00e9zelay Compostelle"},"image":{"@id":"https:\/\/vezelay-compostelle.eu\/de\/#\/schema\/logo\/image\/"}}]}},"_links":{"self":[{"href":"https:\/\/vezelay-compostelle.eu\/de\/wp-json\/wp\/v2\/pages\/11994","targetHints":{"allow":["GET"]}}],"collection":[{"href":"https:\/\/vezelay-compostelle.eu\/de\/wp-json\/wp\/v2\/pages"}],"about":[{"href":"https:\/\/vezelay-compostelle.eu\/de\/wp-json\/wp\/v2\/types\/page"}],"author":[{"embeddable":true,"href":"https:\/\/vezelay-compostelle.eu\/de\/wp-json\/wp\/v2\/users\/4"}],"replies":[{"embeddable":true,"href":"https:\/\/vezelay-compostelle.eu\/de\/wp-json\/wp\/v2\/comments?post=11994"}],"version-history":[{"count":1,"href":"https:\/\/vezelay-compostelle.eu\/de\/wp-json\/wp\/v2\/pages\/11994\/revisions"}],"predecessor-version":[{"id":11995,"href":"https:\/\/vezelay-compostelle.eu\/de\/wp-json\/wp\/v2\/pages\/11994\/revisions\/11995"}],"wp:attachment":[{"href":"https:\/\/vezelay-compostelle.eu\/de\/wp-json\/wp\/v2\/media?parent=11994"}],"curies":[{"name":"wp","href":"https:\/\/api.w.org\/{rel}","templated":true}]}}